{"id":22558,"date":"2024-11-08T14:00:49","date_gmt":"2024-11-08T13:00:49","guid":{"rendered":"https:\/\/vitalstoffversand.com\/produkt\/vit4ever-omega-3-420-gelules\/"},"modified":"2026-03-12T17:01:04","modified_gmt":"2026-03-12T16:01:04","slug":"vit4ever-omega-3-420-gelules","status":"publish","type":"product","link":"https:\/\/vitalstoffversand.com\/fr\/produit\/vit4ever-omega-3-420-gelules\/","title":{"rendered":"Vit4ever <br>Om\u00e9ga 3 &#8211; 420 g\u00e9lules"},"content":{"rendered":"<p>Les acides gras polyinsatur\u00e9s sont essentiels pour notre corps.<\/p>\n<p>Comme nous ne pouvons pas produire nous-m\u00eames d&#8217;om\u00e9ga 3, qui nous fournit de l&#8217;EPA (acide eicosapenta\u00e9no\u00efque) et du DHA (acide docosaha\u00e9no\u00efque), nous devons les prendre via l&#8217;alimentation maritime ou sous forme de suppl\u00e9ment efficace, par exemple sous forme de capsules d&#8217;huile de poisson.<\/p>\n<p>Liens suppl\u00e9mentaires vers <a href=\"https:\/\/vitalstoffversand.com\/knowledge-base\/docosahexaensaeure-dha\/\" target=\"_blank\" rel=\"noopener\"><strong><span style=\"color: #0000ff;\">\u2192 DHA<\/span><\/strong><\/a>, <a href=\"https:\/\/vitalstoffversand.com\/knowledge-base\/docosahexaensaeure-und-eicosapentaensaeure-dha-epa\/\" target=\"_blank\" rel=\"noopener\"><strong><span style=\"color: #0000ff;\">\u2192 DHA et EPA<\/span><\/strong><\/a> ainsi que <a href=\"https:\/\/vitalstoffversand.com\/knowledge-base\/eicosapentaensaeure-und-docosahexaensaeure-epa-dha\/\" target=\"_blank\" rel=\"noopener\"><span style=\"color: #0000ff;\"><strong>\u2192 EPA et DHA<\/strong><\/span><\/a><\/p>\n<ul>\n<li>Sans gluten<\/li>\n<li>Sans lactose<\/li>\n<li>Sans OGM<\/li>\n<li>Fabriqu\u00e9 selon les normes de qualit\u00e9 strictes de l&#8217;UE<\/li>\n<\/ul>\n","protected":false},"excerpt":{"rendered":"<p>Les acides gras polyinsatur\u00e9s sont essentiels pour notre corps. Comme nous ne pouvons pas produire nous-m\u00eames d&#8217;om\u00e9ga 3, qui nous fournit de l&#8217;EPA (acide eicosapenta\u00e9no\u00efque) et du DHA (acide docosaha\u00e9no\u00efque), nous devons les prendre via l&#8217;alimentation maritime ou sous forme de suppl\u00e9ment efficace, par exemple sous forme de capsules d&#8217;huile de poisson. Liens suppl\u00e9mentaires vers [&hellip;]<\/p>\n","protected":false},"featured_media":50052,"template":"","meta":{"_acf_changed":false},"product_brand":[10217],"product_cat":[337,365],"product_tag":[],"class_list":{"0":"post-22558","1":"product","2":"type-product","3":"status-publish","4":"has-post-thumbnail","6":"product_brand-vit4ever-fr","7":"product_cat-acides-gras","8":"product_cat-produits-de-a-a-z","10":"first","11":"instock","12":"taxable","13":"shipping-taxable","14":"purchasable","15":"product-type-simple"},"acf":[],"_links":{"self":[{"href":"https:\/\/vitalstoffversand.com\/fr\/wp-json\/wp\/v2\/product\/22558","targetHints":{"allow":["GET"]}}],"collection":[{"href":"https:\/\/vitalstoffversand.com\/fr\/wp-json\/wp\/v2\/product"}],"about":[{"href":"https:\/\/vitalstoffversand.com\/fr\/wp-json\/wp\/v2\/types\/product"}],"wp:featuredmedia":[{"embeddable":true,"href":"https:\/\/vitalstoffversand.com\/fr\/wp-json\/wp\/v2\/media\/50052"}],"wp:attachment":[{"href":"https:\/\/vitalstoffversand.com\/fr\/wp-json\/wp\/v2\/media?parent=22558"}],"wp:term":[{"taxonomy":"product_brand","embeddable":true,"href":"https:\/\/vitalstoffversand.com\/fr\/wp-json\/wp\/v2\/product_brand?post=22558"},{"taxonomy":"product_cat","embeddable":true,"href":"https:\/\/vitalstoffversand.com\/fr\/wp-json\/wp\/v2\/product_cat?post=22558"},{"taxonomy":"product_tag","embeddable":true,"href":"https:\/\/vitalstoffversand.com\/fr\/wp-json\/wp\/v2\/product_tag?post=22558"}],"curies":[{"name":"wp","href":"https:\/\/api.w.org\/{rel}","templated":true}]}}