{"id":22523,"date":"2024-11-07T19:52:40","date_gmt":"2024-11-07T18:52:40","guid":{"rendered":"https:\/\/vitalstoffversand.com\/produkt\/vit4ever-vitamine-d3-10000-u-i-365-comprimes\/"},"modified":"2026-03-12T16:52:22","modified_gmt":"2026-03-12T15:52:22","slug":"vit4ever-vitamine-d3-10000-u-i-365-comprimes","status":"publish","type":"product","link":"https:\/\/vitalstoffversand.com\/fr\/produit\/vit4ever-vitamine-d3-10000-u-i-365-comprimes\/","title":{"rendered":"Vit4ever <br>Vitamine D3 10000 U.I. &#8211; 365 comprim\u00e9s"},"content":{"rendered":"<p>\u00c9tant donn\u00e9 que <a href=\"https:\/\/vitalstoffversand.com\/knowledge-base\/vitamin-d\/\" target=\"_blank\" rel=\"noopener\"><strong><span style=\"color: #0000ff;\">\u2192 la vitamine D<\/span><\/strong><\/a> peut \u00eatre stock\u00e9e par le corps, une capsule fournit \u00e0 notre organisme cette vitamine essentielle pendant 10 jours.<\/p>\n<p>Il convient de veiller \u00e0 un apport suffisant en vitamine D, en particulier pendant la p\u00e9riode sombre de l&#8217;ann\u00e9e.<\/p>\n<ul>\n<li>Vegetarisch<\/li>\n<li>Sans gluten<\/li>\n<li>Sans lactose<\/li>\n<li>Sans OGM<\/li>\n<li>Fabriqu\u00e9 selon les normes de qualit\u00e9 strictes de l&#8217;UE<\/li>\n<\/ul>\n","protected":false},"excerpt":{"rendered":"<p>\u00c9tant donn\u00e9 que \u2192 la vitamine D peut \u00eatre stock\u00e9e par le corps, une capsule fournit \u00e0 notre organisme cette vitamine essentielle pendant 10 jours. Il convient de veiller \u00e0 un apport suffisant en vitamine D, en particulier pendant la p\u00e9riode sombre de l&#8217;ann\u00e9e. Vegetarisch Sans gluten Sans lactose Sans OGM Fabriqu\u00e9 selon les normes [&hellip;]<\/p>\n","protected":false},"featured_media":61408,"template":"","meta":{"_acf_changed":false},"product_brand":[10217],"product_cat":[308,365],"product_tag":[],"class_list":{"0":"post-22523","1":"product","2":"type-product","3":"status-publish","4":"has-post-thumbnail","6":"product_brand-vit4ever-fr","7":"product_cat-vitamines","8":"product_cat-produits-de-a-a-z","10":"first","11":"instock","12":"taxable","13":"shipping-taxable","14":"purchasable","15":"product-type-simple"},"acf":[],"_links":{"self":[{"href":"https:\/\/vitalstoffversand.com\/fr\/wp-json\/wp\/v2\/product\/22523","targetHints":{"allow":["GET"]}}],"collection":[{"href":"https:\/\/vitalstoffversand.com\/fr\/wp-json\/wp\/v2\/product"}],"about":[{"href":"https:\/\/vitalstoffversand.com\/fr\/wp-json\/wp\/v2\/types\/product"}],"wp:featuredmedia":[{"embeddable":true,"href":"https:\/\/vitalstoffversand.com\/fr\/wp-json\/wp\/v2\/media\/61408"}],"wp:attachment":[{"href":"https:\/\/vitalstoffversand.com\/fr\/wp-json\/wp\/v2\/media?parent=22523"}],"wp:term":[{"taxonomy":"product_brand","embeddable":true,"href":"https:\/\/vitalstoffversand.com\/fr\/wp-json\/wp\/v2\/product_brand?post=22523"},{"taxonomy":"product_cat","embeddable":true,"href":"https:\/\/vitalstoffversand.com\/fr\/wp-json\/wp\/v2\/product_cat?post=22523"},{"taxonomy":"product_tag","embeddable":true,"href":"https:\/\/vitalstoffversand.com\/fr\/wp-json\/wp\/v2\/product_tag?post=22523"}],"curies":[{"name":"wp","href":"https:\/\/api.w.org\/{rel}","templated":true}]}}