{"id":22515,"date":"2024-11-07T15:46:23","date_gmt":"2024-11-07T14:46:23","guid":{"rendered":"https:\/\/vitalstoffversand.com\/produkt\/vit4ever-complexe-de-zinc-400-comprimes\/"},"modified":"2026-03-12T16:47:31","modified_gmt":"2026-03-12T15:47:31","slug":"vit4ever-complexe-de-zinc-400-comprimes","status":"publish","type":"product","link":"https:\/\/vitalstoffversand.com\/fr\/produit\/vit4ever-complexe-de-zinc-400-comprimes\/","title":{"rendered":"Vit4ever <br>Complexe de zinc 25 mg &#8211; 400 comprim\u00e9s"},"content":{"rendered":"<p><a href=\"https:\/\/vitalstoffversand.com\/knowledge-base\/zink\/\" target=\"_blank\" rel=\"noopener\"><span style=\"color: #0000ff;\"><strong>\u2192 Le zinc<\/strong><\/span><\/a> est un oligo-\u00e9l\u00e9ment essentiel \u00e0 la survie de notre organisme.<\/p>\n<p>Il participe \u00e0 de nombreuses r\u00e9actions m\u00e9taboliques et est un \u00e9l\u00e9ment constitutif de plus de 50 enzymes de notre corps.<\/p>\n<p>Le zinc renforce le syst\u00e8me immunitaire, soutient la synth\u00e8se des prot\u00e9ines et peut stimuler la production de spermatozo\u00efdes chez l&#8217;homme.<\/p>\n<p>La L-histidine, \u00e9galement pr\u00e9sente, est un acide amin\u00e9 semi-essentiel qui participe \u00e9galement \u00e0 de nombreuses r\u00e9actions m\u00e9taboliques et \u00e0 la formation de prot\u00e9ines.<\/p>\n<ul>\n<li>V\u00e9gan<\/li>\n<li>Sans gluten<\/li>\n<li>Sans lactose<\/li>\n<li>Sans OGM<\/li>\n<li>Fabriqu\u00e9 selon les normes de qualit\u00e9 strictes de l&#8217;UE<\/li>\n<\/ul>\n","protected":false},"excerpt":{"rendered":"<p>\u2192 Le zinc est un oligo-\u00e9l\u00e9ment essentiel \u00e0 la survie de notre organisme. Il participe \u00e0 de nombreuses r\u00e9actions m\u00e9taboliques et est un \u00e9l\u00e9ment constitutif de plus de 50 enzymes de notre corps. Le zinc renforce le syst\u00e8me immunitaire, soutient la synth\u00e8se des prot\u00e9ines et peut stimuler la production de spermatozo\u00efdes chez l&#8217;homme. La L-histidine, [&hellip;]<\/p>\n","protected":false},"featured_media":49876,"template":"","meta":{"_acf_changed":false},"product_brand":[10217],"product_cat":[340,365],"product_tag":[],"class_list":{"0":"post-22515","1":"product","2":"type-product","3":"status-publish","4":"has-post-thumbnail","6":"product_brand-vit4ever-fr","7":"product_cat-mineraux-oligo-elements","8":"product_cat-produits-de-a-a-z","10":"first","11":"instock","12":"taxable","13":"shipping-taxable","14":"purchasable","15":"product-type-simple"},"acf":[],"_links":{"self":[{"href":"https:\/\/vitalstoffversand.com\/fr\/wp-json\/wp\/v2\/product\/22515","targetHints":{"allow":["GET"]}}],"collection":[{"href":"https:\/\/vitalstoffversand.com\/fr\/wp-json\/wp\/v2\/product"}],"about":[{"href":"https:\/\/vitalstoffversand.com\/fr\/wp-json\/wp\/v2\/types\/product"}],"wp:featuredmedia":[{"embeddable":true,"href":"https:\/\/vitalstoffversand.com\/fr\/wp-json\/wp\/v2\/media\/49876"}],"wp:attachment":[{"href":"https:\/\/vitalstoffversand.com\/fr\/wp-json\/wp\/v2\/media?parent=22515"}],"wp:term":[{"taxonomy":"product_brand","embeddable":true,"href":"https:\/\/vitalstoffversand.com\/fr\/wp-json\/wp\/v2\/product_brand?post=22515"},{"taxonomy":"product_cat","embeddable":true,"href":"https:\/\/vitalstoffversand.com\/fr\/wp-json\/wp\/v2\/product_cat?post=22515"},{"taxonomy":"product_tag","embeddable":true,"href":"https:\/\/vitalstoffversand.com\/fr\/wp-json\/wp\/v2\/product_tag?post=22515"}],"curies":[{"name":"wp","href":"https:\/\/api.w.org\/{rel}","templated":true}]}}