{"id":22508,"date":"2024-11-07T11:45:07","date_gmt":"2024-11-07T10:45:07","guid":{"rendered":"https:\/\/vitalstoffversand.com\/produkt\/vit4ever-extrait-de-feuille-dolivier-180-gelules\/"},"modified":"2026-03-12T16:41:38","modified_gmt":"2026-03-12T15:41:38","slug":"vit4ever-extrait-de-feuille-dolivier-180-gelules","status":"publish","type":"product","link":"https:\/\/vitalstoffversand.com\/fr\/produit\/vit4ever-extrait-de-feuille-dolivier-180-gelules\/","title":{"rendered":"Vit4ever <br>Extrait de feuille d&#8217;olivier &#8211; 180 g\u00e9lules"},"content":{"rendered":"<p>Alors que les fruits de l&#8217;olivier sont probablement connus de presque tout le monde, le pouvoir des feuilles est encore largement m\u00e9connu.<\/p>\n<p>Les feuilles de l&#8217;olivier contiennent de l&#8217;oleurop\u00e9ine, un antioxydant.<br \/>\nLes antioxydants aident \u00e0 prot\u00e9ger notre corps ou nos cellules contre les radicaux libres oxydants.<\/p>\n<ul>\n<li>V\u00e9gan<\/li>\n<li>Sans gluten<\/li>\n<li>Sans lactose<\/li>\n<li>Sans OGM<\/li>\n<li>Fabriqu\u00e9 selon les normes de qualit\u00e9 strictes de l&#8217;UE<\/li>\n<\/ul>\n","protected":false},"excerpt":{"rendered":"<p>Alors que les fruits de l&#8217;olivier sont probablement connus de presque tout le monde, le pouvoir des feuilles est encore largement m\u00e9connu. Les feuilles de l&#8217;olivier contiennent de l&#8217;oleurop\u00e9ine, un antioxydant. Les antioxydants aident \u00e0 prot\u00e9ger notre corps ou nos cellules contre les radicaux libres oxydants. V\u00e9gan Sans gluten Sans lactose Sans OGM Fabriqu\u00e9 selon [&hellip;]<\/p>\n","protected":false},"featured_media":61095,"template":"","meta":{"_acf_changed":false},"product_brand":[10217],"product_cat":[348,365],"product_tag":[],"class_list":{"0":"post-22508","1":"product","2":"type-product","3":"status-publish","4":"has-post-thumbnail","6":"product_brand-vit4ever-fr","7":"product_cat-nutriments","8":"product_cat-produits-de-a-a-z","10":"first","11":"instock","12":"taxable","13":"shipping-taxable","14":"purchasable","15":"product-type-simple"},"acf":[],"_links":{"self":[{"href":"https:\/\/vitalstoffversand.com\/fr\/wp-json\/wp\/v2\/product\/22508","targetHints":{"allow":["GET"]}}],"collection":[{"href":"https:\/\/vitalstoffversand.com\/fr\/wp-json\/wp\/v2\/product"}],"about":[{"href":"https:\/\/vitalstoffversand.com\/fr\/wp-json\/wp\/v2\/types\/product"}],"wp:featuredmedia":[{"embeddable":true,"href":"https:\/\/vitalstoffversand.com\/fr\/wp-json\/wp\/v2\/media\/61095"}],"wp:attachment":[{"href":"https:\/\/vitalstoffversand.com\/fr\/wp-json\/wp\/v2\/media?parent=22508"}],"wp:term":[{"taxonomy":"product_brand","embeddable":true,"href":"https:\/\/vitalstoffversand.com\/fr\/wp-json\/wp\/v2\/product_brand?post=22508"},{"taxonomy":"product_cat","embeddable":true,"href":"https:\/\/vitalstoffversand.com\/fr\/wp-json\/wp\/v2\/product_cat?post=22508"},{"taxonomy":"product_tag","embeddable":true,"href":"https:\/\/vitalstoffversand.com\/fr\/wp-json\/wp\/v2\/product_tag?post=22508"}],"curies":[{"name":"wp","href":"https:\/\/api.w.org\/{rel}","templated":true}]}}