{"id":22501,"date":"2024-11-05T17:22:59","date_gmt":"2024-11-05T16:22:59","guid":{"rendered":"https:\/\/vitalstoffversand.com\/produkt\/vit4ever-vitamine-d3-20000-u-i-240-comprimes\/"},"modified":"2026-03-12T16:38:48","modified_gmt":"2026-03-12T15:38:48","slug":"vit4ever-vitamine-d3-20000-u-i-240-comprimes","status":"publish","type":"product","link":"https:\/\/vitalstoffversand.com\/fr\/produit\/vit4ever-vitamine-d3-20000-u-i-240-comprimes\/","title":{"rendered":"Vit4ever <br>Vitamine D3 20000 U.I. &#8211; 240 comprim\u00e9s"},"content":{"rendered":"<p><a href=\"https:\/\/vitalstoffversand.com\/knowledge-base\/vitamin-d\/\" target=\"_blank\" rel=\"noopener\"><span style=\"color: #0000ff;\"><strong>\u2192 La vitamine D<\/strong><\/span><\/a> participe \u00e0 de nombreux processus m\u00e9taboliques importants dans notre corps et, en plus d&#8217;une petite quantit\u00e9 que nous absorbons par le biais de l&#8217;alimentation, elle est produite par notre corps lui-m\u00eame via l&#8217;exposition directe de la peau au soleil.<\/p>\n<p>Une carence en vitamine D peut donc se produire pendant les saisons les plus \u00ab sombres \u00bb.<\/p>\n<ul>\n<li>Vegetarisch<\/li>\n<li>Sans gluten<\/li>\n<li>Sans lactose<\/li>\n<li>Sans OGM<\/li>\n<li>Fabriqu\u00e9 selon les normes de qualit\u00e9 strictes de l&#8217;UE<\/li>\n<\/ul>\n","protected":false},"excerpt":{"rendered":"<p>\u2192 La vitamine D participe \u00e0 de nombreux processus m\u00e9taboliques importants dans notre corps et, en plus d&#8217;une petite quantit\u00e9 que nous absorbons par le biais de l&#8217;alimentation, elle est produite par notre corps lui-m\u00eame via l&#8217;exposition directe de la peau au soleil. Une carence en vitamine D peut donc se produire pendant les saisons [&hellip;]<\/p>\n","protected":false},"featured_media":61368,"template":"","meta":{"_acf_changed":false},"product_brand":[10217],"product_cat":[308,365],"product_tag":[],"class_list":{"0":"post-22501","1":"product","2":"type-product","3":"status-publish","4":"has-post-thumbnail","6":"product_brand-vit4ever-fr","7":"product_cat-vitamines","8":"product_cat-produits-de-a-a-z","10":"first","11":"instock","12":"taxable","13":"shipping-taxable","14":"purchasable","15":"product-type-simple"},"acf":[],"_links":{"self":[{"href":"https:\/\/vitalstoffversand.com\/fr\/wp-json\/wp\/v2\/product\/22501","targetHints":{"allow":["GET"]}}],"collection":[{"href":"https:\/\/vitalstoffversand.com\/fr\/wp-json\/wp\/v2\/product"}],"about":[{"href":"https:\/\/vitalstoffversand.com\/fr\/wp-json\/wp\/v2\/types\/product"}],"wp:featuredmedia":[{"embeddable":true,"href":"https:\/\/vitalstoffversand.com\/fr\/wp-json\/wp\/v2\/media\/61368"}],"wp:attachment":[{"href":"https:\/\/vitalstoffversand.com\/fr\/wp-json\/wp\/v2\/media?parent=22501"}],"wp:term":[{"taxonomy":"product_brand","embeddable":true,"href":"https:\/\/vitalstoffversand.com\/fr\/wp-json\/wp\/v2\/product_brand?post=22501"},{"taxonomy":"product_cat","embeddable":true,"href":"https:\/\/vitalstoffversand.com\/fr\/wp-json\/wp\/v2\/product_cat?post=22501"},{"taxonomy":"product_tag","embeddable":true,"href":"https:\/\/vitalstoffversand.com\/fr\/wp-json\/wp\/v2\/product_tag?post=22501"}],"curies":[{"name":"wp","href":"https:\/\/api.w.org\/{rel}","templated":true}]}}