{"id":22469,"date":"2024-11-01T15:33:11","date_gmt":"2024-11-01T14:33:11","guid":{"rendered":"https:\/\/vitalstoffversand.com\/produkt\/vit4ever-extrait-de-ginkgo-biloba-501-365-comprimes\/"},"modified":"2026-03-12T16:25:33","modified_gmt":"2026-03-12T15:25:33","slug":"vit4ever-extrait-de-ginkgo-biloba-501-365-comprimes","status":"publish","type":"product","link":"https:\/\/vitalstoffversand.com\/fr\/produit\/vit4ever-extrait-de-ginkgo-biloba-501-365-comprimes\/","title":{"rendered":"Vit4ever <br>Extrait de Ginkgo Biloba 50:1 &#8211; 365 Comprim\u00e9s"},"content":{"rendered":"<p>Le ginkgo biloba est l&#8217;un des plus anciens arbres encore existants sur notre plan\u00e8te.<\/p>\n<p>Gr\u00e2ce aux glycosides de flavone et aux lactones terp\u00e9niques de ginkgolide qu&#8217;il contient, qui font partie des terp\u00e8nes, ainsi qu&#8217;aux substances v\u00e9g\u00e9tales secondaires, cet arbre ancestral nous fournit de pr\u00e9cieux principes actifs.<\/p>\n<p>La qualit\u00e9 la plus \u00e9lev\u00e9e est une priorit\u00e9 absolue, c&#8217;est pourquoi la teneur en acide gingolique de seulement 1 ppm est nettement inf\u00e9rieure \u00e0 la limite autoris\u00e9e de 5 ppm.<\/p>\n<ul>\n<li>V\u00e9gan<\/li>\n<li>Sans gluten<\/li>\n<li>Sans lactose<\/li>\n<li>Sans OGM<\/li>\n<li>Fabriqu\u00e9 selon les normes de qualit\u00e9 strictes de l&#8217;UE<\/li>\n<\/ul>\n","protected":false},"excerpt":{"rendered":"<p>Le ginkgo biloba est l&#8217;un des plus anciens arbres encore existants sur notre plan\u00e8te. Gr\u00e2ce aux glycosides de flavone et aux lactones terp\u00e9niques de ginkgolide qu&#8217;il contient, qui font partie des terp\u00e8nes, ainsi qu&#8217;aux substances v\u00e9g\u00e9tales secondaires, cet arbre ancestral nous fournit de pr\u00e9cieux principes actifs. La qualit\u00e9 la plus \u00e9lev\u00e9e est une priorit\u00e9 absolue, [&hellip;]<\/p>\n","protected":false},"featured_media":49716,"template":"","meta":{"_acf_changed":false},"product_brand":[10217],"product_cat":[348,365],"product_tag":[],"class_list":{"0":"post-22469","1":"product","2":"type-product","3":"status-publish","4":"has-post-thumbnail","6":"product_brand-vit4ever-fr","7":"product_cat-nutriments","8":"product_cat-produits-de-a-a-z","10":"first","11":"instock","12":"taxable","13":"shipping-taxable","14":"purchasable","15":"product-type-simple"},"acf":[],"_links":{"self":[{"href":"https:\/\/vitalstoffversand.com\/fr\/wp-json\/wp\/v2\/product\/22469","targetHints":{"allow":["GET"]}}],"collection":[{"href":"https:\/\/vitalstoffversand.com\/fr\/wp-json\/wp\/v2\/product"}],"about":[{"href":"https:\/\/vitalstoffversand.com\/fr\/wp-json\/wp\/v2\/types\/product"}],"wp:featuredmedia":[{"embeddable":true,"href":"https:\/\/vitalstoffversand.com\/fr\/wp-json\/wp\/v2\/media\/49716"}],"wp:attachment":[{"href":"https:\/\/vitalstoffversand.com\/fr\/wp-json\/wp\/v2\/media?parent=22469"}],"wp:term":[{"taxonomy":"product_brand","embeddable":true,"href":"https:\/\/vitalstoffversand.com\/fr\/wp-json\/wp\/v2\/product_brand?post=22469"},{"taxonomy":"product_cat","embeddable":true,"href":"https:\/\/vitalstoffversand.com\/fr\/wp-json\/wp\/v2\/product_cat?post=22469"},{"taxonomy":"product_tag","embeddable":true,"href":"https:\/\/vitalstoffversand.com\/fr\/wp-json\/wp\/v2\/product_tag?post=22469"}],"curies":[{"name":"wp","href":"https:\/\/api.w.org\/{rel}","templated":true}]}}