{"id":22455,"date":"2024-11-01T14:24:33","date_gmt":"2024-11-01T13:24:33","guid":{"rendered":"https:\/\/vitalstoffversand.com\/produkt\/vit4ever-extrait-dartichaut-bio-240-gelules\/"},"modified":"2026-03-12T15:34:57","modified_gmt":"2026-03-12T14:34:57","slug":"vit4ever-extrait-dartichaut-bio-240-gelules","status":"publish","type":"product","link":"https:\/\/vitalstoffversand.com\/fr\/produit\/vit4ever-extrait-dartichaut-bio-240-gelules\/","title":{"rendered":"Vit4ever <br>Extrait d&#8217;artichaut bio &#8211; 240 g\u00e9lules"},"content":{"rendered":"<p>L&#8217;extrait d&#8217;artichaut bio contient des acides caf\u00e9oylquiniques comme la cynarine et l&#8217;acide chlorog\u00e9nique, des flavono\u00efdes et des substances am\u00e8res.<\/p>\n<p>Ces substances contenues dans l&#8217;artichaut sont traditionnellement utilis\u00e9es comme compl\u00e9ments alimentaires depuis plus de 2000 ans.<\/p>\n<ul>\n<li>V\u00e9gan<\/li>\n<li>Sans gluten<\/li>\n<li>Sans lactose<\/li>\n<li>Sans OGM<\/li>\n<li>Fabriqu\u00e9 selon les normes de qualit\u00e9 strictes de l&#8217;UE<\/li>\n<\/ul>\n","protected":false},"excerpt":{"rendered":"<p>L&#8217;extrait d&#8217;artichaut bio contient des acides caf\u00e9oylquiniques comme la cynarine et l&#8217;acide chlorog\u00e9nique, des flavono\u00efdes et des substances am\u00e8res. Ces substances contenues dans l&#8217;artichaut sont traditionnellement utilis\u00e9es comme compl\u00e9ments alimentaires depuis plus de 2000 ans. V\u00e9gan Sans gluten Sans lactose Sans OGM Fabriqu\u00e9 selon les normes de qualit\u00e9 strictes de l&#8217;UE<\/p>\n","protected":false},"featured_media":49644,"template":"","meta":{"_acf_changed":false},"product_brand":[10217],"product_cat":[348,306,365],"product_tag":[],"class_list":{"0":"post-22455","1":"product","2":"type-product","3":"status-publish","4":"has-post-thumbnail","6":"product_brand-vit4ever-fr","7":"product_cat-nutriments","8":"product_cat-bio-fr","9":"product_cat-produits-de-a-a-z","11":"first","12":"instock","13":"taxable","14":"shipping-taxable","15":"purchasable","16":"product-type-simple"},"acf":[],"_links":{"self":[{"href":"https:\/\/vitalstoffversand.com\/fr\/wp-json\/wp\/v2\/product\/22455","targetHints":{"allow":["GET"]}}],"collection":[{"href":"https:\/\/vitalstoffversand.com\/fr\/wp-json\/wp\/v2\/product"}],"about":[{"href":"https:\/\/vitalstoffversand.com\/fr\/wp-json\/wp\/v2\/types\/product"}],"wp:featuredmedia":[{"embeddable":true,"href":"https:\/\/vitalstoffversand.com\/fr\/wp-json\/wp\/v2\/media\/49644"}],"wp:attachment":[{"href":"https:\/\/vitalstoffversand.com\/fr\/wp-json\/wp\/v2\/media?parent=22455"}],"wp:term":[{"taxonomy":"product_brand","embeddable":true,"href":"https:\/\/vitalstoffversand.com\/fr\/wp-json\/wp\/v2\/product_brand?post=22455"},{"taxonomy":"product_cat","embeddable":true,"href":"https:\/\/vitalstoffversand.com\/fr\/wp-json\/wp\/v2\/product_cat?post=22455"},{"taxonomy":"product_tag","embeddable":true,"href":"https:\/\/vitalstoffversand.com\/fr\/wp-json\/wp\/v2\/product_tag?post=22455"}],"curies":[{"name":"wp","href":"https:\/\/api.w.org\/{rel}","templated":true}]}}