{"id":22448,"date":"2024-10-30T17:48:27","date_gmt":"2024-10-30T16:48:27","guid":{"rendered":"https:\/\/vitalstoffversand.com\/produkt\/vit4ever-l-tryptophane-365-gelules\/"},"modified":"2026-03-12T15:32:42","modified_gmt":"2026-03-12T14:32:42","slug":"vit4ever-l-tryptophane-365-gelules","status":"publish","type":"product","link":"https:\/\/vitalstoffversand.com\/fr\/produit\/vit4ever-l-tryptophane-365-gelules\/","title":{"rendered":"Vit4ever <br>L-Tryptophane &#8211; 365 g\u00e9lules"},"content":{"rendered":"<p>Le L-tryptophane est un acide amin\u00e9 essentiel qui ne peut pas \u00eatre produit par l&#8217;organisme.<\/p>\n<p>Elle est le pr\u00e9curseur de la s\u00e9rotonine, \u00ab l&#8217;hormone du bonheur \u00bb, et en m\u00eame temps fondamentale pour la production de l&#8217;hormone m\u00e9latonine, qui r\u00e9gule le rythme veille-sommeil du corps.<\/p>\n<ul>\n<li>V\u00e9gan<\/li>\n<li>Sans gluten<\/li>\n<li>Sans lactose<\/li>\n<li>Sans OGM<\/li>\n<li>Fabriqu\u00e9 selon les normes de qualit\u00e9 strictes de l&#8217;UE<\/li>\n<\/ul>\n","protected":false},"excerpt":{"rendered":"<p>Le L-tryptophane est un acide amin\u00e9 essentiel qui ne peut pas \u00eatre produit par l&#8217;organisme. Elle est le pr\u00e9curseur de la s\u00e9rotonine, \u00ab l&#8217;hormone du bonheur \u00bb, et en m\u00eame temps fondamentale pour la production de l&#8217;hormone m\u00e9latonine, qui r\u00e9gule le rythme veille-sommeil du corps. V\u00e9gan Sans gluten Sans lactose Sans OGM Fabriqu\u00e9 selon les [&hellip;]<\/p>\n","protected":false},"featured_media":63227,"template":"","meta":{"_acf_changed":false},"product_brand":[10217],"product_cat":[332,365],"product_tag":[],"class_list":{"0":"post-22448","1":"product","2":"type-product","3":"status-publish","4":"has-post-thumbnail","6":"product_brand-vit4ever-fr","7":"product_cat-acides-amines","8":"product_cat-produits-de-a-a-z","10":"first","11":"instock","12":"taxable","13":"shipping-taxable","14":"purchasable","15":"product-type-simple"},"acf":[],"_links":{"self":[{"href":"https:\/\/vitalstoffversand.com\/fr\/wp-json\/wp\/v2\/product\/22448","targetHints":{"allow":["GET"]}}],"collection":[{"href":"https:\/\/vitalstoffversand.com\/fr\/wp-json\/wp\/v2\/product"}],"about":[{"href":"https:\/\/vitalstoffversand.com\/fr\/wp-json\/wp\/v2\/types\/product"}],"wp:featuredmedia":[{"embeddable":true,"href":"https:\/\/vitalstoffversand.com\/fr\/wp-json\/wp\/v2\/media\/63227"}],"wp:attachment":[{"href":"https:\/\/vitalstoffversand.com\/fr\/wp-json\/wp\/v2\/media?parent=22448"}],"wp:term":[{"taxonomy":"product_brand","embeddable":true,"href":"https:\/\/vitalstoffversand.com\/fr\/wp-json\/wp\/v2\/product_brand?post=22448"},{"taxonomy":"product_cat","embeddable":true,"href":"https:\/\/vitalstoffversand.com\/fr\/wp-json\/wp\/v2\/product_cat?post=22448"},{"taxonomy":"product_tag","embeddable":true,"href":"https:\/\/vitalstoffversand.com\/fr\/wp-json\/wp\/v2\/product_tag?post=22448"}],"curies":[{"name":"wp","href":"https:\/\/api.w.org\/{rel}","templated":true}]}}