{"id":22423,"date":"2024-11-11T14:49:18","date_gmt":"2024-11-11T13:49:18","guid":{"rendered":"https:\/\/vitalstoffversand.com\/produkt\/power-tower-xl-3x250-ml\/"},"modified":"2026-03-12T14:10:21","modified_gmt":"2026-03-12T13:10:21","slug":"power-tower-xl-3x250-ml","status":"publish","type":"product","link":"https:\/\/vitalstoffversand.com\/fr\/produit\/power-tower-xl-3x250-ml\/","title":{"rendered":"Power Tower XL 3&#215;250 ml"},"content":{"rendered":"<p>Power Tower pour poudres, comprim\u00e9s, g\u00e9lules et autres.<\/p>\n<p>3 sections ind\u00e9pendantes d&#8217;une capacit\u00e9 de 250 ml chacune.<\/p>\n<p>Livr\u00e9 sans contenu.<\/p>\n","protected":false},"excerpt":{"rendered":"<p>Power Tower pour poudres, comprim\u00e9s, g\u00e9lules et autres. 3 sections ind\u00e9pendantes d&#8217;une capacit\u00e9 de 250 ml chacune. Livr\u00e9 sans contenu.<\/p>\n","protected":false},"featured_media":41863,"template":"","meta":{"_acf_changed":false},"product_brand":[],"product_cat":[377,365],"product_tag":[],"class_list":{"0":"post-22423","1":"product","2":"type-product","3":"status-publish","4":"has-post-thumbnail","6":"product_cat-accessoires-autres","7":"product_cat-produits-de-a-a-z","9":"first","10":"instock","11":"taxable","12":"shipping-taxable","13":"purchasable","14":"product-type-simple"},"acf":[],"_links":{"self":[{"href":"https:\/\/vitalstoffversand.com\/fr\/wp-json\/wp\/v2\/product\/22423","targetHints":{"allow":["GET"]}}],"collection":[{"href":"https:\/\/vitalstoffversand.com\/fr\/wp-json\/wp\/v2\/product"}],"about":[{"href":"https:\/\/vitalstoffversand.com\/fr\/wp-json\/wp\/v2\/types\/product"}],"wp:featuredmedia":[{"embeddable":true,"href":"https:\/\/vitalstoffversand.com\/fr\/wp-json\/wp\/v2\/media\/41863"}],"wp:attachment":[{"href":"https:\/\/vitalstoffversand.com\/fr\/wp-json\/wp\/v2\/media?parent=22423"}],"wp:term":[{"taxonomy":"product_brand","embeddable":true,"href":"https:\/\/vitalstoffversand.com\/fr\/wp-json\/wp\/v2\/product_brand?post=22423"},{"taxonomy":"product_cat","embeddable":true,"href":"https:\/\/vitalstoffversand.com\/fr\/wp-json\/wp\/v2\/product_cat?post=22423"},{"taxonomy":"product_tag","embeddable":true,"href":"https:\/\/vitalstoffversand.com\/fr\/wp-json\/wp\/v2\/product_tag?post=22423"}],"curies":[{"name":"wp","href":"https:\/\/api.w.org\/{rel}","templated":true}]}}