{"id":22380,"date":"2025-01-08T13:44:37","date_gmt":"2025-01-08T12:44:37","guid":{"rendered":"https:\/\/vitalstoffversand.com\/produkt\/gen-poudre-de-nitrate-oxystorm-75-g\/"},"modified":"2026-03-12T12:45:50","modified_gmt":"2026-03-12T11:45:50","slug":"gen-poudre-de-nitrate-oxystorm-75-g","status":"publish","type":"product","link":"https:\/\/vitalstoffversand.com\/fr\/produit\/gen-poudre-de-nitrate-oxystorm-75-g\/","title":{"rendered":"GEN <br>Poudre de nitrate Oxystorm &#8211; 75 g"},"content":{"rendered":"<p>OxyStorm\u00ae est un extrait de feuille d&#8217;amarante de pointe, \u00e9galement connu sous le nom d&#8217;\u00e9pinard rouge.<\/p>\n<p>Il est particuli\u00e8rement riche en nitrates, qui peuvent apporter un soutien naturel aux personnes soucieuses de leur sant\u00e9 et aux sportifs.<\/p>\n<ul>\n<li>V\u00e9gan<\/li>\n<li>Sans gluten<\/li>\n<li>Sans lactose<\/li>\n<li>Sans OGM<\/li>\n<li>Fabriqu\u00e9 selon les normes de qualit\u00e9 strictes de l&#8217;UE<\/li>\n<\/ul>\n","protected":false},"excerpt":{"rendered":"<p>OxyStorm\u00ae est un extrait de feuille d&#8217;amarante de pointe, \u00e9galement connu sous le nom d&#8217;\u00e9pinard rouge. Il est particuli\u00e8rement riche en nitrates, qui peuvent apporter un soutien naturel aux personnes soucieuses de leur sant\u00e9 et aux sportifs. V\u00e9gan Sans gluten Sans lactose Sans OGM Fabriqu\u00e9 selon les normes de qualit\u00e9 strictes de l&#8217;UE<\/p>\n","protected":false},"featured_media":47500,"template":"","meta":{"_acf_changed":false},"product_brand":[10197],"product_cat":[353,365],"product_tag":[],"class_list":{"0":"post-22380","1":"product","2":"type-product","3":"status-publish","4":"has-post-thumbnail","6":"product_brand-gen-german-elite-nutrition-fr","7":"product_cat-supplements-sportifs","8":"product_cat-produits-de-a-a-z","10":"first","11":"instock","12":"taxable","13":"shipping-taxable","14":"purchasable","15":"product-type-simple"},"acf":[],"_links":{"self":[{"href":"https:\/\/vitalstoffversand.com\/fr\/wp-json\/wp\/v2\/product\/22380","targetHints":{"allow":["GET"]}}],"collection":[{"href":"https:\/\/vitalstoffversand.com\/fr\/wp-json\/wp\/v2\/product"}],"about":[{"href":"https:\/\/vitalstoffversand.com\/fr\/wp-json\/wp\/v2\/types\/product"}],"wp:featuredmedia":[{"embeddable":true,"href":"https:\/\/vitalstoffversand.com\/fr\/wp-json\/wp\/v2\/media\/47500"}],"wp:attachment":[{"href":"https:\/\/vitalstoffversand.com\/fr\/wp-json\/wp\/v2\/media?parent=22380"}],"wp:term":[{"taxonomy":"product_brand","embeddable":true,"href":"https:\/\/vitalstoffversand.com\/fr\/wp-json\/wp\/v2\/product_brand?post=22380"},{"taxonomy":"product_cat","embeddable":true,"href":"https:\/\/vitalstoffversand.com\/fr\/wp-json\/wp\/v2\/product_cat?post=22380"},{"taxonomy":"product_tag","embeddable":true,"href":"https:\/\/vitalstoffversand.com\/fr\/wp-json\/wp\/v2\/product_tag?post=22380"}],"curies":[{"name":"wp","href":"https:\/\/api.w.org\/{rel}","templated":true}]}}