{"id":22373,"date":"2025-01-02T17:44:43","date_gmt":"2025-01-02T16:44:43","guid":{"rendered":"https:\/\/vitalstoffversand.com\/produkt\/gen-controle-de-lappetit-270-gelules\/"},"modified":"2026-03-12T12:41:30","modified_gmt":"2026-03-12T11:41:30","slug":"gen-controle-de-lappetit-270-gelules","status":"publish","type":"product","link":"https:\/\/vitalstoffversand.com\/fr\/produit\/gen-controle-de-lappetit-270-gelules\/","title":{"rendered":"GEN <br>Contr\u00f4le de l&#8217;app\u00e9tit &#8211; 270 g\u00e9lules"},"content":{"rendered":"<p>GEN Appetit Control est un coupe-faim qui t&#8217;aide \u00e0 contr\u00f4ler ton app\u00e9tit gr\u00e2ce \u00e0 une combinaison de 4 extraits de plantes de haute qualit\u00e9 associ\u00e9s \u00e0 l&#8217;oligo-\u00e9l\u00e9ment chrome.<\/p>\n<p>Ce m\u00e9lange fonctionne en synergie et peut contribuer \u00e0 la perte de poids et au maintien d&#8217;un taux de cholest\u00e9rol normal, notamment gr\u00e2ce \u00e0 l&#8217;ingr\u00e9dient <a href=\"https:\/\/vitalstoffversand.com\/knowledge-base\/glucomannan-konjak-mannan\/\" target=\"_blank\" rel=\"noopener\"><strong><span style=\"color: #0000ff;\">\u2192 glucomannane<\/span><\/strong><\/a>.<\/p>\n<p>L&#8217;extrait de th\u00e9 vert, l&#8217;extrait de cannelle de Ceylan, l&#8217;extrait d&#8217;\u00e9corce de saule argent\u00e9 et le <a href=\"https:\/\/vitalstoffversand.com\/knowledge-base\/chrom\/\" target=\"_blank\" rel=\"noopener\"><strong><span style=\"color: #0000ff;\">\u2192 chrome<\/span><\/strong><\/a> compl\u00e8tent ou \u00e9largissent judicieusement le champ d&#8217;action.<\/p>\n<ul>\n<li>V\u00e9gan<\/li>\n<li>Sans gluten<\/li>\n<li>Sans lactose<\/li>\n<li>Sans OGM<\/li>\n<li>Fabriqu\u00e9 selon les normes de qualit\u00e9 strictes de l&#8217;UE<\/li>\n<\/ul>\n","protected":false},"excerpt":{"rendered":"<p>GEN Appetit Control est un coupe-faim qui t&#8217;aide \u00e0 contr\u00f4ler ton app\u00e9tit gr\u00e2ce \u00e0 une combinaison de 4 extraits de plantes de haute qualit\u00e9 associ\u00e9s \u00e0 l&#8217;oligo-\u00e9l\u00e9ment chrome. Ce m\u00e9lange fonctionne en synergie et peut contribuer \u00e0 la perte de poids et au maintien d&#8217;un taux de cholest\u00e9rol normal, notamment gr\u00e2ce \u00e0 l&#8217;ingr\u00e9dient \u2192 glucomannane. [&hellip;]<\/p>\n","protected":false},"featured_media":47452,"template":"","meta":{"_acf_changed":false},"product_brand":[10197],"product_cat":[348,365],"product_tag":[],"class_list":{"0":"post-22373","1":"product","2":"type-product","3":"status-publish","4":"has-post-thumbnail","6":"product_brand-gen-german-elite-nutrition-fr","7":"product_cat-nutriments","8":"product_cat-produits-de-a-a-z","10":"first","11":"outofstock","12":"taxable","13":"shipping-taxable","14":"purchasable","15":"product-type-simple"},"acf":[],"_links":{"self":[{"href":"https:\/\/vitalstoffversand.com\/fr\/wp-json\/wp\/v2\/product\/22373","targetHints":{"allow":["GET"]}}],"collection":[{"href":"https:\/\/vitalstoffversand.com\/fr\/wp-json\/wp\/v2\/product"}],"about":[{"href":"https:\/\/vitalstoffversand.com\/fr\/wp-json\/wp\/v2\/types\/product"}],"wp:featuredmedia":[{"embeddable":true,"href":"https:\/\/vitalstoffversand.com\/fr\/wp-json\/wp\/v2\/media\/47452"}],"wp:attachment":[{"href":"https:\/\/vitalstoffversand.com\/fr\/wp-json\/wp\/v2\/media?parent=22373"}],"wp:term":[{"taxonomy":"product_brand","embeddable":true,"href":"https:\/\/vitalstoffversand.com\/fr\/wp-json\/wp\/v2\/product_brand?post=22373"},{"taxonomy":"product_cat","embeddable":true,"href":"https:\/\/vitalstoffversand.com\/fr\/wp-json\/wp\/v2\/product_cat?post=22373"},{"taxonomy":"product_tag","embeddable":true,"href":"https:\/\/vitalstoffversand.com\/fr\/wp-json\/wp\/v2\/product_tag?post=22373"}],"curies":[{"name":"wp","href":"https:\/\/api.w.org\/{rel}","templated":true}]}}