{"id":22335,"date":"2025-01-02T17:45:54","date_gmt":"2025-01-02T16:45:54","guid":{"rendered":"https:\/\/vitalstoffversand.com\/produkt\/gen-pudding-au-mais-3000-g\/"},"modified":"2026-03-12T12:28:11","modified_gmt":"2026-03-12T11:28:11","slug":"gen-pudding-au-mais-3000-g","status":"publish","type":"product","link":"https:\/\/vitalstoffversand.com\/fr\/produit\/gen-pudding-au-mais-3000-g\/","title":{"rendered":"GEN <br>Pudding au ma\u00efs &#8211; 3000 g"},"content":{"rendered":"<p>Le pudding de ma\u00efs est polyvalent et constitue une base d\u00e9licieuse, rapide \u00e0 pr\u00e9parer et riche en nutriments pour une grande vari\u00e9t\u00e9 de repas.<\/p>\n<p>Le Maize Pudding est une source de glucides de haute qualit\u00e9 qui peut \u00eatre utilis\u00e9e non seulement dans la vie quotidienne en g\u00e9n\u00e9ral, mais aussi de mani\u00e8re cibl\u00e9e avant ou apr\u00e8s l&#8217;entra\u00eenement.<\/p>\n<ul>\n<li>V\u00e9gan<\/li>\n<li>Sans gluten<\/li>\n<li>Sans lactose<\/li>\n<li>Sans OGM<\/li>\n<li>Fabriqu\u00e9 selon les normes de qualit\u00e9 strictes de l&#8217;UE<\/li>\n<\/ul>\n","protected":false},"excerpt":{"rendered":"<p>Le pudding de ma\u00efs est polyvalent et constitue une base d\u00e9licieuse, rapide \u00e0 pr\u00e9parer et riche en nutriments pour une grande vari\u00e9t\u00e9 de repas. Le Maize Pudding est une source de glucides de haute qualit\u00e9 qui peut \u00eatre utilis\u00e9e non seulement dans la vie quotidienne en g\u00e9n\u00e9ral, mais aussi de mani\u00e8re cibl\u00e9e avant ou apr\u00e8s [&hellip;]<\/p>\n","protected":false},"featured_media":47092,"template":"","meta":{"_acf_changed":false},"product_brand":[10197],"product_cat":[329,365],"product_tag":[],"class_list":{"0":"post-22335","1":"product","2":"type-product","3":"status-publish","4":"has-post-thumbnail","6":"product_brand-gen-german-elite-nutrition-fr","7":"product_cat-cuisiner-grignoter","8":"product_cat-produits-de-a-a-z","10":"first","11":"instock","12":"taxable","13":"shipping-taxable","14":"purchasable","15":"product-type-simple"},"acf":[],"_links":{"self":[{"href":"https:\/\/vitalstoffversand.com\/fr\/wp-json\/wp\/v2\/product\/22335","targetHints":{"allow":["GET"]}}],"collection":[{"href":"https:\/\/vitalstoffversand.com\/fr\/wp-json\/wp\/v2\/product"}],"about":[{"href":"https:\/\/vitalstoffversand.com\/fr\/wp-json\/wp\/v2\/types\/product"}],"wp:featuredmedia":[{"embeddable":true,"href":"https:\/\/vitalstoffversand.com\/fr\/wp-json\/wp\/v2\/media\/47092"}],"wp:attachment":[{"href":"https:\/\/vitalstoffversand.com\/fr\/wp-json\/wp\/v2\/media?parent=22335"}],"wp:term":[{"taxonomy":"product_brand","embeddable":true,"href":"https:\/\/vitalstoffversand.com\/fr\/wp-json\/wp\/v2\/product_brand?post=22335"},{"taxonomy":"product_cat","embeddable":true,"href":"https:\/\/vitalstoffversand.com\/fr\/wp-json\/wp\/v2\/product_cat?post=22335"},{"taxonomy":"product_tag","embeddable":true,"href":"https:\/\/vitalstoffversand.com\/fr\/wp-json\/wp\/v2\/product_tag?post=22335"}],"curies":[{"name":"wp","href":"https:\/\/api.w.org\/{rel}","templated":true}]}}