{"id":22324,"date":"2024-11-12T12:32:56","date_gmt":"2024-11-12T11:32:56","guid":{"rendered":"https:\/\/vitalstoffversand.com\/produkt\/gen-shaker-en-acier-700-ml\/"},"modified":"2026-03-12T12:26:25","modified_gmt":"2026-03-12T11:26:25","slug":"gen-shaker-en-acier-700-ml","status":"publish","type":"product","link":"https:\/\/vitalstoffversand.com\/fr\/produit\/gen-shaker-en-acier-700-ml\/","title":{"rendered":"GEN <br>Shaker en acier &#8211; 700 ml"},"content":{"rendered":"<p>Shaker prot\u00e9in\u00e9 de haute qualit\u00e9 en acier inoxydable, au design \u00e9l\u00e9gant et aux supers fonctionnalit\u00e9s.<\/p>\n<p>Caract\u00e9ristiques du produit :<\/p>\n<ul>\n<li>couleur : noir-rouge<\/li>\n<li>Capacit\u00e9 : 700 ml<\/li>\n<li>Robuste et durable : l&#8217;acier inoxydable 18\/8 de haute qualit\u00e9 r\u00e9siste m\u00eame aux s\u00e9ances d&#8217;entra\u00eenement les plus difficiles et offre une longue dur\u00e9e de vie.<\/li>\n<li>100% \u00e9tanche &amp; ; anti-fuite : le bouchon \u00e0 vis et les joints garantissent une \u00e9tanch\u00e9it\u00e9 absolue.<\/li>\n<li>Temp\u00e9rature parfaite : maintient les boissons froides au frais et les boissons chaudes au chaud.<\/li>\n<li>Inodore : l&#8217;acier inoxydable emp\u00eache les odeurs d\u00e9sagr\u00e9ables et les r\u00e9sidus de go\u00fbt.<\/li>\n<li>Nettoyage facile : passe au lave-vaisselle pour une hygi\u00e8ne sans effort.<\/li>\n<li>Un produit polyvalent : id\u00e9al pour les shakes prot\u00e9in\u00e9s, les smoothies, l&#8217;eau et les boissons pr\u00e9-entra\u00eenement.<\/li>\n<li>Une exp\u00e9rience gustative fruit\u00e9e : infuseur \u00e0 fruits et passoire amovibles pour des boissons aromatiques.<\/li>\n<\/ul>\n","protected":false},"excerpt":{"rendered":"<p>Shaker prot\u00e9in\u00e9 de haute qualit\u00e9 en acier inoxydable, au design \u00e9l\u00e9gant et aux supers fonctionnalit\u00e9s. Caract\u00e9ristiques du produit : couleur : noir-rouge Capacit\u00e9 : 700 ml Robuste et durable : l&#8217;acier inoxydable 18\/8 de haute qualit\u00e9 r\u00e9siste m\u00eame aux s\u00e9ances d&#8217;entra\u00eenement les plus difficiles et offre une longue dur\u00e9e de vie. 100% \u00e9tanche &amp; ; [&hellip;]<\/p>\n","protected":false},"featured_media":49180,"template":"","meta":{"_acf_changed":false},"product_brand":[10197],"product_cat":[377,365],"product_tag":[],"class_list":{"0":"post-22324","1":"product","2":"type-product","3":"status-publish","4":"has-post-thumbnail","6":"product_brand-gen-german-elite-nutrition-fr","7":"product_cat-accessoires-autres","8":"product_cat-produits-de-a-a-z","10":"first","11":"instock","12":"taxable","13":"shipping-taxable","14":"purchasable","15":"product-type-simple"},"acf":[],"_links":{"self":[{"href":"https:\/\/vitalstoffversand.com\/fr\/wp-json\/wp\/v2\/product\/22324","targetHints":{"allow":["GET"]}}],"collection":[{"href":"https:\/\/vitalstoffversand.com\/fr\/wp-json\/wp\/v2\/product"}],"about":[{"href":"https:\/\/vitalstoffversand.com\/fr\/wp-json\/wp\/v2\/types\/product"}],"wp:featuredmedia":[{"embeddable":true,"href":"https:\/\/vitalstoffversand.com\/fr\/wp-json\/wp\/v2\/media\/49180"}],"wp:attachment":[{"href":"https:\/\/vitalstoffversand.com\/fr\/wp-json\/wp\/v2\/media?parent=22324"}],"wp:term":[{"taxonomy":"product_brand","embeddable":true,"href":"https:\/\/vitalstoffversand.com\/fr\/wp-json\/wp\/v2\/product_brand?post=22324"},{"taxonomy":"product_cat","embeddable":true,"href":"https:\/\/vitalstoffversand.com\/fr\/wp-json\/wp\/v2\/product_cat?post=22324"},{"taxonomy":"product_tag","embeddable":true,"href":"https:\/\/vitalstoffversand.com\/fr\/wp-json\/wp\/v2\/product_tag?post=22324"}],"curies":[{"name":"wp","href":"https:\/\/api.w.org\/{rel}","templated":true}]}}