{"id":22300,"date":"2024-12-30T11:59:48","date_gmt":"2024-12-30T10:59:48","guid":{"rendered":"https:\/\/vitalstoffversand.com\/produkt\/gen-push-it-to-the-limit-differentes-varietes\/"},"modified":"2026-03-12T11:53:13","modified_gmt":"2026-03-12T10:53:13","slug":"gen-push-it-to-the-limit-differentes-varietes","status":"publish","type":"product","link":"https:\/\/vitalstoffversand.com\/fr\/produit\/gen-push-it-to-the-limit-differentes-varietes\/","title":{"rendered":"GEN <br>Push it to the Limit &#8211; diff\u00e9rentes vari\u00e9t\u00e9s"},"content":{"rendered":"<p>Push it to the Limit t&#8217;offre un soutien optimal pour ton entra\u00eenement.<\/p>\n<p>19 ingr\u00e9dients parfaitement adapt\u00e9s les uns aux autres garantissent une base optimale pour ton entra\u00eenement.<\/p>\n<p>Ce produit met l&#8217;accent sur l&#8217;efficacit\u00e9, c&#8217;est pourquoi il ne contient pas d&#8217;agents de remplissage inutiles que l&#8217;on prend de toute fa\u00e7on en plus ou quotidiennement, comme la cr\u00e9atine.<\/p>\n<p>Disponible dans les saveurs kiwi-raisin, cola-cerise et mangue-fraise.<\/p>\n<ul>\n<li>V\u00e9gan<\/li>\n<li>Sans gluten<\/li>\n<li>Sans lactose<\/li>\n<li>Sans OGM<\/li>\n<li>Fabriqu\u00e9 selon les normes de qualit\u00e9 strictes de l&#8217;UE<\/li>\n<\/ul>\n","protected":false},"excerpt":{"rendered":"<p>Push it to the Limit t&#8217;offre un soutien optimal pour ton entra\u00eenement. 19 ingr\u00e9dients parfaitement adapt\u00e9s les uns aux autres garantissent une base optimale pour ton entra\u00eenement. Ce produit met l&#8217;accent sur l&#8217;efficacit\u00e9, c&#8217;est pourquoi il ne contient pas d&#8217;agents de remplissage inutiles que l&#8217;on prend de toute fa\u00e7on en plus ou quotidiennement, comme la [&hellip;]<\/p>\n","protected":false},"featured_media":46964,"template":"","meta":{"_acf_changed":false},"product_brand":[10197],"product_cat":[348,365],"product_tag":[],"class_list":{"0":"post-22300","1":"product","2":"type-product","3":"status-publish","4":"has-post-thumbnail","6":"product_brand-gen-german-elite-nutrition-fr","7":"product_cat-nutriments","8":"product_cat-produits-de-a-a-z","10":"first","11":"instock","12":"taxable","13":"shipping-taxable","14":"purchasable","15":"product-type-variable"},"acf":[],"_links":{"self":[{"href":"https:\/\/vitalstoffversand.com\/fr\/wp-json\/wp\/v2\/product\/22300","targetHints":{"allow":["GET"]}}],"collection":[{"href":"https:\/\/vitalstoffversand.com\/fr\/wp-json\/wp\/v2\/product"}],"about":[{"href":"https:\/\/vitalstoffversand.com\/fr\/wp-json\/wp\/v2\/types\/product"}],"wp:featuredmedia":[{"embeddable":true,"href":"https:\/\/vitalstoffversand.com\/fr\/wp-json\/wp\/v2\/media\/46964"}],"wp:attachment":[{"href":"https:\/\/vitalstoffversand.com\/fr\/wp-json\/wp\/v2\/media?parent=22300"}],"wp:term":[{"taxonomy":"product_brand","embeddable":true,"href":"https:\/\/vitalstoffversand.com\/fr\/wp-json\/wp\/v2\/product_brand?post=22300"},{"taxonomy":"product_cat","embeddable":true,"href":"https:\/\/vitalstoffversand.com\/fr\/wp-json\/wp\/v2\/product_cat?post=22300"},{"taxonomy":"product_tag","embeddable":true,"href":"https:\/\/vitalstoffversand.com\/fr\/wp-json\/wp\/v2\/product_tag?post=22300"}],"curies":[{"name":"wp","href":"https:\/\/api.w.org\/{rel}","templated":true}]}}