{"id":22284,"date":"2024-11-14T11:40:53","date_gmt":"2024-11-14T10:40:53","guid":{"rendered":"https:\/\/vitalstoffversand.com\/produkt\/gen-argimax-l-arginine-triple-complexe-180-capsules\/"},"modified":"2026-03-12T11:49:25","modified_gmt":"2026-03-12T10:49:25","slug":"gen-argimax-l-arginine-triple-complexe-180-capsules","status":"publish","type":"product","link":"https:\/\/vitalstoffversand.com\/fr\/produit\/gen-argimax-l-arginine-triple-complexe-180-capsules\/","title":{"rendered":"GEN <br>Argimax L-Arginine Triple Complexe &#8211; 180 capsules"},"content":{"rendered":"<p>La L-arginine est un composant important des prot\u00e9ines et est \u00e0 la fois absorb\u00e9e par l&#8217;alimentation et produite par le corps lui-m\u00eame.<\/p>\n<p>Dans le corps, la L-arginine est impliqu\u00e9e dans de nombreux processus m\u00e9taboliques o\u00f9 elle joue un r\u00f4le dans la production d&#8217;oxyde nitrique.<\/p>\n<p>Parall\u00e8lement, l&#8217;arginine, qui fait partie de la synth\u00e8se de l&#8217;ur\u00e9e, participe \u00e0 la d\u00e9gradation des d\u00e9chets de l&#8217;organisme.<\/p>\n<p>Argimax L-Arginine Triple Complex contient trois formes diff\u00e9rentes d&#8217;arginine (AAKG (2:1), L-Arginine HCL et L-Arginine Nitrate) afin de favoriser un apport r\u00e9gulier de la substance active.<\/p>\n<ul>\n<li>V\u00e9gan<\/li>\n<li>Sans gluten<\/li>\n<li>Sans lactose<\/li>\n<li>Sans OGM<\/li>\n<li>Fabriqu\u00e9 selon les normes de qualit\u00e9 strictes de l&#8217;UE<\/li>\n<\/ul>\n","protected":false},"excerpt":{"rendered":"<p>La L-arginine est un composant important des prot\u00e9ines et est \u00e0 la fois absorb\u00e9e par l&#8217;alimentation et produite par le corps lui-m\u00eame. Dans le corps, la L-arginine est impliqu\u00e9e dans de nombreux processus m\u00e9taboliques o\u00f9 elle joue un r\u00f4le dans la production d&#8217;oxyde nitrique. Parall\u00e8lement, l&#8217;arginine, qui fait partie de la synth\u00e8se de l&#8217;ur\u00e9e, participe [&hellip;]<\/p>\n","protected":false},"featured_media":46828,"template":"","meta":{"_acf_changed":false},"product_brand":[10197],"product_cat":[332,365],"product_tag":[],"class_list":{"0":"post-22284","1":"product","2":"type-product","3":"status-publish","4":"has-post-thumbnail","6":"product_brand-gen-german-elite-nutrition-fr","7":"product_cat-acides-amines","8":"product_cat-produits-de-a-a-z","10":"first","11":"outofstock","12":"taxable","13":"shipping-taxable","14":"purchasable","15":"product-type-simple"},"acf":[],"_links":{"self":[{"href":"https:\/\/vitalstoffversand.com\/fr\/wp-json\/wp\/v2\/product\/22284","targetHints":{"allow":["GET"]}}],"collection":[{"href":"https:\/\/vitalstoffversand.com\/fr\/wp-json\/wp\/v2\/product"}],"about":[{"href":"https:\/\/vitalstoffversand.com\/fr\/wp-json\/wp\/v2\/types\/product"}],"wp:featuredmedia":[{"embeddable":true,"href":"https:\/\/vitalstoffversand.com\/fr\/wp-json\/wp\/v2\/media\/46828"}],"wp:attachment":[{"href":"https:\/\/vitalstoffversand.com\/fr\/wp-json\/wp\/v2\/media?parent=22284"}],"wp:term":[{"taxonomy":"product_brand","embeddable":true,"href":"https:\/\/vitalstoffversand.com\/fr\/wp-json\/wp\/v2\/product_brand?post=22284"},{"taxonomy":"product_cat","embeddable":true,"href":"https:\/\/vitalstoffversand.com\/fr\/wp-json\/wp\/v2\/product_cat?post=22284"},{"taxonomy":"product_tag","embeddable":true,"href":"https:\/\/vitalstoffversand.com\/fr\/wp-json\/wp\/v2\/product_tag?post=22284"}],"curies":[{"name":"wp","href":"https:\/\/api.w.org\/{rel}","templated":true}]}}