{"id":22192,"date":"2024-11-12T14:35:02","date_gmt":"2024-11-12T13:35:02","guid":{"rendered":"https:\/\/vitalstoffversand.com\/produkt\/gen-cafe-proteine-wheypresso-908-g-differentes-varietes\/"},"modified":"2026-03-12T12:01:04","modified_gmt":"2026-03-12T11:01:04","slug":"gen-cafe-proteine-wheypresso-908-g-differentes-varietes","status":"publish","type":"product","link":"https:\/\/vitalstoffversand.com\/fr\/produit\/gen-cafe-proteine-wheypresso-908-g-differentes-varietes\/","title":{"rendered":"GEN <br>Caf\u00e9 prot\u00e9in\u00e9 Wheypresso &#8211; 908 g &#8211; diff\u00e9rentes vari\u00e9t\u00e9s"},"content":{"rendered":"<p>Wheypresso est le caf\u00e9 prot\u00e9in\u00e9 ultime, disponible en 6 saveurs d\u00e9licieuses.<\/p>\n<p>Combine une d\u00e9licieuse exp\u00e9rience de caf\u00e9 avec tes objectifs de fitness, car chaque portion de caf\u00e9 prot\u00e9in\u00e9 te fournit jusqu&#8217;\u00e0 22 grammes de prot\u00e9ines.<\/p>\n<p>Un d\u00e9lice chaud ou froid.<\/p>\n<ul>\n<li>Sans gluten<\/li>\n<li>Fabriqu\u00e9 selon les normes de qualit\u00e9 strictes de l&#8217;UE<\/li>\n<\/ul>\n","protected":false},"excerpt":{"rendered":"<p>Wheypresso est le caf\u00e9 prot\u00e9in\u00e9 ultime, disponible en 6 saveurs d\u00e9licieuses. Combine une d\u00e9licieuse exp\u00e9rience de caf\u00e9 avec tes objectifs de fitness, car chaque portion de caf\u00e9 prot\u00e9in\u00e9 te fournit jusqu&#8217;\u00e0 22 grammes de prot\u00e9ines. Un d\u00e9lice chaud ou froid. Sans gluten Fabriqu\u00e9 selon les normes de qualit\u00e9 strictes de l&#8217;UE<\/p>\n","protected":false},"featured_media":46412,"template":"","meta":{"_acf_changed":false},"product_brand":[10197],"product_cat":[345,329,365],"product_tag":[],"class_list":{"0":"post-22192","1":"product","2":"type-product","3":"status-publish","4":"has-post-thumbnail","6":"product_brand-gen-german-elite-nutrition-fr","7":"product_cat-proteines","8":"product_cat-cuisiner-grignoter","9":"product_cat-produits-de-a-a-z","11":"first","12":"outofstock","13":"taxable","14":"shipping-taxable","15":"purchasable","16":"product-type-variable"},"acf":[],"_links":{"self":[{"href":"https:\/\/vitalstoffversand.com\/fr\/wp-json\/wp\/v2\/product\/22192","targetHints":{"allow":["GET"]}}],"collection":[{"href":"https:\/\/vitalstoffversand.com\/fr\/wp-json\/wp\/v2\/product"}],"about":[{"href":"https:\/\/vitalstoffversand.com\/fr\/wp-json\/wp\/v2\/types\/product"}],"wp:featuredmedia":[{"embeddable":true,"href":"https:\/\/vitalstoffversand.com\/fr\/wp-json\/wp\/v2\/media\/46412"}],"wp:attachment":[{"href":"https:\/\/vitalstoffversand.com\/fr\/wp-json\/wp\/v2\/media?parent=22192"}],"wp:term":[{"taxonomy":"product_brand","embeddable":true,"href":"https:\/\/vitalstoffversand.com\/fr\/wp-json\/wp\/v2\/product_brand?post=22192"},{"taxonomy":"product_cat","embeddable":true,"href":"https:\/\/vitalstoffversand.com\/fr\/wp-json\/wp\/v2\/product_cat?post=22192"},{"taxonomy":"product_tag","embeddable":true,"href":"https:\/\/vitalstoffversand.com\/fr\/wp-json\/wp\/v2\/product_tag?post=22192"}],"curies":[{"name":"wp","href":"https:\/\/api.w.org\/{rel}","templated":true}]}}