{"id":22175,"date":"2024-11-12T14:33:37","date_gmt":"2024-11-12T13:33:37","guid":{"rendered":"https:\/\/vitalstoffversand.com\/produkt\/gen-adaptogene-antistress-cortisol-control-120-gelules\/"},"modified":"2026-03-12T11:56:45","modified_gmt":"2026-03-12T10:56:45","slug":"gen-adaptogene-antistress-cortisol-control-120-gelules","status":"publish","type":"product","link":"https:\/\/vitalstoffversand.com\/fr\/produit\/gen-adaptogene-antistress-cortisol-control-120-gelules\/","title":{"rendered":"GEN <br>Adaptog\u00e8ne Antistress &amp; Cortisol Control &#8211; 120 g\u00e9lules"},"content":{"rendered":"<p>Adaptogene Antistress &amp; Cortisol Control contient 8 extraits v\u00e9g\u00e9taux hautement dos\u00e9s et coordonn\u00e9s qui, selon des \u00e9tudes scientifiques, r\u00e9duisent le stress, am\u00e9liorent le bien-\u00eatre et augmentent les performances mentales.<\/p>\n<ul>\n<li>V\u00e9gan<\/li>\n<li>Sans gluten<\/li>\n<li>Sans lactose<\/li>\n<li>Sans OGM<\/li>\n<li>Fabriqu\u00e9 selon les normes de qualit\u00e9 strictes de l&#8217;UE<\/li>\n<\/ul>\n","protected":false},"excerpt":{"rendered":"<p>Adaptogene Antistress &amp; Cortisol Control contient 8 extraits v\u00e9g\u00e9taux hautement dos\u00e9s et coordonn\u00e9s qui, selon des \u00e9tudes scientifiques, r\u00e9duisent le stress, am\u00e9liorent le bien-\u00eatre et augmentent les performances mentales. V\u00e9gan Sans gluten Sans lactose Sans OGM Fabriqu\u00e9 selon les normes de qualit\u00e9 strictes de l&#8217;UE<\/p>\n","protected":false},"featured_media":46364,"template":"","meta":{"_acf_changed":false},"product_brand":[10197],"product_cat":[348,365],"product_tag":[],"class_list":{"0":"post-22175","1":"product","2":"type-product","3":"status-publish","4":"has-post-thumbnail","6":"product_brand-gen-german-elite-nutrition-fr","7":"product_cat-nutriments","8":"product_cat-produits-de-a-a-z","10":"first","11":"instock","12":"taxable","13":"shipping-taxable","14":"purchasable","15":"product-type-simple"},"acf":[],"_links":{"self":[{"href":"https:\/\/vitalstoffversand.com\/fr\/wp-json\/wp\/v2\/product\/22175","targetHints":{"allow":["GET"]}}],"collection":[{"href":"https:\/\/vitalstoffversand.com\/fr\/wp-json\/wp\/v2\/product"}],"about":[{"href":"https:\/\/vitalstoffversand.com\/fr\/wp-json\/wp\/v2\/types\/product"}],"wp:featuredmedia":[{"embeddable":true,"href":"https:\/\/vitalstoffversand.com\/fr\/wp-json\/wp\/v2\/media\/46364"}],"wp:attachment":[{"href":"https:\/\/vitalstoffversand.com\/fr\/wp-json\/wp\/v2\/media?parent=22175"}],"wp:term":[{"taxonomy":"product_brand","embeddable":true,"href":"https:\/\/vitalstoffversand.com\/fr\/wp-json\/wp\/v2\/product_brand?post=22175"},{"taxonomy":"product_cat","embeddable":true,"href":"https:\/\/vitalstoffversand.com\/fr\/wp-json\/wp\/v2\/product_cat?post=22175"},{"taxonomy":"product_tag","embeddable":true,"href":"https:\/\/vitalstoffversand.com\/fr\/wp-json\/wp\/v2\/product_tag?post=22175"}],"curies":[{"name":"wp","href":"https:\/\/api.w.org\/{rel}","templated":true}]}}