{"id":21747,"date":"2024-11-12T14:32:07","date_gmt":"2024-11-12T13:32:07","guid":{"rendered":"https:\/\/vitalstoffversand.com\/produkt\/gen-testo-stack-pro-180-gelules\/"},"modified":"2026-03-12T11:48:27","modified_gmt":"2026-03-12T10:48:27","slug":"gen-testo-stack-pro-180-gelules","status":"publish","type":"product","link":"https:\/\/vitalstoffversand.com\/fr\/produit\/gen-testo-stack-pro-180-gelules\/","title":{"rendered":"GEN <br>Testo Stack Pro &#8211; 180 g\u00e9lules"},"content":{"rendered":"<p>Testo Stack Pro est un booster de performance et de d\u00e9veloppement musculaire qui fournit une combinaison unique de puissants extraits de plantes et d&#8217;oligo-\u00e9l\u00e9ments essentiels dont tu as besoin pour augmenter ta force, am\u00e9liorer ton endurance et maximiser ta croissance musculaire.<\/p>\n<p>Utilise Testo Stack Pro pour augmenter ta production de testost\u00e9rone, ta synth\u00e8se de prot\u00e9ines, ta force et ton endurance ainsi que ta concentration mentale.<\/p>\n<ul>\n<li>Sans gluten<\/li>\n<li>Sans lactose<\/li>\n<li>Sans OGM<\/li>\n<li>Fabriqu\u00e9 selon les normes de qualit\u00e9 strictes de l&#8217;UE<\/li>\n<\/ul>\n","protected":false},"excerpt":{"rendered":"<p>Testo Stack Pro est un booster de performance et de d\u00e9veloppement musculaire qui fournit une combinaison unique de puissants extraits de plantes et d&#8217;oligo-\u00e9l\u00e9ments essentiels dont tu as besoin pour augmenter ta force, am\u00e9liorer ton endurance et maximiser ta croissance musculaire. Utilise Testo Stack Pro pour augmenter ta production de testost\u00e9rone, ta synth\u00e8se de prot\u00e9ines, [&hellip;]<\/p>\n","protected":false},"featured_media":46116,"template":"","meta":{"_acf_changed":false},"product_brand":[10197],"product_cat":[353,365],"product_tag":[],"class_list":{"0":"post-21747","1":"product","2":"type-product","3":"status-publish","4":"has-post-thumbnail","6":"product_brand-gen-german-elite-nutrition-fr","7":"product_cat-supplements-sportifs","8":"product_cat-produits-de-a-a-z","10":"first","11":"instock","12":"taxable","13":"shipping-taxable","14":"purchasable","15":"product-type-simple"},"acf":[],"_links":{"self":[{"href":"https:\/\/vitalstoffversand.com\/fr\/wp-json\/wp\/v2\/product\/21747","targetHints":{"allow":["GET"]}}],"collection":[{"href":"https:\/\/vitalstoffversand.com\/fr\/wp-json\/wp\/v2\/product"}],"about":[{"href":"https:\/\/vitalstoffversand.com\/fr\/wp-json\/wp\/v2\/types\/product"}],"wp:featuredmedia":[{"embeddable":true,"href":"https:\/\/vitalstoffversand.com\/fr\/wp-json\/wp\/v2\/media\/46116"}],"wp:attachment":[{"href":"https:\/\/vitalstoffversand.com\/fr\/wp-json\/wp\/v2\/media?parent=21747"}],"wp:term":[{"taxonomy":"product_brand","embeddable":true,"href":"https:\/\/vitalstoffversand.com\/fr\/wp-json\/wp\/v2\/product_brand?post=21747"},{"taxonomy":"product_cat","embeddable":true,"href":"https:\/\/vitalstoffversand.com\/fr\/wp-json\/wp\/v2\/product_cat?post=21747"},{"taxonomy":"product_tag","embeddable":true,"href":"https:\/\/vitalstoffversand.com\/fr\/wp-json\/wp\/v2\/product_tag?post=21747"}],"curies":[{"name":"wp","href":"https:\/\/api.w.org\/{rel}","templated":true}]}}