{"id":21732,"date":"2024-11-12T13:12:14","date_gmt":"2024-11-12T12:12:14","guid":{"rendered":"https:\/\/vitalstoffversand.com\/produkt\/gen-water-out-180-gelules\/"},"modified":"2026-03-12T11:47:26","modified_gmt":"2026-03-12T10:47:26","slug":"gen-water-out-180-gelules","status":"publish","type":"product","link":"https:\/\/vitalstoffversand.com\/fr\/produit\/gen-water-out-180-gelules\/","title":{"rendered":"GEN <br>Water Flow &#8211; 180 g\u00e9lules"},"content":{"rendered":"<p>Water Flow &#8211; Drain &amp; Water Balance a \u00e9t\u00e9 d\u00e9velopp\u00e9 pour favoriser l&#8217;\u00e9quilibre naturel du cycle hydrique dans notre corps.<\/p>\n<p>Pour cela, une combinaison soigneusement s\u00e9lectionn\u00e9e de 8 extraits naturels utilise les effets synergiques des diff\u00e9rents composants.<\/p>\n<ul>\n<li>V\u00e9gan<\/li>\n<li>Sans gluten<\/li>\n<li>Sans lactose<\/li>\n<li>Sans OGM<\/li>\n<li>Fabriqu\u00e9 selon les normes de qualit\u00e9 strictes de l&#8217;UE<\/li>\n<\/ul>\n","protected":false},"excerpt":{"rendered":"<p>Water Flow &#8211; Drain &amp; Water Balance a \u00e9t\u00e9 d\u00e9velopp\u00e9 pour favoriser l&#8217;\u00e9quilibre naturel du cycle hydrique dans notre corps. Pour cela, une combinaison soigneusement s\u00e9lectionn\u00e9e de 8 extraits naturels utilise les effets synergiques des diff\u00e9rents composants. V\u00e9gan Sans gluten Sans lactose Sans OGM Fabriqu\u00e9 selon les normes de qualit\u00e9 strictes de l&#8217;UE<\/p>\n","protected":false},"featured_media":46108,"template":"","meta":{"_acf_changed":false},"product_brand":[10197],"product_cat":[348,365],"product_tag":[],"class_list":{"0":"post-21732","1":"product","2":"type-product","3":"status-publish","4":"has-post-thumbnail","6":"product_brand-gen-german-elite-nutrition-fr","7":"product_cat-nutriments","8":"product_cat-produits-de-a-a-z","10":"first","11":"instock","12":"taxable","13":"shipping-taxable","14":"purchasable","15":"product-type-simple"},"acf":[],"_links":{"self":[{"href":"https:\/\/vitalstoffversand.com\/fr\/wp-json\/wp\/v2\/product\/21732","targetHints":{"allow":["GET"]}}],"collection":[{"href":"https:\/\/vitalstoffversand.com\/fr\/wp-json\/wp\/v2\/product"}],"about":[{"href":"https:\/\/vitalstoffversand.com\/fr\/wp-json\/wp\/v2\/types\/product"}],"wp:featuredmedia":[{"embeddable":true,"href":"https:\/\/vitalstoffversand.com\/fr\/wp-json\/wp\/v2\/media\/46108"}],"wp:attachment":[{"href":"https:\/\/vitalstoffversand.com\/fr\/wp-json\/wp\/v2\/media?parent=21732"}],"wp:term":[{"taxonomy":"product_brand","embeddable":true,"href":"https:\/\/vitalstoffversand.com\/fr\/wp-json\/wp\/v2\/product_brand?post=21732"},{"taxonomy":"product_cat","embeddable":true,"href":"https:\/\/vitalstoffversand.com\/fr\/wp-json\/wp\/v2\/product_cat?post=21732"},{"taxonomy":"product_tag","embeddable":true,"href":"https:\/\/vitalstoffversand.com\/fr\/wp-json\/wp\/v2\/product_tag?post=21732"}],"curies":[{"name":"wp","href":"https:\/\/api.w.org\/{rel}","templated":true}]}}