{"id":21690,"date":"2024-11-12T13:04:39","date_gmt":"2024-11-12T12:04:39","guid":{"rendered":"https:\/\/vitalstoffversand.com\/produkt\/gen-essentiels-du-foie-180-gelules\/"},"modified":"2026-03-11T15:14:32","modified_gmt":"2026-03-11T14:14:32","slug":"gen-essentiels-du-foie-180-gelules","status":"publish","type":"product","link":"https:\/\/vitalstoffversand.com\/fr\/produit\/gen-essentiels-du-foie-180-gelules\/","title":{"rendered":"GEN <br>Essentiels du foie &#8211; 180 g\u00e9lules"},"content":{"rendered":"<p>Liver Essentials est une formule sp\u00e9ciale compos\u00e9e de 11 ingr\u00e9dients actifs destin\u00e9s \u00e0 soutenir en particulier le foie.<\/p>\n<p>Il est prouv\u00e9 que la choline contenue dans le produit (ici sous forme de bitartrate de choline) contribue \u00e0 une fonction h\u00e9patique normale, conform\u00e9ment \u00e0 la d\u00e9claration de sant\u00e9 de l&#8217;EFSA.<\/p>\n<p>Les extraits de chardon-Marie, de racine de pissenlit, d&#8217;artichaut, de desmodium, de schisandra, de gingembre et de sophora japonica sont traditionnellement utilis\u00e9s depuis des si\u00e8cles pour soutenir le foie.<\/p>\n<p>La formule est optimis\u00e9e par d&#8217;autres ingr\u00e9dients.<\/p>\n<ul>\n<li>V\u00e9gan<\/li>\n<li>Sans gluten<\/li>\n<li>Sans lactose<\/li>\n<li>Sans OGM<\/li>\n<li>Fabriqu\u00e9 selon les normes de qualit\u00e9 strictes de l&#8217;UE<\/li>\n<\/ul>\n","protected":false},"excerpt":{"rendered":"<p>Liver Essentials est une formule sp\u00e9ciale compos\u00e9e de 11 ingr\u00e9dients actifs destin\u00e9s \u00e0 soutenir en particulier le foie. Il est prouv\u00e9 que la choline contenue dans le produit (ici sous forme de bitartrate de choline) contribue \u00e0 une fonction h\u00e9patique normale, conform\u00e9ment \u00e0 la d\u00e9claration de sant\u00e9 de l&#8217;EFSA. Les extraits de chardon-Marie, de racine [&hellip;]<\/p>\n","protected":false},"featured_media":45835,"template":"","meta":{"_acf_changed":false},"product_brand":[10197],"product_cat":[348,365],"product_tag":[],"class_list":{"0":"post-21690","1":"product","2":"type-product","3":"status-publish","4":"has-post-thumbnail","6":"product_brand-gen-german-elite-nutrition-fr","7":"product_cat-nutriments","8":"product_cat-produits-de-a-a-z","10":"first","11":"instock","12":"taxable","13":"shipping-taxable","14":"purchasable","15":"product-type-simple"},"acf":[],"_links":{"self":[{"href":"https:\/\/vitalstoffversand.com\/fr\/wp-json\/wp\/v2\/product\/21690","targetHints":{"allow":["GET"]}}],"collection":[{"href":"https:\/\/vitalstoffversand.com\/fr\/wp-json\/wp\/v2\/product"}],"about":[{"href":"https:\/\/vitalstoffversand.com\/fr\/wp-json\/wp\/v2\/types\/product"}],"wp:featuredmedia":[{"embeddable":true,"href":"https:\/\/vitalstoffversand.com\/fr\/wp-json\/wp\/v2\/media\/45835"}],"wp:attachment":[{"href":"https:\/\/vitalstoffversand.com\/fr\/wp-json\/wp\/v2\/media?parent=21690"}],"wp:term":[{"taxonomy":"product_brand","embeddable":true,"href":"https:\/\/vitalstoffversand.com\/fr\/wp-json\/wp\/v2\/product_brand?post=21690"},{"taxonomy":"product_cat","embeddable":true,"href":"https:\/\/vitalstoffversand.com\/fr\/wp-json\/wp\/v2\/product_cat?post=21690"},{"taxonomy":"product_tag","embeddable":true,"href":"https:\/\/vitalstoffversand.com\/fr\/wp-json\/wp\/v2\/product_tag?post=21690"}],"curies":[{"name":"wp","href":"https:\/\/api.w.org\/{rel}","templated":true}]}}