{"id":21619,"date":"2024-11-12T12:58:31","date_gmt":"2024-11-12T11:58:31","guid":{"rendered":"https:\/\/vitalstoffversand.com\/produkt\/gen-bor-max-365-comprimes\/"},"modified":"2026-03-11T15:04:53","modified_gmt":"2026-03-11T14:04:53","slug":"gen-bor-max-365-comprimes","status":"publish","type":"product","link":"https:\/\/vitalstoffversand.com\/fr\/produit\/gen-bor-max-365-comprimes\/","title":{"rendered":"GEN <br>Bor Max &#8211; 365 comprim\u00e9s"},"content":{"rendered":"<p>Le bore Max est un compos\u00e9 naturel du bore issu du borate de sodium.<\/p>\n<p>L&#8217;oligo-\u00e9l\u00e9ment bore joue un r\u00f4le dans d&#8217;importantes fonctions corporelles et doit \u00eatre absorb\u00e9 via l&#8217;alimentation, mais une carence en bore est plut\u00f4t rare, car nous en absorbons g\u00e9n\u00e9ralement suffisamment via l&#8217;alimentation.<\/p>\n<ul>\n<li>V\u00e9gan<\/li>\n<li>Sans gluten<\/li>\n<li>Sans lactose<\/li>\n<li>Sans OGM<\/li>\n<li>Fabriqu\u00e9 selon les normes de qualit\u00e9 strictes de l&#8217;UE<\/li>\n<\/ul>\n","protected":false},"excerpt":{"rendered":"<p>Le bore Max est un compos\u00e9 naturel du bore issu du borate de sodium. L&#8217;oligo-\u00e9l\u00e9ment bore joue un r\u00f4le dans d&#8217;importantes fonctions corporelles et doit \u00eatre absorb\u00e9 via l&#8217;alimentation, mais une carence en bore est plut\u00f4t rare, car nous en absorbons g\u00e9n\u00e9ralement suffisamment via l&#8217;alimentation. V\u00e9gan Sans gluten Sans lactose Sans OGM Fabriqu\u00e9 selon les [&hellip;]<\/p>\n","protected":false},"featured_media":45403,"template":"","meta":{"_acf_changed":false},"product_brand":[10197],"product_cat":[340,365],"product_tag":[],"class_list":{"0":"post-21619","1":"product","2":"type-product","3":"status-publish","4":"has-post-thumbnail","6":"product_brand-gen-german-elite-nutrition-fr","7":"product_cat-mineraux-oligo-elements","8":"product_cat-produits-de-a-a-z","10":"first","11":"instock","12":"taxable","13":"shipping-taxable","14":"purchasable","15":"product-type-simple"},"acf":[],"_links":{"self":[{"href":"https:\/\/vitalstoffversand.com\/fr\/wp-json\/wp\/v2\/product\/21619","targetHints":{"allow":["GET"]}}],"collection":[{"href":"https:\/\/vitalstoffversand.com\/fr\/wp-json\/wp\/v2\/product"}],"about":[{"href":"https:\/\/vitalstoffversand.com\/fr\/wp-json\/wp\/v2\/types\/product"}],"wp:featuredmedia":[{"embeddable":true,"href":"https:\/\/vitalstoffversand.com\/fr\/wp-json\/wp\/v2\/media\/45403"}],"wp:attachment":[{"href":"https:\/\/vitalstoffversand.com\/fr\/wp-json\/wp\/v2\/media?parent=21619"}],"wp:term":[{"taxonomy":"product_brand","embeddable":true,"href":"https:\/\/vitalstoffversand.com\/fr\/wp-json\/wp\/v2\/product_brand?post=21619"},{"taxonomy":"product_cat","embeddable":true,"href":"https:\/\/vitalstoffversand.com\/fr\/wp-json\/wp\/v2\/product_cat?post=21619"},{"taxonomy":"product_tag","embeddable":true,"href":"https:\/\/vitalstoffversand.com\/fr\/wp-json\/wp\/v2\/product_tag?post=21619"}],"curies":[{"name":"wp","href":"https:\/\/api.w.org\/{rel}","templated":true}]}}