{"id":21539,"date":"2024-11-12T12:37:25","date_gmt":"2024-11-12T11:37:25","guid":{"rendered":"https:\/\/vitalstoffversand.com\/produkt\/gen-complexe-de-proteines-de-lactoserum-1000-g-differentes-varietes\/"},"modified":"2026-03-30T15:12:40","modified_gmt":"2026-03-30T13:12:40","slug":"gen-complexe-de-proteines-de-lactoserum-1000-g-differentes-varietes","status":"publish","type":"product","link":"https:\/\/vitalstoffversand.com\/fr\/produit\/gen-complexe-de-proteines-de-lactoserum-1000-g-differentes-varietes\/","title":{"rendered":"GEN <br>Complexe de prot\u00e9ines de lactos\u00e9rum &#8211; 1000 g &#8211; diff\u00e9rentes vari\u00e9t\u00e9s"},"content":{"rendered":"<p>Whey Protein Complex est une source de prot\u00e9ines de haute qualit\u00e9 compos\u00e9e de concentr\u00e9 de prot\u00e9ines de lactos\u00e9rum (WPC) et d&#8217;isolat de prot\u00e9ines de lactos\u00e9rum (WPI).<\/p>\n<p>Contient une tr\u00e8s forte proportion d&#8217;acides amin\u00e9s essentiels et semi-essentiels et se dissout bien dans le lait et l&#8217;eau.<\/p>\n<p>Disponible en 22 saveurs d\u00e9licieuses, il convient non seulement aux amateurs de sport, mais aussi \u00e0 tous ceux qui m\u00e8nent une vie active ou qui souhaitent int\u00e9grer des prot\u00e9ines en poudre dans une alimentation \u00e9quilibr\u00e9e.<\/p>\n<ul>\n<li>Fabriqu\u00e9 selon les normes de qualit\u00e9 strictes de l&#8217;UE<\/li>\n<\/ul>\n","protected":false},"excerpt":{"rendered":"<p>Whey Protein Complex est une source de prot\u00e9ines de haute qualit\u00e9 compos\u00e9e de concentr\u00e9 de prot\u00e9ines de lactos\u00e9rum (WPC) et d&#8217;isolat de prot\u00e9ines de lactos\u00e9rum (WPI). Contient une tr\u00e8s forte proportion d&#8217;acides amin\u00e9s essentiels et semi-essentiels et se dissout bien dans le lait et l&#8217;eau. Disponible en 22 saveurs d\u00e9licieuses, il convient non seulement aux [&hellip;]<\/p>\n","protected":false},"featured_media":45307,"template":"","meta":{"_acf_changed":false},"product_brand":[10197],"product_cat":[345,365],"product_tag":[],"class_list":{"0":"post-21539","1":"product","2":"type-product","3":"status-publish","4":"has-post-thumbnail","6":"product_brand-gen-german-elite-nutrition-fr","7":"product_cat-proteines","8":"product_cat-produits-de-a-a-z","10":"first","11":"instock","12":"taxable","13":"shipping-taxable","14":"purchasable","15":"product-type-variable"},"acf":[],"_links":{"self":[{"href":"https:\/\/vitalstoffversand.com\/fr\/wp-json\/wp\/v2\/product\/21539","targetHints":{"allow":["GET"]}}],"collection":[{"href":"https:\/\/vitalstoffversand.com\/fr\/wp-json\/wp\/v2\/product"}],"about":[{"href":"https:\/\/vitalstoffversand.com\/fr\/wp-json\/wp\/v2\/types\/product"}],"wp:featuredmedia":[{"embeddable":true,"href":"https:\/\/vitalstoffversand.com\/fr\/wp-json\/wp\/v2\/media\/45307"}],"wp:attachment":[{"href":"https:\/\/vitalstoffversand.com\/fr\/wp-json\/wp\/v2\/media?parent=21539"}],"wp:term":[{"taxonomy":"product_brand","embeddable":true,"href":"https:\/\/vitalstoffversand.com\/fr\/wp-json\/wp\/v2\/product_brand?post=21539"},{"taxonomy":"product_cat","embeddable":true,"href":"https:\/\/vitalstoffversand.com\/fr\/wp-json\/wp\/v2\/product_cat?post=21539"},{"taxonomy":"product_tag","embeddable":true,"href":"https:\/\/vitalstoffversand.com\/fr\/wp-json\/wp\/v2\/product_tag?post=21539"}],"curies":[{"name":"wp","href":"https:\/\/api.w.org\/{rel}","templated":true}]}}