{"id":21453,"date":"2024-11-12T12:25:24","date_gmt":"2024-11-12T11:25:24","guid":{"rendered":"https:\/\/vitalstoffversand.com\/produkt\/gen-l-carnitine-6000-liquid-1000-ml-differentes-sortes\/"},"modified":"2026-03-30T15:07:24","modified_gmt":"2026-03-30T13:07:24","slug":"gen-l-carnitine-6000-liquid-1000-ml-differentes-sortes","status":"publish","type":"product","link":"https:\/\/vitalstoffversand.com\/fr\/produit\/gen-l-carnitine-6000-liquid-1000-ml-differentes-sortes\/","title":{"rendered":"GEN <br>L-Carnitine 6000 Liquid &#8211; 1000 ml &#8211; diff\u00e9rentes vari\u00e9t\u00e9s"},"content":{"rendered":"<p>La L-carnitine est un facteur important dans la transformation ou le transport des acides gras pour la production d&#8217;\u00e9nergie par le corps.<\/p>\n<p>Notre organisme est certes capable de produire de la L-carnitine \u00e0 partir des acides amin\u00e9s lysine et m\u00e9thionine, mais une suppl\u00e9mentation suppl\u00e9mentaire peut s&#8217;av\u00e9rer utile, notamment pour les v\u00e9g\u00e9tariens et les v\u00e9g\u00e9taliens, car l&#8217;apport compl\u00e9mentaire par les aliments est pratiquement inexistant.<\/p>\n<ul>\n<li>V\u00e9gan<\/li>\n<li>Sans gluten<\/li>\n<li>Sans lactose<\/li>\n<li>Sans OGM<\/li>\n<li>Fabriqu\u00e9 selon les normes de qualit\u00e9 strictes de l&#8217;UE<\/li>\n<\/ul>\n","protected":false},"excerpt":{"rendered":"<p>La L-carnitine est un facteur important dans la transformation ou le transport des acides gras pour la production d&#8217;\u00e9nergie par le corps. Notre organisme est certes capable de produire de la L-carnitine \u00e0 partir des acides amin\u00e9s lysine et m\u00e9thionine, mais une suppl\u00e9mentation suppl\u00e9mentaire peut s&#8217;av\u00e9rer utile, notamment pour les v\u00e9g\u00e9tariens et les v\u00e9g\u00e9taliens, car [&hellip;]<\/p>\n","protected":false},"featured_media":45115,"template":"","meta":{"_acf_changed":false},"product_brand":[10197],"product_cat":[348,365],"product_tag":[],"class_list":{"0":"post-21453","1":"product","2":"type-product","3":"status-publish","4":"has-post-thumbnail","6":"product_brand-gen-german-elite-nutrition-fr","7":"product_cat-nutriments","8":"product_cat-produits-de-a-a-z","10":"first","11":"instock","12":"taxable","13":"shipping-taxable","14":"purchasable","15":"product-type-variable"},"acf":[],"_links":{"self":[{"href":"https:\/\/vitalstoffversand.com\/fr\/wp-json\/wp\/v2\/product\/21453","targetHints":{"allow":["GET"]}}],"collection":[{"href":"https:\/\/vitalstoffversand.com\/fr\/wp-json\/wp\/v2\/product"}],"about":[{"href":"https:\/\/vitalstoffversand.com\/fr\/wp-json\/wp\/v2\/types\/product"}],"wp:featuredmedia":[{"embeddable":true,"href":"https:\/\/vitalstoffversand.com\/fr\/wp-json\/wp\/v2\/media\/45115"}],"wp:attachment":[{"href":"https:\/\/vitalstoffversand.com\/fr\/wp-json\/wp\/v2\/media?parent=21453"}],"wp:term":[{"taxonomy":"product_brand","embeddable":true,"href":"https:\/\/vitalstoffversand.com\/fr\/wp-json\/wp\/v2\/product_brand?post=21453"},{"taxonomy":"product_cat","embeddable":true,"href":"https:\/\/vitalstoffversand.com\/fr\/wp-json\/wp\/v2\/product_cat?post=21453"},{"taxonomy":"product_tag","embeddable":true,"href":"https:\/\/vitalstoffversand.com\/fr\/wp-json\/wp\/v2\/product_tag?post=21453"}],"curies":[{"name":"wp","href":"https:\/\/api.w.org\/{rel}","templated":true}]}}