{"id":21304,"date":"2024-11-12T12:15:11","date_gmt":"2024-11-12T11:15:11","guid":{"rendered":"https:\/\/vitalstoffversand.com\/produkt\/gen-complexe-de-berberine-120-gelules\/"},"modified":"2026-03-11T14:49:27","modified_gmt":"2026-03-11T13:49:27","slug":"gen-complexe-de-berberine-120-gelules","status":"publish","type":"product","link":"https:\/\/vitalstoffversand.com\/fr\/produit\/gen-complexe-de-berberine-120-gelules\/","title":{"rendered":"GEN <br>Complexe Berberine GDA &#8211; 120 g\u00e9lules"},"content":{"rendered":"<p>Les g\u00e9lules Berberin Complex fournissent une formule Gluco-Support innovante \u00e0 base d&#8217;extraits de plantes naturels et standardis\u00e9s, dont la substance active principale est la berb\u00e9rine et le <a href=\"https:\/\/vitalstoffversand.com\/knowledge-base\/chrom\/\" target=\"_blank\" rel=\"noopener\"><strong><span style=\"color: #0000ff;\">\u2192 chrome<\/span><\/strong><\/a>, qui contribue entre autres au maintien d&#8217;une glyc\u00e9mie normale.<\/p>\n<ul>\n<li>V\u00e9gan<\/li>\n<li>Sans gluten<\/li>\n<li>Sans lactose<\/li>\n<li>Sans OGM<\/li>\n<li>Fabriqu\u00e9 selon les normes de qualit\u00e9 strictes de l&#8217;UE<\/li>\n<\/ul>\n","protected":false},"excerpt":{"rendered":"<p>Les g\u00e9lules Berberin Complex fournissent une formule Gluco-Support innovante \u00e0 base d&#8217;extraits de plantes naturels et standardis\u00e9s, dont la substance active principale est la berb\u00e9rine et le \u2192 chrome, qui contribue entre autres au maintien d&#8217;une glyc\u00e9mie normale. V\u00e9gan Sans gluten Sans lactose Sans OGM Fabriqu\u00e9 selon les normes de qualit\u00e9 strictes de l&#8217;UE<\/p>\n","protected":false},"featured_media":44819,"template":"","meta":{"_acf_changed":false},"product_brand":[10197],"product_cat":[348,365],"product_tag":[],"class_list":{"0":"post-21304","1":"product","2":"type-product","3":"status-publish","4":"has-post-thumbnail","6":"product_brand-gen-german-elite-nutrition-fr","7":"product_cat-nutriments","8":"product_cat-produits-de-a-a-z","10":"first","11":"instock","12":"taxable","13":"shipping-taxable","14":"purchasable","15":"product-type-simple"},"acf":[],"_links":{"self":[{"href":"https:\/\/vitalstoffversand.com\/fr\/wp-json\/wp\/v2\/product\/21304","targetHints":{"allow":["GET"]}}],"collection":[{"href":"https:\/\/vitalstoffversand.com\/fr\/wp-json\/wp\/v2\/product"}],"about":[{"href":"https:\/\/vitalstoffversand.com\/fr\/wp-json\/wp\/v2\/types\/product"}],"wp:featuredmedia":[{"embeddable":true,"href":"https:\/\/vitalstoffversand.com\/fr\/wp-json\/wp\/v2\/media\/44819"}],"wp:attachment":[{"href":"https:\/\/vitalstoffversand.com\/fr\/wp-json\/wp\/v2\/media?parent=21304"}],"wp:term":[{"taxonomy":"product_brand","embeddable":true,"href":"https:\/\/vitalstoffversand.com\/fr\/wp-json\/wp\/v2\/product_brand?post=21304"},{"taxonomy":"product_cat","embeddable":true,"href":"https:\/\/vitalstoffversand.com\/fr\/wp-json\/wp\/v2\/product_cat?post=21304"},{"taxonomy":"product_tag","embeddable":true,"href":"https:\/\/vitalstoffversand.com\/fr\/wp-json\/wp\/v2\/product_tag?post=21304"}],"curies":[{"name":"wp","href":"https:\/\/api.w.org\/{rel}","templated":true}]}}