{"id":21299,"date":"2024-11-12T12:13:31","date_gmt":"2024-11-12T11:13:31","guid":{"rendered":"https:\/\/vitalstoffversand.com\/produkt\/gen-ecdysterone-max-60-gelules\/"},"modified":"2026-03-11T14:47:49","modified_gmt":"2026-03-11T13:47:49","slug":"gen-ecdysterone-max-60-gelules","status":"publish","type":"product","link":"https:\/\/vitalstoffversand.com\/fr\/produit\/gen-ecdysterone-max-60-gelules\/","title":{"rendered":"GEN <br>Ecdyst\u00e9rone &#8211; 60 g\u00e9lules"},"content":{"rendered":"<p>La b\u00eata-\u00e9cdyst\u00e9rone, \u00e9galement appel\u00e9e 20-hydroxyecdysone, fait partie d&#8217;un groupe sp\u00e9cial de st\u00e9rols v\u00e9g\u00e9taux qui peuvent am\u00e9liorer les performances des sportifs sans dopage.<\/p>\n<ul>\n<li>V\u00e9gan<\/li>\n<li>Sans gluten<\/li>\n<li>Sans lactose<\/li>\n<li>Sans OGM<\/li>\n<li>Fabriqu\u00e9 selon les normes de qualit\u00e9 strictes de l&#8217;UE<\/li>\n<\/ul>\n","protected":false},"excerpt":{"rendered":"<p>La b\u00eata-\u00e9cdyst\u00e9rone, \u00e9galement appel\u00e9e 20-hydroxyecdysone, fait partie d&#8217;un groupe sp\u00e9cial de st\u00e9rols v\u00e9g\u00e9taux qui peuvent am\u00e9liorer les performances des sportifs sans dopage. V\u00e9gan Sans gluten Sans lactose Sans OGM Fabriqu\u00e9 selon les normes de qualit\u00e9 strictes de l&#8217;UE<\/p>\n","protected":false},"featured_media":62875,"template":"","meta":{"_acf_changed":false},"product_brand":[10197],"product_cat":[353,365],"product_tag":[],"class_list":{"0":"post-21299","1":"product","2":"type-product","3":"status-publish","4":"has-post-thumbnail","6":"product_brand-gen-german-elite-nutrition-fr","7":"product_cat-supplements-sportifs","8":"product_cat-produits-de-a-a-z","10":"first","11":"instock","12":"taxable","13":"shipping-taxable","14":"purchasable","15":"product-type-simple"},"acf":[],"_links":{"self":[{"href":"https:\/\/vitalstoffversand.com\/fr\/wp-json\/wp\/v2\/product\/21299","targetHints":{"allow":["GET"]}}],"collection":[{"href":"https:\/\/vitalstoffversand.com\/fr\/wp-json\/wp\/v2\/product"}],"about":[{"href":"https:\/\/vitalstoffversand.com\/fr\/wp-json\/wp\/v2\/types\/product"}],"wp:featuredmedia":[{"embeddable":true,"href":"https:\/\/vitalstoffversand.com\/fr\/wp-json\/wp\/v2\/media\/62875"}],"wp:attachment":[{"href":"https:\/\/vitalstoffversand.com\/fr\/wp-json\/wp\/v2\/media?parent=21299"}],"wp:term":[{"taxonomy":"product_brand","embeddable":true,"href":"https:\/\/vitalstoffversand.com\/fr\/wp-json\/wp\/v2\/product_brand?post=21299"},{"taxonomy":"product_cat","embeddable":true,"href":"https:\/\/vitalstoffversand.com\/fr\/wp-json\/wp\/v2\/product_cat?post=21299"},{"taxonomy":"product_tag","embeddable":true,"href":"https:\/\/vitalstoffversand.com\/fr\/wp-json\/wp\/v2\/product_tag?post=21299"}],"curies":[{"name":"wp","href":"https:\/\/api.w.org\/{rel}","templated":true}]}}