{"id":21274,"date":"2024-11-12T12:06:14","date_gmt":"2024-11-12T11:06:14","guid":{"rendered":"https:\/\/vitalstoffversand.com\/produkt\/gen-l-carnitine-triple-complexe-120-gelules\/"},"modified":"2026-03-11T14:43:40","modified_gmt":"2026-03-11T13:43:40","slug":"gen-l-carnitine-triple-complexe-120-gelules","status":"publish","type":"product","link":"https:\/\/vitalstoffversand.com\/fr\/produit\/gen-l-carnitine-triple-complexe-120-gelules\/","title":{"rendered":"GEN <br>L-Carnitine Triple Complexe &#8211; 120 g\u00e9lules"},"content":{"rendered":"<p>L-Carnitine Triple Complex contient 3 des compos\u00e9s de L-carnitine les plus appr\u00e9ci\u00e9s et convainc aussi bien par une biodisponibilit\u00e9 et une concentration extr\u00eamement \u00e9lev\u00e9es que par une lib\u00e9ration diff\u00e9r\u00e9e des substances actives, ce qui garantit un apport optimal.<\/p>\n<p>La L-carnitine participe au m\u00e9tabolisme \u00e9nerg\u00e9tique et joue un r\u00f4le essentiel dans la transformation des acides gras en \u00e9nergie.<\/p>\n<p>Une suppl\u00e9mentation en L-carnitine peut \u00eatre particuli\u00e8rement utile pour les v\u00e9g\u00e9tariens et les v\u00e9g\u00e9taliens, car elle est presque exclusivement contenue dans les produits d&#8217;origine animale.<\/p>\n<ul>\n<li>V\u00e9gan<\/li>\n<li>Sans gluten<\/li>\n<li>Sans lactose<\/li>\n<li>Sans OGM<\/li>\n<li>Fabriqu\u00e9 selon les normes de qualit\u00e9 strictes de l&#8217;UE<\/li>\n<\/ul>\n","protected":false},"excerpt":{"rendered":"<p>L-Carnitine Triple Complex contient 3 des compos\u00e9s de L-carnitine les plus appr\u00e9ci\u00e9s et convainc aussi bien par une biodisponibilit\u00e9 et une concentration extr\u00eamement \u00e9lev\u00e9es que par une lib\u00e9ration diff\u00e9r\u00e9e des substances actives, ce qui garantit un apport optimal. La L-carnitine participe au m\u00e9tabolisme \u00e9nerg\u00e9tique et joue un r\u00f4le essentiel dans la transformation des acides gras [&hellip;]<\/p>\n","protected":false},"featured_media":44699,"template":"","meta":{"_acf_changed":false},"product_brand":[10197],"product_cat":[348,365],"product_tag":[],"class_list":{"0":"post-21274","1":"product","2":"type-product","3":"status-publish","4":"has-post-thumbnail","6":"product_brand-gen-german-elite-nutrition-fr","7":"product_cat-nutriments","8":"product_cat-produits-de-a-a-z","10":"first","11":"instock","12":"taxable","13":"shipping-taxable","14":"purchasable","15":"product-type-simple"},"acf":[],"_links":{"self":[{"href":"https:\/\/vitalstoffversand.com\/fr\/wp-json\/wp\/v2\/product\/21274","targetHints":{"allow":["GET"]}}],"collection":[{"href":"https:\/\/vitalstoffversand.com\/fr\/wp-json\/wp\/v2\/product"}],"about":[{"href":"https:\/\/vitalstoffversand.com\/fr\/wp-json\/wp\/v2\/types\/product"}],"wp:featuredmedia":[{"embeddable":true,"href":"https:\/\/vitalstoffversand.com\/fr\/wp-json\/wp\/v2\/media\/44699"}],"wp:attachment":[{"href":"https:\/\/vitalstoffversand.com\/fr\/wp-json\/wp\/v2\/media?parent=21274"}],"wp:term":[{"taxonomy":"product_brand","embeddable":true,"href":"https:\/\/vitalstoffversand.com\/fr\/wp-json\/wp\/v2\/product_brand?post=21274"},{"taxonomy":"product_cat","embeddable":true,"href":"https:\/\/vitalstoffversand.com\/fr\/wp-json\/wp\/v2\/product_cat?post=21274"},{"taxonomy":"product_tag","embeddable":true,"href":"https:\/\/vitalstoffversand.com\/fr\/wp-json\/wp\/v2\/product_tag?post=21274"}],"curies":[{"name":"wp","href":"https:\/\/api.w.org\/{rel}","templated":true}]}}