{"id":21260,"date":"2024-11-12T12:01:17","date_gmt":"2024-11-12T11:01:17","guid":{"rendered":"https:\/\/vitalstoffversand.com\/produkt\/gen-l-citrulline-ultra-365-capsules\/"},"modified":"2026-03-11T14:41:55","modified_gmt":"2026-03-11T13:41:55","slug":"gen-l-citrulline-ultra-365-capsules","status":"publish","type":"product","link":"https:\/\/vitalstoffversand.com\/fr\/produit\/gen-l-citrulline-ultra-365-capsules\/","title":{"rendered":"GEN <br>L-Citrulline Ultra &#8211; 365 capsules"},"content":{"rendered":"<p>En tant que pr\u00e9curseur de l&#8217;arginine, qui joue un r\u00f4le important pour nos vaisseaux sanguins et la circulation sanguine, la L-citrulline Ultra convient bien \u00e0 un approvisionnement diff\u00e9r\u00e9 de l&#8217;organisme en arginine, car la citrulline doit d&#8217;abord \u00eatre transform\u00e9e en arginine dans les reins.<\/p>\n<p>Les g\u00e9lules contiennent de la L-citrulline DL-malate, ce qui signifie que la citrulline est est\u00e9rifi\u00e9e avec du DL-malate.<\/p>\n<p>La DL-malate est particuli\u00e8rement int\u00e9ressante pour les sportifs, car elle peut contribuer \u00e0 augmenter l&#8217;\u00e9nergie et \u00e0 r\u00e9duire la fatigue.<\/p>\n<ul>\n<li>Sans gluten<\/li>\n<li>Sans lactose<\/li>\n<li>Sans OGM<\/li>\n<li>Fabriqu\u00e9 selon les normes de qualit\u00e9 strictes de l&#8217;UE<\/li>\n<\/ul>\n","protected":false},"excerpt":{"rendered":"<p>En tant que pr\u00e9curseur de l&#8217;arginine, qui joue un r\u00f4le important pour nos vaisseaux sanguins et la circulation sanguine, la L-citrulline Ultra convient bien \u00e0 un approvisionnement diff\u00e9r\u00e9 de l&#8217;organisme en arginine, car la citrulline doit d&#8217;abord \u00eatre transform\u00e9e en arginine dans les reins. Les g\u00e9lules contiennent de la L-citrulline DL-malate, ce qui signifie que [&hellip;]<\/p>\n","protected":false},"featured_media":44659,"template":"","meta":{"_acf_changed":false},"product_brand":[10197],"product_cat":[332,365],"product_tag":[],"class_list":{"0":"post-21260","1":"product","2":"type-product","3":"status-publish","4":"has-post-thumbnail","6":"product_brand-gen-german-elite-nutrition-fr","7":"product_cat-acides-amines","8":"product_cat-produits-de-a-a-z","10":"first","11":"instock","12":"taxable","13":"shipping-taxable","14":"purchasable","15":"product-type-simple"},"acf":[],"_links":{"self":[{"href":"https:\/\/vitalstoffversand.com\/fr\/wp-json\/wp\/v2\/product\/21260","targetHints":{"allow":["GET"]}}],"collection":[{"href":"https:\/\/vitalstoffversand.com\/fr\/wp-json\/wp\/v2\/product"}],"about":[{"href":"https:\/\/vitalstoffversand.com\/fr\/wp-json\/wp\/v2\/types\/product"}],"wp:featuredmedia":[{"embeddable":true,"href":"https:\/\/vitalstoffversand.com\/fr\/wp-json\/wp\/v2\/media\/44659"}],"wp:attachment":[{"href":"https:\/\/vitalstoffversand.com\/fr\/wp-json\/wp\/v2\/media?parent=21260"}],"wp:term":[{"taxonomy":"product_brand","embeddable":true,"href":"https:\/\/vitalstoffversand.com\/fr\/wp-json\/wp\/v2\/product_brand?post=21260"},{"taxonomy":"product_cat","embeddable":true,"href":"https:\/\/vitalstoffversand.com\/fr\/wp-json\/wp\/v2\/product_cat?post=21260"},{"taxonomy":"product_tag","embeddable":true,"href":"https:\/\/vitalstoffversand.com\/fr\/wp-json\/wp\/v2\/product_tag?post=21260"}],"curies":[{"name":"wp","href":"https:\/\/api.w.org\/{rel}","templated":true}]}}