{"id":21252,"date":"2024-11-12T11:49:36","date_gmt":"2024-11-12T10:49:36","guid":{"rendered":"https:\/\/vitalstoffversand.com\/produkt\/gen-l-glutamine-365-capsules\/"},"modified":"2026-03-11T14:33:05","modified_gmt":"2026-03-11T13:33:05","slug":"gen-l-glutamine-365-capsules","status":"publish","type":"product","link":"https:\/\/vitalstoffversand.com\/fr\/produit\/gen-l-glutamine-365-capsules\/","title":{"rendered":"GEN <br>L-Glutamine &#8211; 365 capsules"},"content":{"rendered":"<p>En tant qu&#8217;acide amin\u00e9 semi-essentiel, nous devons absorber la majeure partie de la L-glutamine par le biais de l&#8217;alimentation.<\/p>\n<p>L&#8217;importance de la L-glutamine pour l&#8217;organisme est d\u00e9montr\u00e9e par sa forte proportion d&#8217;environ 60 % de tous les acides amin\u00e9s dans le tissu musculaire.<\/p>\n<p>Elle y est responsable de diff\u00e9rents processus m\u00e9taboliques et notamment de la synth\u00e8se des prot\u00e9ines.<\/p>\n<p>Une suppl\u00e9mentation sous forme de capsules permet une forme simple de prise, notamment juste apr\u00e8s l&#8217;entra\u00eenement, car les capsules sont faciles \u00e0 emporter.<\/p>\n<ul>\n<li>Sans gluten<\/li>\n<li>Sans lactose<\/li>\n<li>Sans OGM<\/li>\n<li>Fabriqu\u00e9 selon les normes de qualit\u00e9 strictes de l&#8217;UE<\/li>\n<\/ul>\n","protected":false},"excerpt":{"rendered":"<p>En tant qu&#8217;acide amin\u00e9 semi-essentiel, nous devons absorber la majeure partie de la L-glutamine par le biais de l&#8217;alimentation. L&#8217;importance de la L-glutamine pour l&#8217;organisme est d\u00e9montr\u00e9e par sa forte proportion d&#8217;environ 60 % de tous les acides amin\u00e9s dans le tissu musculaire. Elle y est responsable de diff\u00e9rents processus m\u00e9taboliques et notamment de la [&hellip;]<\/p>\n","protected":false},"featured_media":44515,"template":"","meta":{"_acf_changed":false},"product_brand":[10197],"product_cat":[332,365],"product_tag":[],"class_list":{"0":"post-21252","1":"product","2":"type-product","3":"status-publish","4":"has-post-thumbnail","6":"product_brand-gen-german-elite-nutrition-fr","7":"product_cat-acides-amines","8":"product_cat-produits-de-a-a-z","10":"first","11":"instock","12":"taxable","13":"shipping-taxable","14":"purchasable","15":"product-type-simple"},"acf":[],"_links":{"self":[{"href":"https:\/\/vitalstoffversand.com\/fr\/wp-json\/wp\/v2\/product\/21252","targetHints":{"allow":["GET"]}}],"collection":[{"href":"https:\/\/vitalstoffversand.com\/fr\/wp-json\/wp\/v2\/product"}],"about":[{"href":"https:\/\/vitalstoffversand.com\/fr\/wp-json\/wp\/v2\/types\/product"}],"wp:featuredmedia":[{"embeddable":true,"href":"https:\/\/vitalstoffversand.com\/fr\/wp-json\/wp\/v2\/media\/44515"}],"wp:attachment":[{"href":"https:\/\/vitalstoffversand.com\/fr\/wp-json\/wp\/v2\/media?parent=21252"}],"wp:term":[{"taxonomy":"product_brand","embeddable":true,"href":"https:\/\/vitalstoffversand.com\/fr\/wp-json\/wp\/v2\/product_brand?post=21252"},{"taxonomy":"product_cat","embeddable":true,"href":"https:\/\/vitalstoffversand.com\/fr\/wp-json\/wp\/v2\/product_cat?post=21252"},{"taxonomy":"product_tag","embeddable":true,"href":"https:\/\/vitalstoffversand.com\/fr\/wp-json\/wp\/v2\/product_tag?post=21252"}],"curies":[{"name":"wp","href":"https:\/\/api.w.org\/{rel}","templated":true}]}}