{"id":21246,"date":"2024-11-12T11:47:55","date_gmt":"2024-11-12T10:47:55","guid":{"rendered":"https:\/\/vitalstoffversand.com\/produkt\/gen-l-glutamine-750-g\/"},"modified":"2026-03-11T14:30:40","modified_gmt":"2026-03-11T13:30:40","slug":"gen-l-glutamine-750-g","status":"publish","type":"product","link":"https:\/\/vitalstoffversand.com\/fr\/produit\/gen-l-glutamine-750-g\/","title":{"rendered":"GEN <br>L-Glutamine &#8211; 750 g"},"content":{"rendered":"<p>La L-glutamine fait partie des acides amin\u00e9s semi-essentiels que notre corps produit lui-m\u00eame en petites quantit\u00e9s, mais dont la majeure partie doit \u00eatre apport\u00e9e par l&#8217;alimentation.<\/p>\n<p>La L-glutamine pure, sous sa forme libre, est l&#8217;acide amin\u00e9 le plus abondant dans les tissus musculaires, avec une proportion d&#8217;environ 60 %. Elle occupe des fonctions importantes dans la synth\u00e8se des prot\u00e9ines et d&#8217;autres processus m\u00e9taboliques.<\/p>\n<ul>\n<li>V\u00e9gan<\/li>\n<li>Sans gluten<\/li>\n<li>Sans lactose<\/li>\n<li>Sans OGM<\/li>\n<li>Fabriqu\u00e9 selon les normes de qualit\u00e9 strictes de l&#8217;UE<\/li>\n<\/ul>\n","protected":false},"excerpt":{"rendered":"<p>La L-glutamine fait partie des acides amin\u00e9s semi-essentiels que notre corps produit lui-m\u00eame en petites quantit\u00e9s, mais dont la majeure partie doit \u00eatre apport\u00e9e par l&#8217;alimentation. La L-glutamine pure, sous sa forme libre, est l&#8217;acide amin\u00e9 le plus abondant dans les tissus musculaires, avec une proportion d&#8217;environ 60 %. Elle occupe des fonctions importantes dans [&hellip;]<\/p>\n","protected":false},"featured_media":44475,"template":"","meta":{"_acf_changed":false},"product_brand":[10197],"product_cat":[332,365],"product_tag":[],"class_list":{"0":"post-21246","1":"product","2":"type-product","3":"status-publish","4":"has-post-thumbnail","6":"product_brand-gen-german-elite-nutrition-fr","7":"product_cat-acides-amines","8":"product_cat-produits-de-a-a-z","10":"first","11":"instock","12":"taxable","13":"shipping-taxable","14":"purchasable","15":"product-type-simple"},"acf":[],"_links":{"self":[{"href":"https:\/\/vitalstoffversand.com\/fr\/wp-json\/wp\/v2\/product\/21246","targetHints":{"allow":["GET"]}}],"collection":[{"href":"https:\/\/vitalstoffversand.com\/fr\/wp-json\/wp\/v2\/product"}],"about":[{"href":"https:\/\/vitalstoffversand.com\/fr\/wp-json\/wp\/v2\/types\/product"}],"wp:featuredmedia":[{"embeddable":true,"href":"https:\/\/vitalstoffversand.com\/fr\/wp-json\/wp\/v2\/media\/44475"}],"wp:attachment":[{"href":"https:\/\/vitalstoffversand.com\/fr\/wp-json\/wp\/v2\/media?parent=21246"}],"wp:term":[{"taxonomy":"product_brand","embeddable":true,"href":"https:\/\/vitalstoffversand.com\/fr\/wp-json\/wp\/v2\/product_brand?post=21246"},{"taxonomy":"product_cat","embeddable":true,"href":"https:\/\/vitalstoffversand.com\/fr\/wp-json\/wp\/v2\/product_cat?post=21246"},{"taxonomy":"product_tag","embeddable":true,"href":"https:\/\/vitalstoffversand.com\/fr\/wp-json\/wp\/v2\/product_tag?post=21246"}],"curies":[{"name":"wp","href":"https:\/\/api.w.org\/{rel}","templated":true}]}}