{"id":21210,"date":"2024-11-12T11:44:08","date_gmt":"2024-11-12T10:44:08","guid":{"rendered":"https:\/\/vitalstoffversand.com\/produkt\/gen-taurine-500-g\/"},"modified":"2026-03-11T14:28:10","modified_gmt":"2026-03-11T13:28:10","slug":"gen-taurine-500-g","status":"publish","type":"product","link":"https:\/\/vitalstoffversand.com\/fr\/produit\/gen-taurine-500-g\/","title":{"rendered":"GEN <br>L-taurine &#8211; 500 g"},"content":{"rendered":"<p>La taurine, souvent pr\u00e9sente dans les \u00ab boissons \u00e9nergisantes \u00bb, a de nombreuses fonctions dans l&#8217;organisme.<\/p>\n<p>Ainsi, il a un effet antioxydant, participe \u00e0 la digestion des graisses et joue \u00e9galement un r\u00f4le dans le d\u00e9veloppement du syst\u00e8me nerveux central du c\u0153ur ainsi que dans le contr\u00f4le du rythme cardiaque.<\/p>\n<ul>\n<li>V\u00e9gan<\/li>\n<li>Sans gluten<\/li>\n<li>Sans lactose<\/li>\n<li>Sans OGM<\/li>\n<li>Fabriqu\u00e9 selon les normes de qualit\u00e9 strictes de l&#8217;UE<\/li>\n<\/ul>\n","protected":false},"excerpt":{"rendered":"<p>La taurine, souvent pr\u00e9sente dans les \u00ab boissons \u00e9nergisantes \u00bb, a de nombreuses fonctions dans l&#8217;organisme. Ainsi, il a un effet antioxydant, participe \u00e0 la digestion des graisses et joue \u00e9galement un r\u00f4le dans le d\u00e9veloppement du syst\u00e8me nerveux central du c\u0153ur ainsi que dans le contr\u00f4le du rythme cardiaque. V\u00e9gan Sans gluten Sans lactose [&hellip;]<\/p>\n","protected":false},"featured_media":44395,"template":"","meta":{"_acf_changed":false},"product_brand":[10197],"product_cat":[348,365],"product_tag":[],"class_list":{"0":"post-21210","1":"product","2":"type-product","3":"status-publish","4":"has-post-thumbnail","6":"product_brand-gen-german-elite-nutrition-fr","7":"product_cat-nutriments","8":"product_cat-produits-de-a-a-z","10":"first","11":"instock","12":"taxable","13":"shipping-taxable","14":"purchasable","15":"product-type-simple"},"acf":[],"_links":{"self":[{"href":"https:\/\/vitalstoffversand.com\/fr\/wp-json\/wp\/v2\/product\/21210","targetHints":{"allow":["GET"]}}],"collection":[{"href":"https:\/\/vitalstoffversand.com\/fr\/wp-json\/wp\/v2\/product"}],"about":[{"href":"https:\/\/vitalstoffversand.com\/fr\/wp-json\/wp\/v2\/types\/product"}],"wp:featuredmedia":[{"embeddable":true,"href":"https:\/\/vitalstoffversand.com\/fr\/wp-json\/wp\/v2\/media\/44395"}],"wp:attachment":[{"href":"https:\/\/vitalstoffversand.com\/fr\/wp-json\/wp\/v2\/media?parent=21210"}],"wp:term":[{"taxonomy":"product_brand","embeddable":true,"href":"https:\/\/vitalstoffversand.com\/fr\/wp-json\/wp\/v2\/product_brand?post=21210"},{"taxonomy":"product_cat","embeddable":true,"href":"https:\/\/vitalstoffversand.com\/fr\/wp-json\/wp\/v2\/product_cat?post=21210"},{"taxonomy":"product_tag","embeddable":true,"href":"https:\/\/vitalstoffversand.com\/fr\/wp-json\/wp\/v2\/product_tag?post=21210"}],"curies":[{"name":"wp","href":"https:\/\/api.w.org\/{rel}","templated":true}]}}