{"id":21200,"date":"2024-11-12T11:30:28","date_gmt":"2024-11-12T10:30:28","guid":{"rendered":"https:\/\/vitalstoffversand.com\/produkt\/gen-l-arginine-l-citrulline-320-gelules\/"},"modified":"2026-03-11T14:23:33","modified_gmt":"2026-03-11T13:23:33","slug":"gen-l-arginine-l-citrulline-320-gelules","status":"publish","type":"product","link":"https:\/\/vitalstoffversand.com\/fr\/produit\/gen-l-arginine-l-citrulline-320-gelules\/","title":{"rendered":"GEN <br>L-Arginine + L-Citrulline &#8211; 320 g\u00e9lules"},"content":{"rendered":"<p>L&#8217;arginine et la citrulline se retrouvent le plus souvent dans le domaine des boosters pr\u00e9-workout et des suppl\u00e9ments de pompage et sont tr\u00e8s appr\u00e9ci\u00e9s en raison de leur combinaison performante, et pas seulement par les bodybuilders et les sportifs de force.<\/p>\n<p>Ils font partie des acides amin\u00e9s semi-essentiels et provoquent, gr\u00e2ce \u00e0 leur combinaison, un processus m\u00e9tabolique soutenu, comme la production d&#8217;azote.<\/p>\n<p>L&#8217;arginine a un effet positif sur les vaisseaux sanguins et est donc int\u00e9ressante non seulement pour une utilisation dans le sport, mais aussi dans la pr\u00e9vention g\u00e9n\u00e9rale et en mati\u00e8re de sant\u00e9 masculine.<\/p>\n<p>La L-citrulline est un pr\u00e9curseur de la L-arginine.<\/p>\n<p>Elle n&#8217;est transform\u00e9e en arginine que dans les reins et est donc disponible avec un certain retard, ce qui garantit un apport durable et r\u00e9gulier en arginine gr\u00e2ce \u00e0 l&#8217;effet time release.<\/p>\n<ul>\n<li>Sans gluten<\/li>\n<li>Sans lactose<\/li>\n<li>Sans OGM<\/li>\n<li>Fabriqu\u00e9 selon les normes de qualit\u00e9 strictes de l&#8217;UE<\/li>\n<\/ul>\n","protected":false},"excerpt":{"rendered":"<p>L&#8217;arginine et la citrulline se retrouvent le plus souvent dans le domaine des boosters pr\u00e9-workout et des suppl\u00e9ments de pompage et sont tr\u00e8s appr\u00e9ci\u00e9s en raison de leur combinaison performante, et pas seulement par les bodybuilders et les sportifs de force. Ils font partie des acides amin\u00e9s semi-essentiels et provoquent, gr\u00e2ce \u00e0 leur combinaison, un [&hellip;]<\/p>\n","protected":false},"featured_media":44355,"template":"","meta":{"_acf_changed":false},"product_brand":[10197],"product_cat":[332,365],"product_tag":[],"class_list":{"0":"post-21200","1":"product","2":"type-product","3":"status-publish","4":"has-post-thumbnail","6":"product_brand-gen-german-elite-nutrition-fr","7":"product_cat-acides-amines","8":"product_cat-produits-de-a-a-z","10":"first","11":"instock","12":"taxable","13":"shipping-taxable","14":"purchasable","15":"product-type-simple"},"acf":[],"_links":{"self":[{"href":"https:\/\/vitalstoffversand.com\/fr\/wp-json\/wp\/v2\/product\/21200","targetHints":{"allow":["GET"]}}],"collection":[{"href":"https:\/\/vitalstoffversand.com\/fr\/wp-json\/wp\/v2\/product"}],"about":[{"href":"https:\/\/vitalstoffversand.com\/fr\/wp-json\/wp\/v2\/types\/product"}],"wp:featuredmedia":[{"embeddable":true,"href":"https:\/\/vitalstoffversand.com\/fr\/wp-json\/wp\/v2\/media\/44355"}],"wp:attachment":[{"href":"https:\/\/vitalstoffversand.com\/fr\/wp-json\/wp\/v2\/media?parent=21200"}],"wp:term":[{"taxonomy":"product_brand","embeddable":true,"href":"https:\/\/vitalstoffversand.com\/fr\/wp-json\/wp\/v2\/product_brand?post=21200"},{"taxonomy":"product_cat","embeddable":true,"href":"https:\/\/vitalstoffversand.com\/fr\/wp-json\/wp\/v2\/product_cat?post=21200"},{"taxonomy":"product_tag","embeddable":true,"href":"https:\/\/vitalstoffversand.com\/fr\/wp-json\/wp\/v2\/product_tag?post=21200"}],"curies":[{"name":"wp","href":"https:\/\/api.w.org\/{rel}","templated":true}]}}