{"id":21184,"date":"2024-11-12T14:48:57","date_gmt":"2024-11-12T13:48:57","guid":{"rendered":"https:\/\/vitalstoffversand.com\/produkt\/gen-multi-amino-eaa-500-comprimes\/"},"modified":"2026-03-11T14:21:22","modified_gmt":"2026-03-11T13:21:22","slug":"gen-multi-amino-eaa-500-comprimes","status":"publish","type":"product","link":"https:\/\/vitalstoffversand.com\/fr\/produit\/gen-multi-amino-eaa-500-comprimes\/","title":{"rendered":"GEN <br>Multi Amino EAA &#8211; 500 Comprim\u00e9s"},"content":{"rendered":"<p>GEN Multi Amino EAA te fournit les 8 acides amin\u00e9s essentiels que le corps ne peut pas produire lui-m\u00eame.<\/p>\n<p>Convient aux sportifs et aux personnes soucieuses de leur sant\u00e9 qui souhaitent fournir \u00e0 leur corps un apport suffisant de la gamme compl\u00e8te des EAA (L-leucine, L-valine, L-isoleucine, L-ph\u00e9nylalanine, L-lysine, L-thr\u00e9onine, L-m\u00e9thionine et L-tryptophane).<\/p>\n<ul>\n<li>V\u00e9gan<\/li>\n<li>Sans gluten<\/li>\n<li>Sans lactose<\/li>\n<li>Sans OGM<\/li>\n<li>Fabriqu\u00e9 selon les normes de qualit\u00e9 strictes de l&#8217;UE<\/li>\n<\/ul>\n","protected":false},"excerpt":{"rendered":"<p>GEN Multi Amino EAA te fournit les 8 acides amin\u00e9s essentiels que le corps ne peut pas produire lui-m\u00eame. Convient aux sportifs et aux personnes soucieuses de leur sant\u00e9 qui souhaitent fournir \u00e0 leur corps un apport suffisant de la gamme compl\u00e8te des EAA (L-leucine, L-valine, L-isoleucine, L-ph\u00e9nylalanine, L-lysine, L-thr\u00e9onine, L-m\u00e9thionine et L-tryptophane). V\u00e9gan Sans [&hellip;]<\/p>\n","protected":false},"featured_media":61053,"template":"","meta":{"_acf_changed":false},"product_brand":[10197],"product_cat":[332,365],"product_tag":[],"class_list":{"0":"post-21184","1":"product","2":"type-product","3":"status-publish","4":"has-post-thumbnail","6":"product_brand-gen-german-elite-nutrition-fr","7":"product_cat-acides-amines","8":"product_cat-produits-de-a-a-z","10":"first","11":"instock","12":"taxable","13":"shipping-taxable","14":"purchasable","15":"product-type-simple"},"acf":[],"_links":{"self":[{"href":"https:\/\/vitalstoffversand.com\/fr\/wp-json\/wp\/v2\/product\/21184","targetHints":{"allow":["GET"]}}],"collection":[{"href":"https:\/\/vitalstoffversand.com\/fr\/wp-json\/wp\/v2\/product"}],"about":[{"href":"https:\/\/vitalstoffversand.com\/fr\/wp-json\/wp\/v2\/types\/product"}],"wp:featuredmedia":[{"embeddable":true,"href":"https:\/\/vitalstoffversand.com\/fr\/wp-json\/wp\/v2\/media\/61053"}],"wp:attachment":[{"href":"https:\/\/vitalstoffversand.com\/fr\/wp-json\/wp\/v2\/media?parent=21184"}],"wp:term":[{"taxonomy":"product_brand","embeddable":true,"href":"https:\/\/vitalstoffversand.com\/fr\/wp-json\/wp\/v2\/product_brand?post=21184"},{"taxonomy":"product_cat","embeddable":true,"href":"https:\/\/vitalstoffversand.com\/fr\/wp-json\/wp\/v2\/product_cat?post=21184"},{"taxonomy":"product_tag","embeddable":true,"href":"https:\/\/vitalstoffversand.com\/fr\/wp-json\/wp\/v2\/product_tag?post=21184"}],"curies":[{"name":"wp","href":"https:\/\/api.w.org\/{rel}","templated":true}]}}