{"id":21171,"date":"2024-11-12T11:27:02","date_gmt":"2024-11-12T10:27:02","guid":{"rendered":"https:\/\/vitalstoffversand.com\/produkt\/gen-l-arginine-hcl-500-g\/"},"modified":"2026-03-11T14:14:58","modified_gmt":"2026-03-11T13:14:58","slug":"gen-l-arginine-hcl-500-g","status":"publish","type":"product","link":"https:\/\/vitalstoffversand.com\/fr\/produit\/gen-l-arginine-hcl-500-g\/","title":{"rendered":"GEN <br>L-Arginine HCL &#8211; 500 g"},"content":{"rendered":"<p>La L-arginine est un acide amin\u00e9 prot\u00e9inog\u00e8ne semi-essentiel que notre corps produit lui-m\u00eame et qu&#8217;il absorbe en compl\u00e9ment via l&#8217;alimentation.<\/p>\n<p>La poudre de L-arginine HCL est tr\u00e8s soluble, mais poss\u00e8de un go\u00fbt sal\u00e9 d\u00fb \u00e0 son compos\u00e9 HCL, que de nombreux utilisateurs trouvent d\u00e9sagr\u00e9able.<\/p>\n<ul>\n<li>V\u00e9gan<\/li>\n<li>Sans gluten<\/li>\n<li>Sans lactose<\/li>\n<li>Sans OGM<\/li>\n<li>Fabriqu\u00e9 selon les normes de qualit\u00e9 strictes de l&#8217;UE<\/li>\n<\/ul>\n","protected":false},"excerpt":{"rendered":"<p>La L-arginine est un acide amin\u00e9 prot\u00e9inog\u00e8ne semi-essentiel que notre corps produit lui-m\u00eame et qu&#8217;il absorbe en compl\u00e9ment via l&#8217;alimentation. La poudre de L-arginine HCL est tr\u00e8s soluble, mais poss\u00e8de un go\u00fbt sal\u00e9 d\u00fb \u00e0 son compos\u00e9 HCL, que de nombreux utilisateurs trouvent d\u00e9sagr\u00e9able. V\u00e9gan Sans gluten Sans lactose Sans OGM Fabriqu\u00e9 selon les normes [&hellip;]<\/p>\n","protected":false},"featured_media":44243,"template":"","meta":{"_acf_changed":false},"product_brand":[10197],"product_cat":[332,365],"product_tag":[],"class_list":{"0":"post-21171","1":"product","2":"type-product","3":"status-publish","4":"has-post-thumbnail","6":"product_brand-gen-german-elite-nutrition-fr","7":"product_cat-acides-amines","8":"product_cat-produits-de-a-a-z","10":"first","11":"instock","12":"taxable","13":"shipping-taxable","14":"purchasable","15":"product-type-simple"},"acf":[],"_links":{"self":[{"href":"https:\/\/vitalstoffversand.com\/fr\/wp-json\/wp\/v2\/product\/21171","targetHints":{"allow":["GET"]}}],"collection":[{"href":"https:\/\/vitalstoffversand.com\/fr\/wp-json\/wp\/v2\/product"}],"about":[{"href":"https:\/\/vitalstoffversand.com\/fr\/wp-json\/wp\/v2\/types\/product"}],"wp:featuredmedia":[{"embeddable":true,"href":"https:\/\/vitalstoffversand.com\/fr\/wp-json\/wp\/v2\/media\/44243"}],"wp:attachment":[{"href":"https:\/\/vitalstoffversand.com\/fr\/wp-json\/wp\/v2\/media?parent=21171"}],"wp:term":[{"taxonomy":"product_brand","embeddable":true,"href":"https:\/\/vitalstoffversand.com\/fr\/wp-json\/wp\/v2\/product_brand?post=21171"},{"taxonomy":"product_cat","embeddable":true,"href":"https:\/\/vitalstoffversand.com\/fr\/wp-json\/wp\/v2\/product_cat?post=21171"},{"taxonomy":"product_tag","embeddable":true,"href":"https:\/\/vitalstoffversand.com\/fr\/wp-json\/wp\/v2\/product_tag?post=21171"}],"curies":[{"name":"wp","href":"https:\/\/api.w.org\/{rel}","templated":true}]}}