{"id":21108,"date":"2024-11-12T11:13:50","date_gmt":"2024-11-12T10:13:50","guid":{"rendered":"https:\/\/vitalstoffversand.com\/produkt\/gen-aakg-l-arginine-alpha-ketoglutarate-21-500-g\/"},"modified":"2026-03-11T14:13:25","modified_gmt":"2026-03-11T13:13:25","slug":"gen-aakg-l-arginine-alpha-ketoglutarate-21-500-g","status":"publish","type":"product","link":"https:\/\/vitalstoffversand.com\/fr\/produit\/gen-aakg-l-arginine-alpha-ketoglutarate-21-500-g\/","title":{"rendered":"GEN <br>AAKG &#8211; L-Arginine-Alpha-Ketoglutarate 2:1 &#8211; 500 g"},"content":{"rendered":"<p>AAKG est l&#8217;abr\u00e9viation de l&#8217;arginine alpha-c\u00e9toglutarate, dont la base est l&#8217;acide amin\u00e9 L-arginine, qui est un acide amin\u00e9 prot\u00e9inog\u00e8ne, c&#8217;est-\u00e0-dire qui forme des prot\u00e9ines.<\/p>\n<p>Les personnes orient\u00e9es vers la performance et les sportifs en particulier ont des besoins plus \u00e9lev\u00e9s en arginine, que notre corps ne peut g\u00e9n\u00e9ralement pas couvrir par sa propre production.<\/p>\n<p>L&#8217;AAKG r\u00e9sulte de la combinaison de l&#8217;arginine et de l&#8217;alpha-c\u00e9toglutarate. Cette combinaison augmente l&#8217;absorption jusqu&#8217;\u00e0 50 % par rapport \u00e0 l&#8217;arginine ordinaire.<\/p>\n<p>Remarque : la poudre de L-arginine alpha-c\u00e9toglutarate a typiquement un go\u00fbt sal\u00e9, ce qui devrait \u00eatre consid\u00e9r\u00e9 comme un signe de puret\u00e9 du produit.<\/p>\n<ul>\n<li>V\u00e9gan<\/li>\n<li>Sans gluten<\/li>\n<li>Sans lactose<\/li>\n<li>Sans OGM<\/li>\n<li>Fabriqu\u00e9 selon les normes de qualit\u00e9 strictes de l&#8217;UE<\/li>\n<\/ul>\n","protected":false},"excerpt":{"rendered":"<p>AAKG est l&#8217;abr\u00e9viation de l&#8217;arginine alpha-c\u00e9toglutarate, dont la base est l&#8217;acide amin\u00e9 L-arginine, qui est un acide amin\u00e9 prot\u00e9inog\u00e8ne, c&#8217;est-\u00e0-dire qui forme des prot\u00e9ines. Les personnes orient\u00e9es vers la performance et les sportifs en particulier ont des besoins plus \u00e9lev\u00e9s en arginine, que notre corps ne peut g\u00e9n\u00e9ralement pas couvrir par sa propre production. L&#8217;AAKG [&hellip;]<\/p>\n","protected":false},"featured_media":44211,"template":"","meta":{"_acf_changed":false},"product_brand":[10197],"product_cat":[332,365],"product_tag":[],"class_list":{"0":"post-21108","1":"product","2":"type-product","3":"status-publish","4":"has-post-thumbnail","6":"product_brand-gen-german-elite-nutrition-fr","7":"product_cat-acides-amines","8":"product_cat-produits-de-a-a-z","10":"first","11":"instock","12":"taxable","13":"shipping-taxable","14":"purchasable","15":"product-type-simple"},"acf":[],"_links":{"self":[{"href":"https:\/\/vitalstoffversand.com\/fr\/wp-json\/wp\/v2\/product\/21108","targetHints":{"allow":["GET"]}}],"collection":[{"href":"https:\/\/vitalstoffversand.com\/fr\/wp-json\/wp\/v2\/product"}],"about":[{"href":"https:\/\/vitalstoffversand.com\/fr\/wp-json\/wp\/v2\/types\/product"}],"wp:featuredmedia":[{"embeddable":true,"href":"https:\/\/vitalstoffversand.com\/fr\/wp-json\/wp\/v2\/media\/44211"}],"wp:attachment":[{"href":"https:\/\/vitalstoffversand.com\/fr\/wp-json\/wp\/v2\/media?parent=21108"}],"wp:term":[{"taxonomy":"product_brand","embeddable":true,"href":"https:\/\/vitalstoffversand.com\/fr\/wp-json\/wp\/v2\/product_brand?post=21108"},{"taxonomy":"product_cat","embeddable":true,"href":"https:\/\/vitalstoffversand.com\/fr\/wp-json\/wp\/v2\/product_cat?post=21108"},{"taxonomy":"product_tag","embeddable":true,"href":"https:\/\/vitalstoffversand.com\/fr\/wp-json\/wp\/v2\/product_tag?post=21108"}],"curies":[{"name":"wp","href":"https:\/\/api.w.org\/{rel}","templated":true}]}}