{"id":21101,"date":"2024-11-12T11:11:34","date_gmt":"2024-11-12T10:11:34","guid":{"rendered":"https:\/\/vitalstoffversand.com\/produkt\/gen-testo-max-270-capsules\/"},"modified":"2026-03-11T14:10:52","modified_gmt":"2026-03-11T13:10:52","slug":"gen-testo-max-270-capsules","status":"publish","type":"product","link":"https:\/\/vitalstoffversand.com\/fr\/produit\/gen-testo-max-270-capsules\/","title":{"rendered":"GEN <br>Testo Max &#8211; 270 capsules"},"content":{"rendered":"<p>Un taux \u00e9lev\u00e9 de testost\u00e9rone est la condition id\u00e9ale pour un d\u00e9veloppement musculaire rapide.<\/p>\n<p>Testo Max est un compl\u00e9ment alimentaire purement v\u00e9g\u00e9tal compos\u00e9 de substances v\u00e9g\u00e9tales, d&#8217;acides amin\u00e9s, de vitamines, de min\u00e9raux et d&#8217;oligo-\u00e9l\u00e9ments qui peuvent aider \u00e0 stimuler la production d&#8217;hormones par l&#8217;organisme.<\/p>\n<p>Enti\u00e8rement l\u00e9gal et sans effets secondaires.<\/p>\n<ul>\n<li>V\u00e9gan<\/li>\n<li>Sans gluten<\/li>\n<li>Sans lactose<\/li>\n<li>Sans OGM<\/li>\n<li>Fabriqu\u00e9 selon les normes de qualit\u00e9 strictes de l&#8217;UE<\/li>\n<\/ul>\n","protected":false},"excerpt":{"rendered":"<p>Un taux \u00e9lev\u00e9 de testost\u00e9rone est la condition id\u00e9ale pour un d\u00e9veloppement musculaire rapide. Testo Max est un compl\u00e9ment alimentaire purement v\u00e9g\u00e9tal compos\u00e9 de substances v\u00e9g\u00e9tales, d&#8217;acides amin\u00e9s, de vitamines, de min\u00e9raux et d&#8217;oligo-\u00e9l\u00e9ments qui peuvent aider \u00e0 stimuler la production d&#8217;hormones par l&#8217;organisme. Enti\u00e8rement l\u00e9gal et sans effets secondaires. V\u00e9gan Sans gluten Sans lactose [&hellip;]<\/p>\n","protected":false},"featured_media":44171,"template":"","meta":{"_acf_changed":false},"product_brand":[10197],"product_cat":[353,348,365],"product_tag":[],"class_list":{"0":"post-21101","1":"product","2":"type-product","3":"status-publish","4":"has-post-thumbnail","6":"product_brand-gen-german-elite-nutrition-fr","7":"product_cat-supplements-sportifs","8":"product_cat-nutriments","9":"product_cat-produits-de-a-a-z","11":"first","12":"instock","13":"taxable","14":"shipping-taxable","15":"purchasable","16":"product-type-simple"},"acf":[],"_links":{"self":[{"href":"https:\/\/vitalstoffversand.com\/fr\/wp-json\/wp\/v2\/product\/21101","targetHints":{"allow":["GET"]}}],"collection":[{"href":"https:\/\/vitalstoffversand.com\/fr\/wp-json\/wp\/v2\/product"}],"about":[{"href":"https:\/\/vitalstoffversand.com\/fr\/wp-json\/wp\/v2\/types\/product"}],"wp:featuredmedia":[{"embeddable":true,"href":"https:\/\/vitalstoffversand.com\/fr\/wp-json\/wp\/v2\/media\/44171"}],"wp:attachment":[{"href":"https:\/\/vitalstoffversand.com\/fr\/wp-json\/wp\/v2\/media?parent=21101"}],"wp:term":[{"taxonomy":"product_brand","embeddable":true,"href":"https:\/\/vitalstoffversand.com\/fr\/wp-json\/wp\/v2\/product_brand?post=21101"},{"taxonomy":"product_cat","embeddable":true,"href":"https:\/\/vitalstoffversand.com\/fr\/wp-json\/wp\/v2\/product_cat?post=21101"},{"taxonomy":"product_tag","embeddable":true,"href":"https:\/\/vitalstoffversand.com\/fr\/wp-json\/wp\/v2\/product_tag?post=21101"}],"curies":[{"name":"wp","href":"https:\/\/api.w.org\/{rel}","templated":true}]}}