{"id":21040,"date":"2024-11-12T11:05:47","date_gmt":"2024-11-12T10:05:47","guid":{"rendered":"https:\/\/vitalstoffversand.com\/produkt\/gen-tribulus-max-180-gelules\/"},"modified":"2026-03-11T14:06:43","modified_gmt":"2026-03-11T13:06:43","slug":"gen-tribulus-max-180-gelules","status":"publish","type":"product","link":"https:\/\/vitalstoffversand.com\/fr\/produit\/gen-tribulus-max-180-gelules\/","title":{"rendered":"GEN <br>Tribulus Max &#8211; 180 g\u00e9lules"},"content":{"rendered":"<p>Le Tribulus Terrestris se caract\u00e9rise par sa forte teneur en saponines, dont font notamment partie les st\u00e9ro\u00efdes glycolis\u00e9s, les alcalo\u00efdes st\u00e9ro\u00efdiens et les triterp\u00e8nes.<\/p>\n<p>Le produit fournit une teneur maximale de 95 % en saponines, qui peuvent aider aussi bien les sportifs que les hommes actifs en g\u00e9n\u00e9ral.<\/p>\n<ul>\n<li>V\u00e9gan<\/li>\n<li>Sans gluten<\/li>\n<li>Sans lactose<\/li>\n<li>Sans OGM<\/li>\n<li>Fabriqu\u00e9 selon les normes de qualit\u00e9 strictes de l&#8217;UE<\/li>\n<\/ul>\n","protected":false},"excerpt":{"rendered":"<p>Le Tribulus Terrestris se caract\u00e9rise par sa forte teneur en saponines, dont font notamment partie les st\u00e9ro\u00efdes glycolis\u00e9s, les alcalo\u00efdes st\u00e9ro\u00efdiens et les triterp\u00e8nes. Le produit fournit une teneur maximale de 95 % en saponines, qui peuvent aider aussi bien les sportifs que les hommes actifs en g\u00e9n\u00e9ral. V\u00e9gan Sans gluten Sans lactose Sans OGM [&hellip;]<\/p>\n","protected":false},"featured_media":44066,"template":"","meta":{"_acf_changed":false},"product_brand":[10197],"product_cat":[353,365],"product_tag":[],"class_list":{"0":"post-21040","1":"product","2":"type-product","3":"status-publish","4":"has-post-thumbnail","6":"product_brand-gen-german-elite-nutrition-fr","7":"product_cat-supplements-sportifs","8":"product_cat-produits-de-a-a-z","10":"first","11":"instock","12":"taxable","13":"shipping-taxable","14":"purchasable","15":"product-type-simple"},"acf":[],"_links":{"self":[{"href":"https:\/\/vitalstoffversand.com\/fr\/wp-json\/wp\/v2\/product\/21040","targetHints":{"allow":["GET"]}}],"collection":[{"href":"https:\/\/vitalstoffversand.com\/fr\/wp-json\/wp\/v2\/product"}],"about":[{"href":"https:\/\/vitalstoffversand.com\/fr\/wp-json\/wp\/v2\/types\/product"}],"wp:featuredmedia":[{"embeddable":true,"href":"https:\/\/vitalstoffversand.com\/fr\/wp-json\/wp\/v2\/media\/44066"}],"wp:attachment":[{"href":"https:\/\/vitalstoffversand.com\/fr\/wp-json\/wp\/v2\/media?parent=21040"}],"wp:term":[{"taxonomy":"product_brand","embeddable":true,"href":"https:\/\/vitalstoffversand.com\/fr\/wp-json\/wp\/v2\/product_brand?post=21040"},{"taxonomy":"product_cat","embeddable":true,"href":"https:\/\/vitalstoffversand.com\/fr\/wp-json\/wp\/v2\/product_cat?post=21040"},{"taxonomy":"product_tag","embeddable":true,"href":"https:\/\/vitalstoffversand.com\/fr\/wp-json\/wp\/v2\/product_tag?post=21040"}],"curies":[{"name":"wp","href":"https:\/\/api.w.org\/{rel}","templated":true}]}}