{"id":21033,"date":"2024-11-12T11:04:15","date_gmt":"2024-11-12T10:04:15","guid":{"rendered":"https:\/\/vitalstoffversand.com\/produkt\/gen-joint-essentials-180-comprimes\/"},"modified":"2026-03-11T14:05:23","modified_gmt":"2026-03-11T13:05:23","slug":"gen-joint-essentials-180-comprimes","status":"publish","type":"product","link":"https:\/\/vitalstoffversand.com\/fr\/produit\/gen-joint-essentials-180-comprimes\/","title":{"rendered":"GEN <br>Joint Essentials &#8211; 180 comprim\u00e9s"},"content":{"rendered":"<p>Joint Essentials est une formule compos\u00e9e de 8 ingr\u00e9dients naturels hautement dos\u00e9s qui soutiennent les articulations.<\/p>\n<p>Les g\u00e9lules contiennent de la glucosamine, de la chondro\u00eftine, du MSM, du cissus quadrangularis, de l&#8217;encens, de l&#8217;acide hyaluronique, du collag\u00e8ne et de la vitamine C.<\/p>\n<ul>\n<li>Sans gluten<\/li>\n<li>Sans lactose<\/li>\n<li>Sans OGM<\/li>\n<li>Fabriqu\u00e9 selon les normes de qualit\u00e9 strictes de l&#8217;UE<\/li>\n<\/ul>\n","protected":false},"excerpt":{"rendered":"<p>Joint Essentials est une formule compos\u00e9e de 8 ingr\u00e9dients naturels hautement dos\u00e9s qui soutiennent les articulations. Les g\u00e9lules contiennent de la glucosamine, de la chondro\u00eftine, du MSM, du cissus quadrangularis, de l&#8217;encens, de l&#8217;acide hyaluronique, du collag\u00e8ne et de la vitamine C. Sans gluten Sans lactose Sans OGM Fabriqu\u00e9 selon les normes de qualit\u00e9 strictes [&hellip;]<\/p>\n","protected":false},"featured_media":49204,"template":"","meta":{"_acf_changed":false},"product_brand":[10197],"product_cat":[348,365],"product_tag":[],"class_list":{"0":"post-21033","1":"product","2":"type-product","3":"status-publish","4":"has-post-thumbnail","6":"product_brand-gen-german-elite-nutrition-fr","7":"product_cat-nutriments","8":"product_cat-produits-de-a-a-z","10":"first","11":"instock","12":"taxable","13":"shipping-taxable","14":"purchasable","15":"product-type-simple"},"acf":[],"_links":{"self":[{"href":"https:\/\/vitalstoffversand.com\/fr\/wp-json\/wp\/v2\/product\/21033","targetHints":{"allow":["GET"]}}],"collection":[{"href":"https:\/\/vitalstoffversand.com\/fr\/wp-json\/wp\/v2\/product"}],"about":[{"href":"https:\/\/vitalstoffversand.com\/fr\/wp-json\/wp\/v2\/types\/product"}],"wp:featuredmedia":[{"embeddable":true,"href":"https:\/\/vitalstoffversand.com\/fr\/wp-json\/wp\/v2\/media\/49204"}],"wp:attachment":[{"href":"https:\/\/vitalstoffversand.com\/fr\/wp-json\/wp\/v2\/media?parent=21033"}],"wp:term":[{"taxonomy":"product_brand","embeddable":true,"href":"https:\/\/vitalstoffversand.com\/fr\/wp-json\/wp\/v2\/product_brand?post=21033"},{"taxonomy":"product_cat","embeddable":true,"href":"https:\/\/vitalstoffversand.com\/fr\/wp-json\/wp\/v2\/product_cat?post=21033"},{"taxonomy":"product_tag","embeddable":true,"href":"https:\/\/vitalstoffversand.com\/fr\/wp-json\/wp\/v2\/product_tag?post=21033"}],"curies":[{"name":"wp","href":"https:\/\/api.w.org\/{rel}","templated":true}]}}