{"id":21018,"date":"2024-11-12T10:56:30","date_gmt":"2024-11-12T09:56:30","guid":{"rendered":"https:\/\/vitalstoffversand.com\/produkt\/gen-maca-extreme-365-gelules\/"},"modified":"2026-03-11T14:01:20","modified_gmt":"2026-03-11T13:01:20","slug":"gen-maca-extreme-365-gelules","status":"publish","type":"product","link":"https:\/\/vitalstoffversand.com\/fr\/produit\/gen-maca-extreme-365-gelules\/","title":{"rendered":"GEN <br>Maca Extreme &#8211; 365 g\u00e9lules"},"content":{"rendered":"<p>La maca pousse dans les Andes p\u00e9ruviennes et est appr\u00e9ci\u00e9e depuis l&#8217;\u00e9poque des Incas.<\/p>\n<p>La racine de la plante, dont est \u00e9galement extraite la poudre de maca, est riche en vitamines, en min\u00e9raux, en prot\u00e9ines, en acides amin\u00e9s et en acides gras om\u00e9ga-3.<\/p>\n<p>Chaque g\u00e9lule contient 600 mg d&#8217;extrait de racine de maca 10:1, ce qui correspond \u00e0 6 g de poudre de racine.<\/p>\n<ul>\n<li>V\u00e9gan<\/li>\n<li>Sans gluten<\/li>\n<li>Sans lactose<\/li>\n<li>Sans OGM<\/li>\n<li>Fabriqu\u00e9 selon les normes de qualit\u00e9 strictes de l&#8217;UE<\/li>\n<\/ul>\n","protected":false},"excerpt":{"rendered":"<p>La maca pousse dans les Andes p\u00e9ruviennes et est appr\u00e9ci\u00e9e depuis l&#8217;\u00e9poque des Incas. La racine de la plante, dont est \u00e9galement extraite la poudre de maca, est riche en vitamines, en min\u00e9raux, en prot\u00e9ines, en acides amin\u00e9s et en acides gras om\u00e9ga-3. Chaque g\u00e9lule contient 600 mg d&#8217;extrait de racine de maca 10:1, ce [&hellip;]<\/p>\n","protected":false},"featured_media":43938,"template":"","meta":{"_acf_changed":false},"product_brand":[10197],"product_cat":[348,365],"product_tag":[],"class_list":{"0":"post-21018","1":"product","2":"type-product","3":"status-publish","4":"has-post-thumbnail","6":"product_brand-gen-german-elite-nutrition-fr","7":"product_cat-nutriments","8":"product_cat-produits-de-a-a-z","10":"first","11":"instock","12":"taxable","13":"shipping-taxable","14":"purchasable","15":"product-type-simple"},"acf":[],"_links":{"self":[{"href":"https:\/\/vitalstoffversand.com\/fr\/wp-json\/wp\/v2\/product\/21018","targetHints":{"allow":["GET"]}}],"collection":[{"href":"https:\/\/vitalstoffversand.com\/fr\/wp-json\/wp\/v2\/product"}],"about":[{"href":"https:\/\/vitalstoffversand.com\/fr\/wp-json\/wp\/v2\/types\/product"}],"wp:featuredmedia":[{"embeddable":true,"href":"https:\/\/vitalstoffversand.com\/fr\/wp-json\/wp\/v2\/media\/43938"}],"wp:attachment":[{"href":"https:\/\/vitalstoffversand.com\/fr\/wp-json\/wp\/v2\/media?parent=21018"}],"wp:term":[{"taxonomy":"product_brand","embeddable":true,"href":"https:\/\/vitalstoffversand.com\/fr\/wp-json\/wp\/v2\/product_brand?post=21018"},{"taxonomy":"product_cat","embeddable":true,"href":"https:\/\/vitalstoffversand.com\/fr\/wp-json\/wp\/v2\/product_cat?post=21018"},{"taxonomy":"product_tag","embeddable":true,"href":"https:\/\/vitalstoffversand.com\/fr\/wp-json\/wp\/v2\/product_tag?post=21018"}],"curies":[{"name":"wp","href":"https:\/\/api.w.org\/{rel}","templated":true}]}}