{"id":21011,"date":"2024-11-11T19:29:09","date_gmt":"2024-11-11T18:29:09","guid":{"rendered":"https:\/\/vitalstoffversand.com\/produkt\/gen-acetyl-l-carnitine-250-gelules\/"},"modified":"2026-03-11T14:01:25","modified_gmt":"2026-03-11T13:01:25","slug":"gen-acetyl-l-carnitine-250-gelules","status":"publish","type":"product","link":"https:\/\/vitalstoffversand.com\/fr\/produit\/gen-acetyl-l-carnitine-250-gelules\/","title":{"rendered":"GEN <br>Ac\u00e9tyl L-Carnitine &#8211; 250 g\u00e9lules"},"content":{"rendered":"<p>La nature de l&#8217;ac\u00e9tyl L-carnitine est similaire \u00e0 celle de l&#8217;acide amin\u00e9 L-carnitine.<\/p>\n<p>Parmi les propri\u00e9t\u00e9s de l&#8217;ac\u00e9tyl L-carnitine, on trouve la m\u00e9tabolisation des aliments et leur transformation en \u00e9nergie. Par rapport \u00e0 la L-carnitine, l&#8217;ac\u00e9tyl L-carnitine est absorb\u00e9e plus rapidement et plus efficacement par les cellules et peut donc \u00eatre utilis\u00e9e plus efficacement par le corps.<\/p>\n<ul>\n<li>V\u00e9gan<\/li>\n<li>Sans gluten<\/li>\n<li>Sans lactose<\/li>\n<li>Sans OGM<\/li>\n<li>Fabriqu\u00e9 selon les normes de qualit\u00e9 strictes de l&#8217;UE<\/li>\n<\/ul>\n","protected":false},"excerpt":{"rendered":"<p>La nature de l&#8217;ac\u00e9tyl L-carnitine est similaire \u00e0 celle de l&#8217;acide amin\u00e9 L-carnitine. Parmi les propri\u00e9t\u00e9s de l&#8217;ac\u00e9tyl L-carnitine, on trouve la m\u00e9tabolisation des aliments et leur transformation en \u00e9nergie. Par rapport \u00e0 la L-carnitine, l&#8217;ac\u00e9tyl L-carnitine est absorb\u00e9e plus rapidement et plus efficacement par les cellules et peut donc \u00eatre utilis\u00e9e plus efficacement par [&hellip;]<\/p>\n","protected":false},"featured_media":43898,"template":"","meta":{"_acf_changed":false},"product_brand":[10197],"product_cat":[348,365],"product_tag":[],"class_list":{"0":"post-21011","1":"product","2":"type-product","3":"status-publish","4":"has-post-thumbnail","6":"product_brand-gen-german-elite-nutrition-fr","7":"product_cat-nutriments","8":"product_cat-produits-de-a-a-z","10":"first","11":"instock","12":"taxable","13":"shipping-taxable","14":"purchasable","15":"product-type-simple"},"acf":[],"_links":{"self":[{"href":"https:\/\/vitalstoffversand.com\/fr\/wp-json\/wp\/v2\/product\/21011","targetHints":{"allow":["GET"]}}],"collection":[{"href":"https:\/\/vitalstoffversand.com\/fr\/wp-json\/wp\/v2\/product"}],"about":[{"href":"https:\/\/vitalstoffversand.com\/fr\/wp-json\/wp\/v2\/types\/product"}],"wp:featuredmedia":[{"embeddable":true,"href":"https:\/\/vitalstoffversand.com\/fr\/wp-json\/wp\/v2\/media\/43898"}],"wp:attachment":[{"href":"https:\/\/vitalstoffversand.com\/fr\/wp-json\/wp\/v2\/media?parent=21011"}],"wp:term":[{"taxonomy":"product_brand","embeddable":true,"href":"https:\/\/vitalstoffversand.com\/fr\/wp-json\/wp\/v2\/product_brand?post=21011"},{"taxonomy":"product_cat","embeddable":true,"href":"https:\/\/vitalstoffversand.com\/fr\/wp-json\/wp\/v2\/product_cat?post=21011"},{"taxonomy":"product_tag","embeddable":true,"href":"https:\/\/vitalstoffversand.com\/fr\/wp-json\/wp\/v2\/product_tag?post=21011"}],"curies":[{"name":"wp","href":"https:\/\/api.w.org\/{rel}","templated":true}]}}