{"id":21004,"date":"2025-01-13T17:49:08","date_gmt":"2025-01-13T16:49:08","guid":{"rendered":"https:\/\/vitalstoffversand.com\/produkt\/bonemis-huile-dalgues-omega-3-180-gelules\/"},"modified":"2026-03-11T13:34:49","modified_gmt":"2026-03-11T12:34:49","slug":"bonemis-huile-dalgues-omega-3-180-gelules","status":"publish","type":"product","link":"https:\/\/vitalstoffversand.com\/fr\/produit\/bonemis-huile-dalgues-omega-3-180-gelules\/","title":{"rendered":"Bonemis <br>Huile d&#8217;algues om\u00e9ga 3 &#8211; 180 g\u00e9lules"},"content":{"rendered":"<p>Les acides gras om\u00e9ga-3 sont essentiels pour notre corps et sont principalement absorb\u00e9s par l&#8217;alimentation maritime.<\/p>\n<p>L&#8217;huile d&#8217;algues est la source parfaite d&#8217;om\u00e9ga-3 pour tous ceux qui ont peu de poisson de mer dans leur r\u00e9gime alimentaire ou qui renoncent compl\u00e8tement au poisson en raison d&#8217;un r\u00e9gime v\u00e9g\u00e9tarien ou v\u00e9g\u00e9talien.<\/p>\n<p>Chaque g\u00e9lule contient 500 mg d&#8217;huile d&#8217;algues, avec une teneur de 40%. <a href=\"https:\/\/vitalstoffversand.com\/knowledge-base\/docosahexaensaeure-dha\/\" target=\"_blank\" rel=\"noopener\"><strong><span style=\"color: #0000ff;\">\u2192 DHA<\/span><\/strong><\/a> (acide docosahexa\u00e9no\u00efque) et 20 pour cent <a href=\"https:\/\/vitalstoffversand.com\/knowledge-base\/eicosapentaensaeure-und-docosahexaensaeure-epa-dha\/\" target=\"_blank\" rel=\"noopener\"><strong><span style=\"color: #0000ff;\">\u2192 EPA<\/span><\/strong><\/a> (acide eicosapenta\u00e9no\u00efque).<\/p>\n<ul>\n<li>V\u00e9gan<\/li>\n<li>Sans gluten<\/li>\n<li>Sans lactose<\/li>\n<li>Sans OGM<\/li>\n<li>Fabriqu\u00e9 selon les normes de qualit\u00e9 strictes de l&#8217;UE<\/li>\n<\/ul>\n","protected":false},"excerpt":{"rendered":"<p>Les acides gras om\u00e9ga-3 sont essentiels pour notre corps et sont principalement absorb\u00e9s par l&#8217;alimentation maritime. L&#8217;huile d&#8217;algues est la source parfaite d&#8217;om\u00e9ga-3 pour tous ceux qui ont peu de poisson de mer dans leur r\u00e9gime alimentaire ou qui renoncent compl\u00e8tement au poisson en raison d&#8217;un r\u00e9gime v\u00e9g\u00e9tarien ou v\u00e9g\u00e9talien. Chaque g\u00e9lule contient 500 mg [&hellip;]<\/p>\n","protected":false},"featured_media":42189,"template":"","meta":{"_acf_changed":false},"product_brand":[10232],"product_cat":[337,365],"product_tag":[],"class_list":{"0":"post-21004","1":"product","2":"type-product","3":"status-publish","4":"has-post-thumbnail","6":"product_brand-bonemis-fr","7":"product_cat-acides-gras","8":"product_cat-produits-de-a-a-z","10":"first","11":"instock","12":"taxable","13":"shipping-taxable","14":"purchasable","15":"product-type-simple"},"acf":[],"_links":{"self":[{"href":"https:\/\/vitalstoffversand.com\/fr\/wp-json\/wp\/v2\/product\/21004","targetHints":{"allow":["GET"]}}],"collection":[{"href":"https:\/\/vitalstoffversand.com\/fr\/wp-json\/wp\/v2\/product"}],"about":[{"href":"https:\/\/vitalstoffversand.com\/fr\/wp-json\/wp\/v2\/types\/product"}],"wp:featuredmedia":[{"embeddable":true,"href":"https:\/\/vitalstoffversand.com\/fr\/wp-json\/wp\/v2\/media\/42189"}],"wp:attachment":[{"href":"https:\/\/vitalstoffversand.com\/fr\/wp-json\/wp\/v2\/media?parent=21004"}],"wp:term":[{"taxonomy":"product_brand","embeddable":true,"href":"https:\/\/vitalstoffversand.com\/fr\/wp-json\/wp\/v2\/product_brand?post=21004"},{"taxonomy":"product_cat","embeddable":true,"href":"https:\/\/vitalstoffversand.com\/fr\/wp-json\/wp\/v2\/product_cat?post=21004"},{"taxonomy":"product_tag","embeddable":true,"href":"https:\/\/vitalstoffversand.com\/fr\/wp-json\/wp\/v2\/product_tag?post=21004"}],"curies":[{"name":"wp","href":"https:\/\/api.w.org\/{rel}","templated":true}]}}