{"id":20987,"date":"2025-02-22T16:23:31","date_gmt":"2025-02-22T15:23:31","guid":{"rendered":"https:\/\/vitalstoffversand.com\/?post_type=product&#038;p=20987"},"modified":"2026-03-11T13:34:45","modified_gmt":"2026-03-11T12:34:45","slug":"poudre-de-zeolithe-premium-1000-g","status":"publish","type":"product","link":"https:\/\/vitalstoffversand.com\/fr\/produit\/poudre-de-zeolithe-premium-1000-g\/","title":{"rendered":"Bonemis <br>Poudre de z\u00e9olithe premium &#8211; 1000 g"},"content":{"rendered":"<p>Qualit\u00e9 sup\u00e9rieure provenant de <strong>zones d&#8217;extraction en Allemagne<\/strong>.<\/p>\n<p>Z\u00e9olite clinoptilolite microfine avec une taille de particules de 10-50 \u00b5m, dont 50 pour cent dans la plage de 10-20 \u00b5m.<\/p>\n<p>La z\u00e9olithe clinoptilolite est compos\u00e9e de min\u00e9raux volcaniques naturels et pr\u00e9sente de tr\u00e8s bonnes propri\u00e9t\u00e9s avec une teneur en clinoptilolite de 93 %, une teneur en silicium de 72 % et seulement 11,9 % d&#8217;oxyde d&#8217;aluminium.<\/p>\n<p>La poudre est \u00e9galement exempte de nanoparticules potentiellement critiques.<\/p>\n<ul>\n<li><strong><span style=\"color: #ff0000;\">La z\u00e9olite clinoptilolite n&#8217;est pas autoris\u00e9e comme compl\u00e9ment alimentaire dans l&#8217;UE.<\/span><\/strong><\/li>\n<li><strong><span style=\"color: #ff0000;\">Autoris\u00e9 comme additif technologique dans les aliments pour animaux conform\u00e9ment au r\u00e8glement (UE) n\u00b0 651\/2013.<\/span><\/strong><\/li>\n<\/ul>\n","protected":false},"excerpt":{"rendered":"<p>Qualit\u00e9 sup\u00e9rieure provenant de zones d&#8217;extraction en Allemagne. Z\u00e9olite clinoptilolite microfine avec une taille de particules de 10-50 \u00b5m, dont 50 pour cent dans la plage de 10-20 \u00b5m. La z\u00e9olithe clinoptilolite est compos\u00e9e de min\u00e9raux volcaniques naturels et pr\u00e9sente de tr\u00e8s bonnes propri\u00e9t\u00e9s avec une teneur en clinoptilolite de 93 %, une teneur en [&hellip;]<\/p>\n","protected":false},"featured_media":62726,"template":"","meta":{"_acf_changed":false},"product_brand":[10232],"product_cat":[365],"product_tag":[],"class_list":{"0":"post-20987","1":"product","2":"type-product","3":"status-publish","4":"has-post-thumbnail","6":"product_brand-bonemis-fr","7":"product_cat-produits-de-a-a-z","9":"first","10":"instock","11":"taxable","12":"shipping-taxable","13":"purchasable","14":"product-type-simple"},"acf":[],"_links":{"self":[{"href":"https:\/\/vitalstoffversand.com\/fr\/wp-json\/wp\/v2\/product\/20987","targetHints":{"allow":["GET"]}}],"collection":[{"href":"https:\/\/vitalstoffversand.com\/fr\/wp-json\/wp\/v2\/product"}],"about":[{"href":"https:\/\/vitalstoffversand.com\/fr\/wp-json\/wp\/v2\/types\/product"}],"wp:featuredmedia":[{"embeddable":true,"href":"https:\/\/vitalstoffversand.com\/fr\/wp-json\/wp\/v2\/media\/62726"}],"wp:attachment":[{"href":"https:\/\/vitalstoffversand.com\/fr\/wp-json\/wp\/v2\/media?parent=20987"}],"wp:term":[{"taxonomy":"product_brand","embeddable":true,"href":"https:\/\/vitalstoffversand.com\/fr\/wp-json\/wp\/v2\/product_brand?post=20987"},{"taxonomy":"product_cat","embeddable":true,"href":"https:\/\/vitalstoffversand.com\/fr\/wp-json\/wp\/v2\/product_cat?post=20987"},{"taxonomy":"product_tag","embeddable":true,"href":"https:\/\/vitalstoffversand.com\/fr\/wp-json\/wp\/v2\/product_tag?post=20987"}],"curies":[{"name":"wp","href":"https:\/\/api.w.org\/{rel}","templated":true}]}}