{"id":20501,"date":"2024-10-30T16:23:34","date_gmt":"2024-10-30T15:23:34","guid":{"rendered":"https:\/\/vitalstoffversand.com\/produkt\/vit4ever-saw-palmetto-extrait-de-palmier-nain-180-gelules\/"},"modified":"2026-03-12T15:25:45","modified_gmt":"2026-03-12T14:25:45","slug":"vit4ever-saw-palmetto-extrait-de-palmier-nain-180-gelules","status":"publish","type":"product","link":"https:\/\/vitalstoffversand.com\/fr\/produit\/vit4ever-saw-palmetto-extrait-de-palmier-nain-180-gelules\/","title":{"rendered":"Vit4ever <br>Extrait de palmier nain &#8211; 180 g\u00e9lules"},"content":{"rendered":"<p>Les fruits du palmier nain (Serenoa repens) sont riches en phytost\u00e9rols et en acides gras et sont utilis\u00e9s en m\u00e9decine chez les hommes contre l&#8217;hyperplasie b\u00e9nigne de la prostate.<\/p>\n<p>Les effets souvent propag\u00e9s, par exemple contre le cancer de la prostate, la chute des cheveux, etc. sont tout \u00e0 fait possibles, mais pas suffisamment prouv\u00e9s.<\/p>\n<ul>\n<li>V\u00e9gan<\/li>\n<li>Sans gluten<\/li>\n<li>Sans lactose<\/li>\n<li>Sans OGM<\/li>\n<li>Fabriqu\u00e9 selon les normes de qualit\u00e9 strictes de l&#8217;UE<\/li>\n<\/ul>\n","protected":false},"excerpt":{"rendered":"<p>Les fruits du palmier nain (Serenoa repens) sont riches en phytost\u00e9rols et en acides gras et sont utilis\u00e9s en m\u00e9decine chez les hommes contre l&#8217;hyperplasie b\u00e9nigne de la prostate. Les effets souvent propag\u00e9s, par exemple contre le cancer de la prostate, la chute des cheveux, etc. sont tout \u00e0 fait possibles, mais pas suffisamment prouv\u00e9s. [&hellip;]<\/p>\n","protected":false},"featured_media":49540,"template":"","meta":{"_acf_changed":false},"product_brand":[10217],"product_cat":[348,365],"product_tag":[],"class_list":{"0":"post-20501","1":"product","2":"type-product","3":"status-publish","4":"has-post-thumbnail","6":"product_brand-vit4ever-fr","7":"product_cat-nutriments","8":"product_cat-produits-de-a-a-z","10":"first","11":"instock","12":"taxable","13":"shipping-taxable","14":"purchasable","15":"product-type-simple"},"acf":[],"_links":{"self":[{"href":"https:\/\/vitalstoffversand.com\/fr\/wp-json\/wp\/v2\/product\/20501","targetHints":{"allow":["GET"]}}],"collection":[{"href":"https:\/\/vitalstoffversand.com\/fr\/wp-json\/wp\/v2\/product"}],"about":[{"href":"https:\/\/vitalstoffversand.com\/fr\/wp-json\/wp\/v2\/types\/product"}],"wp:featuredmedia":[{"embeddable":true,"href":"https:\/\/vitalstoffversand.com\/fr\/wp-json\/wp\/v2\/media\/49540"}],"wp:attachment":[{"href":"https:\/\/vitalstoffversand.com\/fr\/wp-json\/wp\/v2\/media?parent=20501"}],"wp:term":[{"taxonomy":"product_brand","embeddable":true,"href":"https:\/\/vitalstoffversand.com\/fr\/wp-json\/wp\/v2\/product_brand?post=20501"},{"taxonomy":"product_cat","embeddable":true,"href":"https:\/\/vitalstoffversand.com\/fr\/wp-json\/wp\/v2\/product_cat?post=20501"},{"taxonomy":"product_tag","embeddable":true,"href":"https:\/\/vitalstoffversand.com\/fr\/wp-json\/wp\/v2\/product_tag?post=20501"}],"curies":[{"name":"wp","href":"https:\/\/api.w.org\/{rel}","templated":true}]}}