{"id":20492,"date":"2024-10-30T15:19:50","date_gmt":"2024-10-30T14:19:50","guid":{"rendered":"https:\/\/vitalstoffversand.com\/produkt\/vit4ever-vitamine-c-1000-mg-365-comprimes\/"},"modified":"2026-03-12T15:21:51","modified_gmt":"2026-03-12T14:21:51","slug":"vit4ever-vitamine-c-1000-mg-365-comprimes","status":"publish","type":"product","link":"https:\/\/vitalstoffversand.com\/fr\/produit\/vit4ever-vitamine-c-1000-mg-365-comprimes\/","title":{"rendered":"Vit4ever <br>Vitamine C 1000 mg &#8211; 365 comprim\u00e9s"},"content":{"rendered":"<p>La vitamine C est une vitamine tr\u00e8s polyvalente et extr\u00eamement importante, \u00e9galement connue sous le nom d&#8217;acide ascorbique.<\/p>\n<p>Comme la <a href=\"https:\/\/vitalstoffversand.com\/knowledge-base\/vitamin-c\/\" target=\"_blank\" rel=\"noopener\"><strong><span style=\"color: #0000ff;\">\u2192 vitamine C<\/span><\/strong><\/a> est soluble dans l&#8217;eau et ne peut pas \u00eatre produite par le corps lui-m\u00eame, elle doit \u00eatre fournie en permanence \u00e0 l&#8217;organisme.<\/p>\n<p>Gr\u00e2ce \u00e0 la composition sp\u00e9ciale des ingr\u00e9dients, la vitamine C de ce produit est lib\u00e9r\u00e9e de mani\u00e8re diff\u00e9r\u00e9e, ce qui permet d&#8217;alimenter le corps pendant plusieurs heures.<\/p>\n<ul>\n<li>V\u00e9gan<\/li>\n<li>Sans gluten<\/li>\n<li>Sans lactose<\/li>\n<li>Sans OGM<\/li>\n<li>Fabriqu\u00e9 selon les normes de qualit\u00e9 strictes de l&#8217;UE<\/li>\n<\/ul>\n","protected":false},"excerpt":{"rendered":"<p>La vitamine C est une vitamine tr\u00e8s polyvalente et extr\u00eamement importante, \u00e9galement connue sous le nom d&#8217;acide ascorbique. Comme la \u2192 vitamine C est soluble dans l&#8217;eau et ne peut pas \u00eatre produite par le corps lui-m\u00eame, elle doit \u00eatre fournie en permanence \u00e0 l&#8217;organisme. Gr\u00e2ce \u00e0 la composition sp\u00e9ciale des ingr\u00e9dients, la vitamine C [&hellip;]<\/p>\n","protected":false},"featured_media":49500,"template":"","meta":{"_acf_changed":false},"product_brand":[10217],"product_cat":[308,365],"product_tag":[],"class_list":{"0":"post-20492","1":"product","2":"type-product","3":"status-publish","4":"has-post-thumbnail","6":"product_brand-vit4ever-fr","7":"product_cat-vitamines","8":"product_cat-produits-de-a-a-z","10":"first","11":"instock","12":"taxable","13":"shipping-taxable","14":"purchasable","15":"product-type-simple"},"acf":[],"_links":{"self":[{"href":"https:\/\/vitalstoffversand.com\/fr\/wp-json\/wp\/v2\/product\/20492","targetHints":{"allow":["GET"]}}],"collection":[{"href":"https:\/\/vitalstoffversand.com\/fr\/wp-json\/wp\/v2\/product"}],"about":[{"href":"https:\/\/vitalstoffversand.com\/fr\/wp-json\/wp\/v2\/types\/product"}],"wp:featuredmedia":[{"embeddable":true,"href":"https:\/\/vitalstoffversand.com\/fr\/wp-json\/wp\/v2\/media\/49500"}],"wp:attachment":[{"href":"https:\/\/vitalstoffversand.com\/fr\/wp-json\/wp\/v2\/media?parent=20492"}],"wp:term":[{"taxonomy":"product_brand","embeddable":true,"href":"https:\/\/vitalstoffversand.com\/fr\/wp-json\/wp\/v2\/product_brand?post=20492"},{"taxonomy":"product_cat","embeddable":true,"href":"https:\/\/vitalstoffversand.com\/fr\/wp-json\/wp\/v2\/product_cat?post=20492"},{"taxonomy":"product_tag","embeddable":true,"href":"https:\/\/vitalstoffversand.com\/fr\/wp-json\/wp\/v2\/product_tag?post=20492"}],"curies":[{"name":"wp","href":"https:\/\/api.w.org\/{rel}","templated":true}]}}