{"id":20485,"date":"2024-10-30T15:02:43","date_gmt":"2024-10-30T14:02:43","guid":{"rendered":"https:\/\/vitalstoffversand.com\/produkt\/vit4ever-vitamine-e-400-i-u-365-gelules\/"},"modified":"2026-03-12T15:16:51","modified_gmt":"2026-03-12T14:16:51","slug":"vit4ever-vitamine-e-400-i-u-365-gelules","status":"publish","type":"product","link":"https:\/\/vitalstoffversand.com\/fr\/produit\/vit4ever-vitamine-e-400-i-u-365-gelules\/","title":{"rendered":"Vit4ever <br>Vitamine E 400 I.U. &#8211; 365 g\u00e9lules"},"content":{"rendered":"<p>Vitamine E naturelle sous forme de D-alpha tocoph\u00e9rol issu du tournesol.<\/p>\n<p><a href=\"https:\/\/vitalstoffversand.com\/knowledge-base\/vitamin-e\/\" target=\"_blank\" rel=\"noopener\"><strong><span style=\"color: #0000ff;\">\u2192 La vitamine E<\/span><\/strong><\/a> est une vitamine liposoluble et est stock\u00e9e par le corps, de sorte qu&#8217;une prise peut \u00e9galement \u00eatre espac\u00e9e de plusieurs jours en raison de la dose unique \u00e9lev\u00e9e.<\/p>\n<ul>\n<li>Sans gluten<\/li>\n<li>Sans lactose<\/li>\n<li>Sans OGM<\/li>\n<li>Fabriqu\u00e9 selon les normes de qualit\u00e9 strictes de l&#8217;UE<\/li>\n<\/ul>\n","protected":false},"excerpt":{"rendered":"<p>Vitamine E naturelle sous forme de D-alpha tocoph\u00e9rol issu du tournesol. \u2192 La vitamine E est une vitamine liposoluble et est stock\u00e9e par le corps, de sorte qu&#8217;une prise peut \u00e9galement \u00eatre espac\u00e9e de plusieurs jours en raison de la dose unique \u00e9lev\u00e9e. Sans gluten Sans lactose Sans OGM Fabriqu\u00e9 selon les normes de qualit\u00e9 [&hellip;]<\/p>\n","protected":false},"featured_media":49460,"template":"","meta":{"_acf_changed":false},"product_brand":[10217],"product_cat":[308,365],"product_tag":[],"class_list":{"0":"post-20485","1":"product","2":"type-product","3":"status-publish","4":"has-post-thumbnail","6":"product_brand-vit4ever-fr","7":"product_cat-vitamines","8":"product_cat-produits-de-a-a-z","10":"first","11":"instock","12":"taxable","13":"shipping-taxable","14":"purchasable","15":"product-type-simple"},"acf":[],"_links":{"self":[{"href":"https:\/\/vitalstoffversand.com\/fr\/wp-json\/wp\/v2\/product\/20485","targetHints":{"allow":["GET"]}}],"collection":[{"href":"https:\/\/vitalstoffversand.com\/fr\/wp-json\/wp\/v2\/product"}],"about":[{"href":"https:\/\/vitalstoffversand.com\/fr\/wp-json\/wp\/v2\/types\/product"}],"wp:featuredmedia":[{"embeddable":true,"href":"https:\/\/vitalstoffversand.com\/fr\/wp-json\/wp\/v2\/media\/49460"}],"wp:attachment":[{"href":"https:\/\/vitalstoffversand.com\/fr\/wp-json\/wp\/v2\/media?parent=20485"}],"wp:term":[{"taxonomy":"product_brand","embeddable":true,"href":"https:\/\/vitalstoffversand.com\/fr\/wp-json\/wp\/v2\/product_brand?post=20485"},{"taxonomy":"product_cat","embeddable":true,"href":"https:\/\/vitalstoffversand.com\/fr\/wp-json\/wp\/v2\/product_cat?post=20485"},{"taxonomy":"product_tag","embeddable":true,"href":"https:\/\/vitalstoffversand.com\/fr\/wp-json\/wp\/v2\/product_tag?post=20485"}],"curies":[{"name":"wp","href":"https:\/\/api.w.org\/{rel}","templated":true}]}}