{"id":20477,"date":"2025-01-08T15:55:59","date_gmt":"2025-01-08T14:55:59","guid":{"rendered":"https:\/\/vitalstoffversand.com\/produkt\/vit4ever-betaine-en-poudre-150-g\/"},"modified":"2026-03-16T15:58:12","modified_gmt":"2026-03-16T14:58:12","slug":"vit4ever-betaine-en-poudre-150-g","status":"publish","type":"product","link":"https:\/\/vitalstoffversand.com\/fr\/produit\/vit4ever-betaine-en-poudre-150-g\/","title":{"rendered":"Vit4ever <br>B\u00e9ta\u00efne TMG en poudre &#8211; 150 g"},"content":{"rendered":"<div id=\"tab-description\" class=\"woocommerce-Tabs-panel woocommerce-Tabs-panel--description panel entry-content wc-tab\" role=\"tabpanel\" aria-labelledby=\"tab-title-description\">La b\u00e9ta\u00efne in est un osmolyte qui peut r\u00e9guler l&#8217;\u00e9quilibre hydrique des cellules.<\/div>\n<div role=\"tabpanel\" aria-labelledby=\"tab-title-description\"><\/div>\n<div role=\"tabpanel\" aria-labelledby=\"tab-title-description\">Ici, sous forme de poudre, le produit se m\u00e9lange tr\u00e8s bien dans un liquide et constitue une bonne alternative m\u00eame pour ceux qui ne peuvent ou ne veulent pas prendre de g\u00e9lules.<\/div>\n<div role=\"tabpanel\" aria-labelledby=\"tab-title-description\"><\/div>\n<div class=\"woocommerce-Tabs-panel woocommerce-Tabs-panel--description panel entry-content wc-tab\" role=\"tabpanel\" aria-labelledby=\"tab-title-description\">\n<ul>\n<li>V\u00e9gan<\/li>\n<li>Sans gluten<\/li>\n<li>Sans lactose<\/li>\n<li>Sans OGM<\/li>\n<li>Fabriqu\u00e9 selon les normes de qualit\u00e9 strictes de l&#8217;UE<\/li>\n<\/ul>\n<\/div>\n","protected":false},"excerpt":{"rendered":"<p>La b\u00e9ta\u00efne in est un osmolyte qui peut r\u00e9guler l&#8217;\u00e9quilibre hydrique des cellules. Ici, sous forme de poudre, le produit se m\u00e9lange tr\u00e8s bien dans un liquide et constitue une bonne alternative m\u00eame pour ceux qui ne peuvent ou ne veulent pas prendre de g\u00e9lules. V\u00e9gan Sans gluten Sans lactose Sans OGM Fabriqu\u00e9 selon les [&hellip;]<\/p>\n","protected":false},"featured_media":56599,"template":"","meta":{"_acf_changed":false},"product_brand":[10217],"product_cat":[348,365],"product_tag":[],"class_list":{"0":"post-20477","1":"product","2":"type-product","3":"status-publish","4":"has-post-thumbnail","6":"product_brand-vit4ever-fr","7":"product_cat-nutriments","8":"product_cat-produits-de-a-a-z","10":"first","11":"instock","12":"taxable","13":"shipping-taxable","14":"purchasable","15":"product-type-simple"},"acf":[],"_links":{"self":[{"href":"https:\/\/vitalstoffversand.com\/fr\/wp-json\/wp\/v2\/product\/20477","targetHints":{"allow":["GET"]}}],"collection":[{"href":"https:\/\/vitalstoffversand.com\/fr\/wp-json\/wp\/v2\/product"}],"about":[{"href":"https:\/\/vitalstoffversand.com\/fr\/wp-json\/wp\/v2\/types\/product"}],"wp:featuredmedia":[{"embeddable":true,"href":"https:\/\/vitalstoffversand.com\/fr\/wp-json\/wp\/v2\/media\/56599"}],"wp:attachment":[{"href":"https:\/\/vitalstoffversand.com\/fr\/wp-json\/wp\/v2\/media?parent=20477"}],"wp:term":[{"taxonomy":"product_brand","embeddable":true,"href":"https:\/\/vitalstoffversand.com\/fr\/wp-json\/wp\/v2\/product_brand?post=20477"},{"taxonomy":"product_cat","embeddable":true,"href":"https:\/\/vitalstoffversand.com\/fr\/wp-json\/wp\/v2\/product_cat?post=20477"},{"taxonomy":"product_tag","embeddable":true,"href":"https:\/\/vitalstoffversand.com\/fr\/wp-json\/wp\/v2\/product_tag?post=20477"}],"curies":[{"name":"wp","href":"https:\/\/api.w.org\/{rel}","templated":true}]}}