{"id":20404,"date":"2024-11-10T12:55:01","date_gmt":"2024-11-10T11:55:01","guid":{"rendered":"https:\/\/vitalstoffversand.com\/produkt\/vit4ever-l-carnitine-180-gelules\/"},"modified":"2026-03-12T15:00:42","modified_gmt":"2026-03-12T14:00:42","slug":"vit4ever-l-carnitine-180-gelules","status":"publish","type":"product","link":"https:\/\/vitalstoffversand.com\/fr\/produit\/vit4ever-l-carnitine-180-gelules\/","title":{"rendered":"Vit4ever <br>L-Carnitine &#8211; 180 g\u00e9lules"},"content":{"rendered":"<p>La L-carnitine participe au m\u00e9tabolisme \u00e9nerg\u00e9tique et joue un r\u00f4le dans la m\u00e9tabolisation des acides gras pour produire de l&#8217;\u00e9nergie.<\/p>\n<p>Le tartrate de L-carnitine est une L-carnitine li\u00e9e \u00e0 l&#8217;acide tartrique et est tr\u00e8s rapidement absorb\u00e9e.<\/p>\n<ul>\n<li>V\u00e9gan<\/li>\n<li>Sans gluten<\/li>\n<li>Sans lactose<\/li>\n<li>Sans OGM<\/li>\n<li>Fabriqu\u00e9 selon les normes de qualit\u00e9 strictes de l&#8217;UE<\/li>\n<\/ul>\n","protected":false},"excerpt":{"rendered":"<p>La L-carnitine participe au m\u00e9tabolisme \u00e9nerg\u00e9tique et joue un r\u00f4le dans la m\u00e9tabolisation des acides gras pour produire de l&#8217;\u00e9nergie. Le tartrate de L-carnitine est une L-carnitine li\u00e9e \u00e0 l&#8217;acide tartrique et est tr\u00e8s rapidement absorb\u00e9e. V\u00e9gan Sans gluten Sans lactose Sans OGM Fabriqu\u00e9 selon les normes de qualit\u00e9 strictes de l&#8217;UE<\/p>\n","protected":false},"featured_media":49404,"template":"","meta":{"_acf_changed":false},"product_brand":[10217],"product_cat":[348,365],"product_tag":[],"class_list":{"0":"post-20404","1":"product","2":"type-product","3":"status-publish","4":"has-post-thumbnail","6":"product_brand-vit4ever-fr","7":"product_cat-nutriments","8":"product_cat-produits-de-a-a-z","10":"first","11":"instock","12":"taxable","13":"shipping-taxable","14":"purchasable","15":"product-type-simple"},"acf":[],"_links":{"self":[{"href":"https:\/\/vitalstoffversand.com\/fr\/wp-json\/wp\/v2\/product\/20404","targetHints":{"allow":["GET"]}}],"collection":[{"href":"https:\/\/vitalstoffversand.com\/fr\/wp-json\/wp\/v2\/product"}],"about":[{"href":"https:\/\/vitalstoffversand.com\/fr\/wp-json\/wp\/v2\/types\/product"}],"wp:featuredmedia":[{"embeddable":true,"href":"https:\/\/vitalstoffversand.com\/fr\/wp-json\/wp\/v2\/media\/49404"}],"wp:attachment":[{"href":"https:\/\/vitalstoffversand.com\/fr\/wp-json\/wp\/v2\/media?parent=20404"}],"wp:term":[{"taxonomy":"product_brand","embeddable":true,"href":"https:\/\/vitalstoffversand.com\/fr\/wp-json\/wp\/v2\/product_brand?post=20404"},{"taxonomy":"product_cat","embeddable":true,"href":"https:\/\/vitalstoffversand.com\/fr\/wp-json\/wp\/v2\/product_cat?post=20404"},{"taxonomy":"product_tag","embeddable":true,"href":"https:\/\/vitalstoffversand.com\/fr\/wp-json\/wp\/v2\/product_tag?post=20404"}],"curies":[{"name":"wp","href":"https:\/\/api.w.org\/{rel}","templated":true}]}}