{"id":1023,"date":"2024-10-15T17:15:07","date_gmt":"2024-10-15T15:15:07","guid":{"rendered":"https:\/\/dev.vitalstoffversand.com\/?post_type=product&#038;p=1023"},"modified":"2026-03-11T13:19:48","modified_gmt":"2026-03-11T12:19:48","slug":"natura-med-agaricus-en-poudre-biologique-kopie","status":"publish","type":"product","link":"https:\/\/vitalstoffversand.com\/fr\/produit\/natura-med-agaricus-en-poudre-biologique-kopie\/","title":{"rendered":"Natura Med <br>Poudre de cynorrhodon bio &#8211; 500 g"},"content":{"rendered":"<p>La poudre de cynorrhodon bio contient naturellement beaucoup de <strong><a href=\"https:\/\/vitalstoffversand.com\/knowledge-base\/vitamin-c\/\" target=\"_blank\" rel=\"noopener\">\u2192 vitamine C<\/a><\/strong>, des min\u00e9raux, de la provitamine A, <a href=\"https:\/\/vitalstoffversand.com\/knowledge-base\/vitamin-e\/\" target=\"_blank\" rel=\"noopener\"><strong>\u2192 vitamine E<\/strong><\/a>, <a href=\"https:\/\/vitalstoffversand.com\/knowledge-base\/vitamin-k\/\" target=\"_blank\" rel=\"noopener\"><strong>\u2192 vitamine K<\/strong><\/a>, les acides de fruits ainsi que les fibres et les tanins.<\/p>\n<p>Notre poudre de cynorrhodon bio est obtenue \u00e0 partir des fruits de Rosa canina et convient parfaitement comme compl\u00e9ment quotidien \u00e0 une alimentation \u00e9quilibr\u00e9e. Elle est \u00e9galement id\u00e9ale dans les smoothies, les mueslis ou les th\u00e9s.<\/p>\n<ul>\n<li>100 % naturel &#8211; sans additifs<\/li>\n<li>V\u00e9gan<\/li>\n<li>Sans gluten<\/li>\n<li>Sans lactose<\/li>\n<li>Sans OGM<\/li>\n<li>Fabriqu\u00e9 selon les normes de qualit\u00e9 strictes de l&#8217;UE<\/li>\n<\/ul>\n<p>&nbsp;<\/p>\n","protected":false},"excerpt":{"rendered":"<p>La poudre de cynorrhodon bio contient naturellement beaucoup de \u2192 vitamine C, des min\u00e9raux, de la provitamine A, \u2192 vitamine E, \u2192 vitamine K, les acides de fruits ainsi que les fibres et les tanins. Notre poudre de cynorrhodon bio est obtenue \u00e0 partir des fruits de Rosa canina et convient parfaitement comme compl\u00e9ment quotidien [&hellip;]<\/p>\n","protected":false},"featured_media":40505,"template":"","meta":{"_acf_changed":false},"product_brand":[10203],"product_cat":[348,306,365],"product_tag":[],"class_list":{"0":"post-1023","1":"product","2":"type-product","3":"status-publish","4":"has-post-thumbnail","6":"product_brand-natura-med-fr","7":"product_cat-nutriments","8":"product_cat-bio-fr","9":"product_cat-produits-de-a-a-z","11":"first","12":"instock","13":"taxable","14":"shipping-taxable","15":"purchasable","16":"product-type-simple"},"acf":[],"_links":{"self":[{"href":"https:\/\/vitalstoffversand.com\/fr\/wp-json\/wp\/v2\/product\/1023","targetHints":{"allow":["GET"]}}],"collection":[{"href":"https:\/\/vitalstoffversand.com\/fr\/wp-json\/wp\/v2\/product"}],"about":[{"href":"https:\/\/vitalstoffversand.com\/fr\/wp-json\/wp\/v2\/types\/product"}],"wp:featuredmedia":[{"embeddable":true,"href":"https:\/\/vitalstoffversand.com\/fr\/wp-json\/wp\/v2\/media\/40505"}],"wp:attachment":[{"href":"https:\/\/vitalstoffversand.com\/fr\/wp-json\/wp\/v2\/media?parent=1023"}],"wp:term":[{"taxonomy":"product_brand","embeddable":true,"href":"https:\/\/vitalstoffversand.com\/fr\/wp-json\/wp\/v2\/product_brand?post=1023"},{"taxonomy":"product_cat","embeddable":true,"href":"https:\/\/vitalstoffversand.com\/fr\/wp-json\/wp\/v2\/product_cat?post=1023"},{"taxonomy":"product_tag","embeddable":true,"href":"https:\/\/vitalstoffversand.com\/fr\/wp-json\/wp\/v2\/product_tag?post=1023"}],"curies":[{"name":"wp","href":"https:\/\/api.w.org\/{rel}","templated":true}]}}