{"id":2535,"date":"2024-08-20T15:52:40","date_gmt":"2024-08-20T13:52:40","guid":{"rendered":"https:\/\/dev.vitalstoffversand.com\/frais-dexpedition-livraison\/"},"modified":"2025-10-17T16:00:58","modified_gmt":"2025-10-17T14:00:58","slug":"frais-dexpedition-livraison","status":"publish","type":"page","link":"https:\/\/vitalstoffversand.com\/fr\/frais-dexpedition-livraison\/","title":{"rendered":"Frais d&#8217;exp\u00e9dition &amp; livraison"},"content":{"rendered":"\n<h2 class=\"wp-block-heading\">D\u00e9lais de livraison<\/h2>\n\n<p><br\/>Allemagne : 1 &#8211; 5 jours<br\/>Autres pays : 2 &#8211; 8 jours<\/p>\n<div class=\"wp-block-image\">\n<figure class=\"alignleft size-full\"><img decoding=\"async\" width=\"241\" height=\"149\" src=\"https:\/\/vitalstoffversand.com\/wp-content\/uploads\/2024\/10\/DHL-Gogreen.png\" alt=\"\" class=\"wp-image-2522\" srcset=\"https:\/\/vitalstoffversand.com\/wp-content\/uploads\/2024\/10\/DHL-Gogreen.png 241w, https:\/\/vitalstoffversand.com\/wp-content\/uploads\/2024\/10\/DHL-Gogreen-64x40.png 64w\" sizes=\"(max-width: 241px) 100vw, 241px\" \/><\/figure>\n<\/div>\n<p><\/p>\n\n<p><\/p>\n\n<p><\/p>\n\n<p><\/p>\n\n<h2 class=\"wp-block-heading\">Frais d&#8217;exp\u00e9dition<\/h2>\n\n<p>En plus des prix des produits indiqu\u00e9s, nous facturons des frais d&#8217;exp\u00e9dition forfaitaires pour la livraison, qui te sont communiqu\u00e9s en d\u00e9tail dans le syst\u00e8me du panier et sur la page de commande.<\/p>\n\n<p><strong>Allemagne:<\/strong><br\/><br\/>5,00 EUR (plus TVA d\u00e9pendant du panier)<br\/>Livraison gratuite \u00e0 partir de 75 EUR.<\/p>\n\n<p><strong>Union europ\u00e9enne (UE) :<\/strong><br\/><br\/>15,00 EUR (plus TVA d\u00e9pendant du panier)<br\/>Livraison gratuite \u00e0 partir de 200 EUR.<\/p>\n\n<p><strong>Islande, Liechtenstein, Norv\u00e8ge, Suisse et Royaume-Uni (UK) :<\/strong><br\/><br\/>22,00 EUR<sup> *)<\/sup><br\/>Livraison gratuite \u00e0 partir de 300 EUR. <sup>*)<\/sup><br\/><br\/><sup>*)<\/sup> Les \u00e9ventuels imp\u00f4ts, droits de douane et autres taxes doivent \u00eatre pay\u00e9s par le destinataire dans le pays de destination.<\/p>\n\n<hr class=\"wp-block-separator has-alpha-channel-opacity is-style-wide\"\/>\n\n<p><strong>Revendeurs (tous les pays) :<\/strong><\/p>\n\n<p> Frais d&#8217;envoi selon le poids<\/p>\n\n<p><\/p>\n","protected":false},"excerpt":{"rendered":"<p>D\u00e9lais de livraison Allemagne : 1 &#8211; 5 joursAutres pays : 2 &#8211; 8 jours Frais d&#8217;exp\u00e9dition En plus des prix des produits indiqu\u00e9s, nous facturons des frais d&#8217;exp\u00e9dition forfaitaires pour la livraison, qui te sont communiqu\u00e9s en d\u00e9tail dans le syst\u00e8me du panier et sur la page de commande. Allemagne: 5,00 EUR (plus TVA [&hellip;]<\/p>\n","protected":false},"author":1,"featured_media":0,"parent":0,"menu_order":0,"comment_status":"closed","ping_status":"closed","template":"","meta":{"_acf_changed":false,"footnotes":""},"class_list":["post-2535","page","type-page","status-publish","hentry"],"acf":[],"_links":{"self":[{"href":"https:\/\/vitalstoffversand.com\/fr\/wp-json\/wp\/v2\/pages\/2535","targetHints":{"allow":["GET"]}}],"collection":[{"href":"https:\/\/vitalstoffversand.com\/fr\/wp-json\/wp\/v2\/pages"}],"about":[{"href":"https:\/\/vitalstoffversand.com\/fr\/wp-json\/wp\/v2\/types\/page"}],"author":[{"embeddable":true,"href":"https:\/\/vitalstoffversand.com\/fr\/wp-json\/wp\/v2\/users\/1"}],"replies":[{"embeddable":true,"href":"https:\/\/vitalstoffversand.com\/fr\/wp-json\/wp\/v2\/comments?post=2535"}],"version-history":[{"count":0,"href":"https:\/\/vitalstoffversand.com\/fr\/wp-json\/wp\/v2\/pages\/2535\/revisions"}],"wp:attachment":[{"href":"https:\/\/vitalstoffversand.com\/fr\/wp-json\/wp\/v2\/media?parent=2535"}],"curies":[{"name":"wp","href":"https:\/\/api.w.org\/{rel}","templated":true}]}}