{"id":828,"date":"2023-10-14T18:04:22","date_gmt":"2023-10-14T16:04:22","guid":{"rendered":"https:\/\/dev.vitalstoffversand.com\/?post_type=product&#038;p=828"},"modified":"2026-03-10T15:13:37","modified_gmt":"2026-03-10T14:13:37","slug":"b2b-natura-med-hericium-ecologico-en-polvo-kopie","status":"publish","type":"product","link":"https:\/\/vitalstoffversand.com\/es\/producto\/b2b-natura-med-hericium-ecologico-en-polvo-kopie\/","title":{"rendered":"Polvo de Coriolus ecol\u00f3gico &#8211; Producto a granel x 100 g"},"content":{"rendered":"<p>El hongo reishi (Ganoderma lucidum) tambi\u00e9n se conoce como ling zi u hongo de laca brillante y se considera el rey de los hongos medicinales y medicinales.<\/p>\n<p>El hongo reishi contiene m\u00e1s de 400 sustancias bioactivas, incluidos unos 140 triterpenos diferentes, 100 polisac\u00e1ridos distintos, as\u00ed como potasio, calcio, magnesio, selenio, zinc, hierro, cobre, vitaminas B1, B2, B3, B5 y D y todos los amino\u00e1cidos esenciales.<\/p>\n<p>En comparaci\u00f3n con muchos otros productos del mercado, nuestro polvo de hongo reishi ecol\u00f3gico se cultiva y procesa seg\u00fan las normas m\u00e1s estrictas.  <\/p>\n","protected":false},"excerpt":{"rendered":"<p>El hongo reishi (Ganoderma lucidum) tambi\u00e9n se conoce como ling zi u hongo de laca brillante y se considera el rey de los hongos medicinales y medicinales. El hongo reishi contiene m\u00e1s de 400 sustancias bioactivas, incluidos unos 140 triterpenos diferentes, 100 polisac\u00e1ridos distintos, as\u00ed como potasio, calcio, magnesio, selenio, zinc, hierro, cobre, vitaminas B1, [&hellip;]<\/p>\n","protected":false},"featured_media":40481,"template":"","meta":{"_acf_changed":false},"product_brand":[],"product_cat":[370],"product_tag":[],"class_list":{"0":"post-828","1":"product","2":"type-product","3":"status-publish","4":"has-post-thumbnail","6":"product_cat-b2b-es","8":"first","9":"onbackorder","10":"taxable","11":"shipping-taxable","12":"purchasable","13":"product-type-simple"},"acf":[],"_links":{"self":[{"href":"https:\/\/vitalstoffversand.com\/es\/wp-json\/wp\/v2\/product\/828","targetHints":{"allow":["GET"]}}],"collection":[{"href":"https:\/\/vitalstoffversand.com\/es\/wp-json\/wp\/v2\/product"}],"about":[{"href":"https:\/\/vitalstoffversand.com\/es\/wp-json\/wp\/v2\/types\/product"}],"wp:featuredmedia":[{"embeddable":true,"href":"https:\/\/vitalstoffversand.com\/es\/wp-json\/wp\/v2\/media\/40481"}],"wp:attachment":[{"href":"https:\/\/vitalstoffversand.com\/es\/wp-json\/wp\/v2\/media?parent=828"}],"wp:term":[{"taxonomy":"product_brand","embeddable":true,"href":"https:\/\/vitalstoffversand.com\/es\/wp-json\/wp\/v2\/product_brand?post=828"},{"taxonomy":"product_cat","embeddable":true,"href":"https:\/\/vitalstoffversand.com\/es\/wp-json\/wp\/v2\/product_cat?post=828"},{"taxonomy":"product_tag","embeddable":true,"href":"https:\/\/vitalstoffversand.com\/es\/wp-json\/wp\/v2\/product_tag?post=828"}],"curies":[{"name":"wp","href":"https:\/\/api.w.org\/{rel}","templated":true}]}}