{"id":674,"date":"2024-10-11T15:42:45","date_gmt":"2024-10-11T13:42:45","guid":{"rendered":"https:\/\/dev.vitalstoffversand.com\/?post_type=product&#038;p=674"},"modified":"2026-03-11T12:47:12","modified_gmt":"2026-03-11T11:47:12","slug":"natura-med-reishi-ecologico-en-polvo-kopie-2","status":"publish","type":"product","link":"https:\/\/vitalstoffversand.com\/es\/producto\/natura-med-reishi-ecologico-en-polvo-kopie-2\/","title":{"rendered":"Natura Med <br>Polvo de seta Hericium ecol\u00f3gica &#8211; 100 g"},"content":{"rendered":"<p>El Hericium erinaceus tambi\u00e9n se conoce con los nombres de \u00abbarba de erizo\u00bb, \u00abseta cabeza de mono\u00bb, \u00abmelena de le\u00f3n\u00bb o \u00abLion\u2019s Mane\u00bb, y en Francia como \u00abPompon blanc\u00bb.<\/p>\n<p>El hongo es originario de Asia, donde se aprecia y utiliza tradicionalmente desde hace siglos.<\/p>\n<p>En comparaci\u00f3n con muchos otros productos del mercado, nuestro polvo de setas se cultiva y procesa seg\u00fan las normas m\u00e1s estrictas.<\/p>\n<ul>\n<li>100 % natural &#8211; sin aditivos<\/li>\n<li>Vegano<\/li>\n<li>Sin gluten<\/li>\n<li>Sin lactosa<\/li>\n<li>Sin OGM<\/li>\n<li>Fabricado seg\u00fan los estrictos est\u00e1ndares de calidad de la UE.<\/li>\n<\/ul>\n","protected":false},"excerpt":{"rendered":"<p>El polvo de hongo Hericium ecol\u00f3gico es un hongo medicinal muy apreciado tradicionalmente. Natural, vegano y procesado cuidadosamente para obtener la mejor calidad y una alta biodisponibilidad.<\/p>\n","protected":false},"featured_media":40309,"template":"","meta":{"_acf_changed":false},"product_brand":[10205],"product_cat":[371,303,363],"product_tag":[],"class_list":{"0":"post-674","1":"product","2":"type-product","3":"status-publish","4":"has-post-thumbnail","6":"product_brand-natura-med-es","7":"product_cat-setas-vitales","8":"product_cat-ecologico","9":"product_cat-productos-de-a-z","11":"first","12":"instock","13":"taxable","14":"shipping-taxable","15":"purchasable","16":"product-type-simple"},"acf":[],"_links":{"self":[{"href":"https:\/\/vitalstoffversand.com\/es\/wp-json\/wp\/v2\/product\/674","targetHints":{"allow":["GET"]}}],"collection":[{"href":"https:\/\/vitalstoffversand.com\/es\/wp-json\/wp\/v2\/product"}],"about":[{"href":"https:\/\/vitalstoffversand.com\/es\/wp-json\/wp\/v2\/types\/product"}],"wp:featuredmedia":[{"embeddable":true,"href":"https:\/\/vitalstoffversand.com\/es\/wp-json\/wp\/v2\/media\/40309"}],"wp:attachment":[{"href":"https:\/\/vitalstoffversand.com\/es\/wp-json\/wp\/v2\/media?parent=674"}],"wp:term":[{"taxonomy":"product_brand","embeddable":true,"href":"https:\/\/vitalstoffversand.com\/es\/wp-json\/wp\/v2\/product_brand?post=674"},{"taxonomy":"product_cat","embeddable":true,"href":"https:\/\/vitalstoffversand.com\/es\/wp-json\/wp\/v2\/product_cat?post=674"},{"taxonomy":"product_tag","embeddable":true,"href":"https:\/\/vitalstoffversand.com\/es\/wp-json\/wp\/v2\/product_tag?post=674"}],"curies":[{"name":"wp","href":"https:\/\/api.w.org\/{rel}","templated":true}]}}